{"id":7785,"date":"2025-10-22T09:57:10","date_gmt":"2025-10-22T09:57:10","guid":{"rendered":"https:\/\/centromediconaturae.com\/cosmetic-surgery\/upper-blepharoplasty\/"},"modified":"2026-01-05T12:39:28","modified_gmt":"2026-01-05T12:39:28","slug":"upper-blepharoplasty","status":"publish","type":"page","link":"https:\/\/centromediconaturae.com\/en\/cosmetic-surgery\/upper-blepharoplasty\/","title":{"rendered":"Upper Blepharoplasty"},"content":{"rendered":"\t\t<div data-elementor-type=\"wp-page\" data-elementor-id=\"7785\" class=\"elementor elementor-7785 elementor-7409\" data-elementor-post-type=\"page\">\n\t\t\t\t\t\t<section class=\"elementor-section elementor-top-section elementor-element elementor-element-f688ea0 elementor-reverse-tablet elementor-reverse-mobile elementor-section-boxed elementor-section-height-default elementor-section-height-default\" data-id=\"f688ea0\" data-element_type=\"section\">\n\t\t\t\t\t\t<div class=\"elementor-container elementor-column-gap-default\">\n\t\t\t\t\t<div class=\"elementor-column elementor-col-50 elementor-top-column elementor-element elementor-element-46fd604\" data-id=\"46fd604\" data-element_type=\"column\">\n\t\t\t<div class=\"elementor-widget-wrap elementor-element-populated\">\n\t\t\t\t\t\t<div class=\"elementor-element elementor-element-dbb50ad elementor-widget elementor-widget-heading\" data-id=\"dbb50ad\" data-element_type=\"widget\" data-widget_type=\"heading.default\">\n\t\t\t\t<div class=\"elementor-widget-container\">\n\t\t\t\t\t<h2 class=\"elementor-heading-title elementor-size-default\">Rejuvenate your eyes without losing naturalness<\/h2>\t\t\t\t<\/div>\n\t\t\t\t<\/div>\n\t\t\t\t<div class=\"elementor-element elementor-element-ef6410e elementor-widget elementor-widget-heading\" data-id=\"ef6410e\" data-element_type=\"widget\" data-widget_type=\"heading.default\">\n\t\t\t\t<div class=\"elementor-widget-container\">\n\t\t\t\t\t<h2 class=\"elementor-heading-title elementor-size-default\">Immediate and lasting results<\/h2>\t\t\t\t<\/div>\n\t\t\t\t<\/div>\n\t\t\t\t<div class=\"elementor-element elementor-element-3144b60 elementor-widget elementor-widget-text-editor\" data-id=\"3144b60\" data-element_type=\"widget\" data-widget_type=\"text-editor.default\">\n\t\t\t\t<div class=\"elementor-widget-container\">\n\t\t\t\t\t\t\t\t\t<p data-start=\"399\" data-end=\"555\">Upper blepharoplasty removes excess skin and fat from the eyelid to achieve a more rested, fresh, and luminous look, without altering your expression.<\/p>\t\t\t\t\t\t\t\t<\/div>\n\t\t\t\t<\/div>\n\t\t\t\t<div class=\"elementor-element elementor-element-6e6ea16 elementor-widget elementor-widget-text-editor\" data-id=\"6e6ea16\" data-element_type=\"widget\" data-widget_type=\"text-editor.default\">\n\t\t\t\t<div class=\"elementor-widget-container\">\n\t\t\t\t\t\t\t\t\t<p>It rejuvenates the eyes, reduces the appearance of tiredness, and restores freshness to the face without modifying its natural expression.<\/p><p>It is performed under local anesthesia on an outpatient basis, through a small incision in the eyelid crease that leaves a practically invisible scar.<\/p><p>Recovery is quick, and the results are lasting and natural, with a more open, rested, and luminous look.<\/p>\t\t\t\t\t\t\t\t<\/div>\n\t\t\t\t<\/div>\n\t\t\t\t\t<\/div>\n\t\t<\/div>\n\t\t\t\t<div class=\"elementor-column elementor-col-50 elementor-top-column elementor-element elementor-element-e18fcb7\" data-id=\"e18fcb7\" data-element_type=\"column\">\n\t\t\t<div class=\"elementor-widget-wrap elementor-element-populated\">\n\t\t\t\t\t\t<div class=\"elementor-element elementor-element-f331baf elementor-hidden-tablet elementor-hidden-mobile elementor-widget elementor-widget-image\" data-id=\"f331baf\" data-element_type=\"widget\" data-widget_type=\"image.default\">\n\t\t\t\t<div class=\"elementor-widget-container\">\n\t\t\t\t\t\t\t\t\t\t\t\t\t\t\t<img fetchpriority=\"high\" decoding=\"async\" width=\"600\" height=\"425\" src=\"https:\/\/centromediconaturae.com\/wp-content\/uploads\/2025\/10\/blefaroplastia-superior-2.jpg\" class=\"attachment-full size-full wp-image-7784\" alt=\"Upper Blepharoplasty\" srcset=\"https:\/\/centromediconaturae.com\/wp-content\/uploads\/2025\/10\/blefaroplastia-superior-2.jpg 600w, https:\/\/centromediconaturae.com\/wp-content\/uploads\/2025\/10\/blefaroplastia-superior-2-300x213.jpg 300w\" sizes=\"(max-width: 600px) 100vw, 600px\" \/>\t\t\t\t\t\t\t\t\t\t\t\t\t\t\t<\/div>\n\t\t\t\t<\/div>\n\t\t\t\t<section class=\"elementor-section elementor-inner-section elementor-element elementor-element-778fd2c elementor-section-boxed elementor-section-height-default elementor-section-height-default\" data-id=\"778fd2c\" data-element_type=\"section\" data-settings=\"{&quot;background_background&quot;:&quot;classic&quot;}\">\n\t\t\t\t\t\t<div class=\"elementor-container elementor-column-gap-default\">\n\t\t\t\t\t<div class=\"elementor-column elementor-col-25 elementor-inner-column elementor-element elementor-element-36e9f16\" data-id=\"36e9f16\" data-element_type=\"column\">\n\t\t\t<div class=\"elementor-widget-wrap elementor-element-populated\">\n\t\t\t\t\t\t<div class=\"elementor-element elementor-element-e4abcc4 elementor-view-default elementor-position-top elementor-mobile-position-top elementor-widget elementor-widget-icon-box\" data-id=\"e4abcc4\" data-element_type=\"widget\" data-widget_type=\"icon-box.default\">\n\t\t\t\t<div class=\"elementor-widget-container\">\n\t\t\t\t\t\t\t<div class=\"elementor-icon-box-wrapper\">\n\n\t\t\t\t\t\t<div class=\"elementor-icon-box-icon\">\n\t\t\t\t<span  class=\"elementor-icon\">\n\t\t\t\t<svg xmlns=\"http:\/\/www.w3.org\/2000\/svg\" viewBox=\"0 0 368.02 368.02\"><g id=\"Capa_2\" data-name=\"Capa 2\"><g id=\"Icons\"><path d=\"M184,368C82.55,368,0,285.47,0,184S82.55,0,184,0A183.92,183.92,0,0,1,368,184C368,285.47,285.47,368,184,368Zm0-352C91.37,16,16,91.37,16,184S91.37,352,184,352s168-75.37,168-168S276.65,16,184,16Z\"><\/path><path d=\"M184,78.91a8,8,0,0,1-8-8V45.65a8,8,0,0,1,16,0V70.91A8,8,0,0,1,184,78.91Z\"><\/path><path d=\"M184,330.2a8,8,0,0,1-8-8V297.11a8,8,0,0,1,16,0V322.2A8,8,0,0,1,184,330.2Z\"><\/path><path d=\"M322.38,192H297.11a8,8,0,0,1,0-16h25.27a8,8,0,0,1,0,16Z\"><\/path><path d=\"M70.91,192H45.81a8,8,0,0,1,0-16h25.1a8,8,0,0,1,0,16Z\"><\/path><path d=\"M234.37,242.2a8,8,0,0,1-5.65-2.34l-50.36-50.19A8,8,0,0,1,176,184V108.55a8,8,0,0,1,16,0v72.14l48,47.84a8,8,0,0,1-5.64,13.67Z\"><\/path><\/g><\/g><\/svg>\t\t\t\t<\/span>\n\t\t\t<\/div>\n\t\t\t\n\t\t\t\t\t\t<div class=\"elementor-icon-box-content\">\n\n\t\t\t\t\t\t\t\t\t<div class=\"elementor-icon-box-title\">\n\t\t\t\t\t\t<span  >\n\t\t\t\t\t\t\tSurgical time\t\t\t\t\t\t<\/span>\n\t\t\t\t\t<\/div>\n\t\t\t\t\n\t\t\t\t\t\t\t\t\t<p class=\"elementor-icon-box-description\">\n\t\t\t\t\t\t45-60min\t\t\t\t\t<\/p>\n\t\t\t\t\n\t\t\t<\/div>\n\t\t\t\n\t\t<\/div>\n\t\t\t\t\t\t<\/div>\n\t\t\t\t<\/div>\n\t\t\t\t\t<\/div>\n\t\t<\/div>\n\t\t\t\t<div class=\"elementor-column elementor-col-25 elementor-inner-column elementor-element elementor-element-898efbe\" data-id=\"898efbe\" data-element_type=\"column\">\n\t\t\t<div class=\"elementor-widget-wrap elementor-element-populated\">\n\t\t\t\t\t\t<div class=\"elementor-element elementor-element-dd8d0f9 elementor-view-default elementor-position-top elementor-mobile-position-top elementor-widget elementor-widget-icon-box\" data-id=\"dd8d0f9\" data-element_type=\"widget\" data-widget_type=\"icon-box.default\">\n\t\t\t\t<div class=\"elementor-widget-container\">\n\t\t\t\t\t\t\t<div class=\"elementor-icon-box-wrapper\">\n\n\t\t\t\t\t\t<div class=\"elementor-icon-box-icon\">\n\t\t\t\t<span  class=\"elementor-icon\">\n\t\t\t\t<svg xmlns=\"http:\/\/www.w3.org\/2000\/svg\" viewBox=\"0 0 201.24 202.46\"><g id=\"Capa_2\" data-name=\"Capa 2\"><g id=\"_Layer_\" data-name=\"&lt;Layer&gt;\"><path d=\"M72.27,151.92a4.5,4.5,0,0,1-3.19-1.33L51.85,133.24a4.52,4.52,0,0,1-1.13-4.45l6.12-20.72A4.56,4.56,0,0,1,58,106.18l79.18-79.91a4.5,4.5,0,0,1,6.39,6.34l-78.38,79.1-5,17.08,13.57,13.67,17.87-4.28,78.39-79.11a4.5,4.5,0,1,1,6.39,6.34l-79.3,80a4.42,4.42,0,0,1-2.14,1.21L73.32,151.8A4.7,4.7,0,0,1,72.27,151.92Z\"><\/path><path d=\"M186.24,78.6a4.48,4.48,0,0,1-3.18-1.32l-60-60a4.5,4.5,0,0,1,6.36-6.36l60,60a4.5,4.5,0,0,1-3.18,7.68Z\"><\/path><rect x=\"154.94\" y=\"25.6\" width=\"30.6\" height=\"9\" transform=\"translate(28.59 129.21) rotate(-45)\"><\/rect><path d=\"M196.74,45a4.48,4.48,0,0,1-3.18-1.32l-36-36a4.5,4.5,0,0,1,6.36-6.36l36,36A4.5,4.5,0,0,1,196.74,45Z\"><\/path><path d=\"M51.71,166.91a16.16,16.16,0,0,1-11.5-27.53L51.75,127a4.5,4.5,0,1,1,6.58,6.13L46.75,145.57l-.11.12a7.08,7.08,0,0,0-2.1,5.06,7.17,7.17,0,0,0,12.24,5.07l.09-.09,12.32-11.59a4.5,4.5,0,0,1,6.17,6.56L63.09,162.24A16.16,16.16,0,0,1,51.71,166.91Z\"><\/path><path d=\"M4.5,202.46a4.5,4.5,0,0,1-3.18-7.68l39-39a4.5,4.5,0,0,1,6.37,6.37l-39,38.95A4.48,4.48,0,0,1,4.5,202.46Z\"><\/path><path d=\"M120.63,78a4.48,4.48,0,0,1-3.18-1.32l-12-12a4.5,4.5,0,1,1,6.36-6.36l12,12A4.5,4.5,0,0,1,120.63,78Z\"><\/path><path d=\"M101.7,97.08a4.52,4.52,0,0,1-3.19-1.31l-12-12a4.5,4.5,0,0,1,6.37-6.37l12,12a4.5,4.5,0,0,1-3.18,7.68Z\"><\/path><path d=\"M84,114.9a4.47,4.47,0,0,1-3.18-1.32l-12-12a4.5,4.5,0,0,1,6.36-6.37l12,12A4.51,4.51,0,0,1,84,114.9Z\"><\/path><path d=\"M138.24,60.4a4.48,4.48,0,0,1-3.18-1.32l-12-12a4.5,4.5,0,0,1,6.36-6.36l12,12a4.5,4.5,0,0,1-3.18,7.68Z\"><\/path><\/g><\/g><\/svg>\t\t\t\t<\/span>\n\t\t\t<\/div>\n\t\t\t\n\t\t\t\t\t\t<div class=\"elementor-icon-box-content\">\n\n\t\t\t\t\t\t\t\t\t<div class=\"elementor-icon-box-title\">\n\t\t\t\t\t\t<span  >\n\t\t\t\t\t\t\tAnesthesia\t\t\t\t\t\t<\/span>\n\t\t\t\t\t<\/div>\n\t\t\t\t\n\t\t\t\t\t\t\t\t\t<p class=\"elementor-icon-box-description\">\n\t\t\t\t\t\tLocal\t\t\t\t\t<\/p>\n\t\t\t\t\n\t\t\t<\/div>\n\t\t\t\n\t\t<\/div>\n\t\t\t\t\t\t<\/div>\n\t\t\t\t<\/div>\n\t\t\t\t\t<\/div>\n\t\t<\/div>\n\t\t\t\t<div class=\"elementor-column elementor-col-25 elementor-inner-column elementor-element elementor-element-98d219e\" data-id=\"98d219e\" data-element_type=\"column\">\n\t\t\t<div class=\"elementor-widget-wrap elementor-element-populated\">\n\t\t\t\t\t\t<div class=\"elementor-element elementor-element-4d84c81 elementor-view-default elementor-position-top elementor-mobile-position-top elementor-widget elementor-widget-icon-box\" data-id=\"4d84c81\" data-element_type=\"widget\" data-widget_type=\"icon-box.default\">\n\t\t\t\t<div class=\"elementor-widget-container\">\n\t\t\t\t\t\t\t<div class=\"elementor-icon-box-wrapper\">\n\n\t\t\t\t\t\t<div class=\"elementor-icon-box-icon\">\n\t\t\t\t<span  class=\"elementor-icon\">\n\t\t\t\t<svg xmlns=\"http:\/\/www.w3.org\/2000\/svg\" viewBox=\"0 0 769.92 690.45\"><g id=\"Capa_2\" data-name=\"Capa 2\"><g id=\"&#xD1;&#xEB;&#xEE;&#xE9;_1\" data-name=\"&#xD1;&#xEB;&#xEE;&#xE9; 1\"><path d=\"M553,45.26a167.45,167.45,0,0,1,119.2,49.35l3.09,3.09c65.72,65.72,65.72,172.67,0,238.39L658.44,353,385,626.44,148.54,390l-37-37L94.64,336.09c-65.72-65.72-65.72-172.67,0-238.39l3-3a168.57,168.57,0,0,1,238.39,0L353,111.48l32,32,32-32,16.86-16.87A167.45,167.45,0,0,1,553,45.26M553,0a213.16,213.16,0,0,0-151.2,62.61L385,79.48,368.08,62.61a213.85,213.85,0,0,0-302.4,0l-3,3c-83.52,83.53-83.52,218.88,0,302.41L79.51,385l37,37L385,690.45,690.44,385l16.87-16.86c83.48-83.48,83.48-218.93,0-302.41l-3.09-3.08A213.16,213.16,0,0,0,553,0Z\"><\/path><\/g><\/g><\/svg>\t\t\t\t<\/span>\n\t\t\t<\/div>\n\t\t\t\n\t\t\t\t\t\t<div class=\"elementor-icon-box-content\">\n\n\t\t\t\t\t\t\t\t\t<div class=\"elementor-icon-box-title\">\n\t\t\t\t\t\t<span  >\n\t\t\t\t\t\t\tResult\t\t\t\t\t\t<\/span>\n\t\t\t\t\t<\/div>\n\t\t\t\t\n\t\t\t\t\t\t\t\t\t<p class=\"elementor-icon-box-description\">\n\t\t\t\t\t\timmediate\t\t\t\t\t<\/p>\n\t\t\t\t\n\t\t\t<\/div>\n\t\t\t\n\t\t<\/div>\n\t\t\t\t\t\t<\/div>\n\t\t\t\t<\/div>\n\t\t\t\t\t<\/div>\n\t\t<\/div>\n\t\t\t\t<div class=\"elementor-column elementor-col-25 elementor-inner-column elementor-element elementor-element-9a286b1\" data-id=\"9a286b1\" data-element_type=\"column\">\n\t\t\t<div class=\"elementor-widget-wrap elementor-element-populated\">\n\t\t\t\t\t\t<div class=\"elementor-element elementor-element-881ec1e elementor-view-default elementor-position-top elementor-mobile-position-top elementor-widget elementor-widget-icon-box\" data-id=\"881ec1e\" data-element_type=\"widget\" data-widget_type=\"icon-box.default\">\n\t\t\t\t<div class=\"elementor-widget-container\">\n\t\t\t\t\t\t\t<div class=\"elementor-icon-box-wrapper\">\n\n\t\t\t\t\t\t<div class=\"elementor-icon-box-icon\">\n\t\t\t\t<span  class=\"elementor-icon\">\n\t\t\t\t<svg xmlns=\"http:\/\/www.w3.org\/2000\/svg\" viewBox=\"0 0 100 79.586\"><g id=\"Capa_2\" data-name=\"Capa 2\"><g id=\"Capa_1-2\" data-name=\"Capa 1\"><path d=\"M23.172,0A1.567,1.567,0,0,0,21.6,1.566v7.7a1.562,1.562,0,0,0,1.57,1.554h1.52V20.875H5.938a1.567,1.567,0,0,0-1.567,1.571V68.77H1.57a1.548,1.548,0,0,0-1.113.457A1.572,1.572,0,0,0,0,70.336v7.7a1.562,1.562,0,0,0,1.57,1.554H98.445A1.564,1.564,0,0,0,100,78.032v-7.7a1.558,1.558,0,0,0-1.555-1.566H95.633l0-46.324a1.561,1.561,0,0,0-.453-1.11,1.585,1.585,0,0,0-1.106-.46H75.3V10.817h1.535A1.56,1.56,0,0,0,78.4,9.262V1.567A1.567,1.567,0,0,0,76.839,0Zm1.555,3.125H75.27V7.7l-50.543,0Zm3.09,7.7H72.188V68.769H61.922l0-15.805a1.56,1.56,0,0,0-1.567-1.558H39.64a1.56,1.56,0,0,0-1.555,1.558v15.8H27.819V22.445ZM46.2,14.949l0,0A1.564,1.564,0,0,0,45.1,15.4a1.546,1.546,0,0,0-.461,1.106v3.9H40.75v0a1.566,1.566,0,0,0-1.57,1.559v7.6a1.562,1.562,0,0,0,1.57,1.554h3.887v3.9A1.556,1.556,0,0,0,46.2,36.574h7.59a1.562,1.562,0,0,0,1.571-1.554v-3.9H59.25v0a1.562,1.562,0,0,0,1.571-1.554v-7.6A1.566,1.566,0,0,0,59.25,20.4H55.364V16.508a1.567,1.567,0,0,0-1.571-1.563Zm1.558,3.129h4.473v3.887l.008,0a1.558,1.558,0,0,0,1.554,1.566h3.9v4.465h-3.9a1.562,1.562,0,0,0-1.554,1.57v3.887H47.766V29.562h0a1.559,1.559,0,0,0-.453-1.109,1.584,1.584,0,0,0-1.106-.461h-3.9V23.527h3.9a1.56,1.56,0,0,0,1.559-1.566ZM7.488,24h17.2V68.77H7.488ZM75.3,24h17.2V68.77H75.3ZM12.641,33.773a1.551,1.551,0,0,0-1.1.461,1.561,1.561,0,0,0,1.1,2.665h6.91a1.563,1.563,0,0,0,0-3.126Zm67.809,0a1.563,1.563,0,0,0,0,3.126h6.91a1.563,1.563,0,1,0,0-3.126ZM39.458,42.109a1.56,1.56,0,0,0-1.57,1.559,1.572,1.572,0,0,0,.457,1.109,1.548,1.548,0,0,0,1.113.457H60.54a1.551,1.551,0,0,0,1.114-.457,1.563,1.563,0,0,0-1.114-2.668ZM12.642,44.82a1.565,1.565,0,0,0,0,3.129h6.91a1.566,1.566,0,0,0,1.1-2.668,1.577,1.577,0,0,0-1.1-.461Zm67.809,0a1.565,1.565,0,0,0,0,3.129h6.91a1.56,1.56,0,0,0,1.571-1.558,1.567,1.567,0,0,0-1.571-1.571ZM41.213,54.535H58.8V68.769H41.213Zm-28.57,1.336a1.551,1.551,0,0,0-1.1.461A1.561,1.561,0,0,0,12.643,59h6.91a1.563,1.563,0,0,0,0-3.125Zm67.809,0a1.563,1.563,0,0,0,0,3.125h6.91a1.563,1.563,0,1,0,0-3.125ZM3.128,71.894h93.75v4.57l-93.75,0Z\"><\/path><\/g><\/g><\/svg>\t\t\t\t<\/span>\n\t\t\t<\/div>\n\t\t\t\n\t\t\t\t\t\t<div class=\"elementor-icon-box-content\">\n\n\t\t\t\t\t\t\t\t\t<div class=\"elementor-icon-box-title\">\n\t\t\t\t\t\t<span  >\n\t\t\t\t\t\t\tHospitalization\t\t\t\t\t\t<\/span>\n\t\t\t\t\t<\/div>\n\t\t\t\t\n\t\t\t\t\t\t\t\t\t<p class=\"elementor-icon-box-description\">\n\t\t\t\t\t\toutpatient\t\t\t\t\t<\/p>\n\t\t\t\t\n\t\t\t<\/div>\n\t\t\t\n\t\t<\/div>\n\t\t\t\t\t\t<\/div>\n\t\t\t\t<\/div>\n\t\t\t\t\t<\/div>\n\t\t<\/div>\n\t\t\t\t\t<\/div>\n\t\t<\/section>\n\t\t\t\t<div class=\"elementor-element elementor-element-60a0aa4 elementor-hidden-desktop elementor-widget elementor-widget-image\" data-id=\"60a0aa4\" data-element_type=\"widget\" data-widget_type=\"image.default\">\n\t\t\t\t<div class=\"elementor-widget-container\">\n\t\t\t\t\t\t\t\t\t\t\t\t\t\t\t<img fetchpriority=\"high\" decoding=\"async\" width=\"600\" height=\"425\" src=\"https:\/\/centromediconaturae.com\/wp-content\/uploads\/2025\/10\/blefaroplastia-superior-2.jpg\" class=\"attachment-full size-full wp-image-7784\" alt=\"Upper Blepharoplasty\" srcset=\"https:\/\/centromediconaturae.com\/wp-content\/uploads\/2025\/10\/blefaroplastia-superior-2.jpg 600w, https:\/\/centromediconaturae.com\/wp-content\/uploads\/2025\/10\/blefaroplastia-superior-2-300x213.jpg 300w\" sizes=\"(max-width: 600px) 100vw, 600px\" \/>\t\t\t\t\t\t\t\t\t\t\t\t\t\t\t<\/div>\n\t\t\t\t<\/div>\n\t\t\t\t\t<\/div>\n\t\t<\/div>\n\t\t\t\t\t<\/div>\n\t\t<\/section>\n\t\t\t\t<\/div>\n\t\t","protected":false},"excerpt":{"rendered":"<p>Rejuvenate your eyes without losing naturalness Immediate and lasting results Upper blepharoplasty removes excess skin and fat from the eyelid to achieve a more rested, fresh, and luminous look, without altering your expression. It rejuvenates the eyes, reduces the appearance of tiredness, and restores freshness to the face without modifying its natural expression. It is &hellip;<\/p>\n<p class=\"read-more\"> <a class=\"\" href=\"https:\/\/centromediconaturae.com\/en\/cosmetic-surgery\/upper-blepharoplasty\/\"> <span class=\"screen-reader-text\">Upper Blepharoplasty<\/span> Read More &raquo;<\/a><\/p>\n","protected":false},"author":1,"featured_media":0,"parent":7766,"menu_order":0,"comment_status":"closed","ping_status":"closed","template":"","meta":{"site-sidebar-layout":"no-sidebar","site-content-layout":"page-builder","ast-global-header-display":"","ast-main-header-display":"","ast-hfb-above-header-display":"","ast-hfb-below-header-display":"","ast-hfb-mobile-header-display":"","site-post-title":"disabled","ast-breadcrumbs-content":"","ast-featured-img":"disabled","footer-sml-layout":"","theme-transparent-header-meta":"default","adv-header-id-meta":"","stick-header-meta":"","header-above-stick-meta":"","header-main-stick-meta":"","header-below-stick-meta":"","footnotes":""},"class_list":["post-7785","page","type-page","status-publish","hentry"],"yoast_head":"<!-- This site is optimized with the Yoast SEO plugin v20.1 - https:\/\/yoast.com\/wordpress\/plugins\/seo\/ -->\n<title>Upper Blepharoplasty | Centro M\u00e9dico Naturae<\/title>\n<meta name=\"robots\" content=\"index, follow, max-snippet:-1, max-image-preview:large, max-video-preview:-1\" \/>\n<link rel=\"canonical\" href=\"https:\/\/centromediconaturae.com\/en\/cosmetic-surgery\/upper-blepharoplasty\/\" \/>\n<meta property=\"og:locale\" content=\"en_US\" \/>\n<meta property=\"og:type\" content=\"article\" \/>\n<meta property=\"og:title\" content=\"Upper Blepharoplasty | Centro M\u00e9dico Naturae\" \/>\n<meta property=\"og:description\" content=\"Rejuvenate your eyes without losing naturalness Immediate and lasting results Upper blepharoplasty removes excess skin and fat from the eyelid to achieve a more rested, fresh, and luminous look, without altering your expression. It rejuvenates the eyes, reduces the appearance of tiredness, and restores freshness to the face without modifying its natural expression. It is &hellip; Upper Blepharoplasty Read More &raquo;\" \/>\n<meta property=\"og:url\" content=\"https:\/\/centromediconaturae.com\/en\/cosmetic-surgery\/upper-blepharoplasty\/\" \/>\n<meta property=\"og:site_name\" content=\"Centro M\u00e9dico Naturae\" \/>\n<meta property=\"article:modified_time\" content=\"2026-01-05T12:39:28+00:00\" \/>\n<meta property=\"og:image\" content=\"https:\/\/centromediconaturae.com\/wp-content\/uploads\/2025\/10\/blefaroplastia-superior-2.jpg\" \/>\n<meta name=\"twitter:card\" content=\"summary_large_image\" \/>\n<meta name=\"twitter:label1\" content=\"Est. reading time\" \/>\n\t<meta name=\"twitter:data1\" content=\"1 minute\" \/>\n<script type=\"application\/ld+json\" class=\"yoast-schema-graph\">{\"@context\":\"https:\/\/schema.org\",\"@graph\":[{\"@type\":\"WebPage\",\"@id\":\"https:\/\/centromediconaturae.com\/en\/cosmetic-surgery\/upper-blepharoplasty\/\",\"url\":\"https:\/\/centromediconaturae.com\/en\/cosmetic-surgery\/upper-blepharoplasty\/\",\"name\":\"Upper Blepharoplasty | Centro M\u00e9dico Naturae\",\"isPartOf\":{\"@id\":\"https:\/\/centromediconaturae.com\/en\/#website\"},\"datePublished\":\"2025-10-22T09:57:10+00:00\",\"dateModified\":\"2026-01-05T12:39:28+00:00\",\"breadcrumb\":{\"@id\":\"https:\/\/centromediconaturae.com\/en\/cosmetic-surgery\/upper-blepharoplasty\/#breadcrumb\"},\"inLanguage\":\"en-US\",\"potentialAction\":[{\"@type\":\"ReadAction\",\"target\":[\"https:\/\/centromediconaturae.com\/en\/cosmetic-surgery\/upper-blepharoplasty\/\"]}]},{\"@type\":\"BreadcrumbList\",\"@id\":\"https:\/\/centromediconaturae.com\/en\/cosmetic-surgery\/upper-blepharoplasty\/#breadcrumb\",\"itemListElement\":[{\"@type\":\"ListItem\",\"position\":1,\"name\":\"Portada\",\"item\":\"https:\/\/centromediconaturae.com\/en\/\"},{\"@type\":\"ListItem\",\"position\":2,\"name\":\"Cosmetic surgery\",\"item\":\"https:\/\/centromediconaturae.com\/en\/cosmetic-surgery\/\"},{\"@type\":\"ListItem\",\"position\":3,\"name\":\"Upper Blepharoplasty\"}]},{\"@type\":\"WebSite\",\"@id\":\"https:\/\/centromediconaturae.com\/en\/#website\",\"url\":\"https:\/\/centromediconaturae.com\/en\/\",\"name\":\"Centro M\u00e9dico Naturae\",\"description\":\"Medicina Est\u00e9tica Dr. Mikel Garc\u00eda\",\"publisher\":{\"@id\":\"https:\/\/centromediconaturae.com\/en\/#organization\"},\"potentialAction\":[{\"@type\":\"SearchAction\",\"target\":{\"@type\":\"EntryPoint\",\"urlTemplate\":\"https:\/\/centromediconaturae.com\/en\/?s={search_term_string}\"},\"query-input\":\"required name=search_term_string\"}],\"inLanguage\":\"en-US\"},{\"@type\":\"Organization\",\"@id\":\"https:\/\/centromediconaturae.com\/en\/#organization\",\"name\":\"Centro M\u00e9dico Naturae\",\"url\":\"https:\/\/centromediconaturae.com\/en\/\",\"logo\":{\"@type\":\"ImageObject\",\"inLanguage\":\"en-US\",\"@id\":\"https:\/\/centromediconaturae.com\/en\/#\/schema\/logo\/image\/\",\"url\":\"https:\/\/centromediconaturae.com\/wp-content\/uploads\/2022\/09\/Logo-Naturae-claim.svg\",\"contentUrl\":\"https:\/\/centromediconaturae.com\/wp-content\/uploads\/2022\/09\/Logo-Naturae-claim.svg\",\"caption\":\"Centro M\u00e9dico Naturae\"},\"image\":{\"@id\":\"https:\/\/centromediconaturae.com\/en\/#\/schema\/logo\/image\/\"}}]}<\/script>\n<!-- \/ Yoast SEO plugin. -->","yoast_head_json":{"title":"Upper Blepharoplasty | Centro M\u00e9dico Naturae","robots":{"index":"index","follow":"follow","max-snippet":"max-snippet:-1","max-image-preview":"max-image-preview:large","max-video-preview":"max-video-preview:-1"},"canonical":"https:\/\/centromediconaturae.com\/en\/cosmetic-surgery\/upper-blepharoplasty\/","og_locale":"en_US","og_type":"article","og_title":"Upper Blepharoplasty | Centro M\u00e9dico Naturae","og_description":"Rejuvenate your eyes without losing naturalness Immediate and lasting results Upper blepharoplasty removes excess skin and fat from the eyelid to achieve a more rested, fresh, and luminous look, without altering your expression. It rejuvenates the eyes, reduces the appearance of tiredness, and restores freshness to the face without modifying its natural expression. It is &hellip; Upper Blepharoplasty Read More &raquo;","og_url":"https:\/\/centromediconaturae.com\/en\/cosmetic-surgery\/upper-blepharoplasty\/","og_site_name":"Centro M\u00e9dico Naturae","article_modified_time":"2026-01-05T12:39:28+00:00","og_image":[{"url":"https:\/\/centromediconaturae.com\/wp-content\/uploads\/2025\/10\/blefaroplastia-superior-2.jpg"}],"twitter_card":"summary_large_image","twitter_misc":{"Est. reading time":"1 minute"},"schema":{"@context":"https:\/\/schema.org","@graph":[{"@type":"WebPage","@id":"https:\/\/centromediconaturae.com\/en\/cosmetic-surgery\/upper-blepharoplasty\/","url":"https:\/\/centromediconaturae.com\/en\/cosmetic-surgery\/upper-blepharoplasty\/","name":"Upper Blepharoplasty | Centro M\u00e9dico Naturae","isPartOf":{"@id":"https:\/\/centromediconaturae.com\/en\/#website"},"datePublished":"2025-10-22T09:57:10+00:00","dateModified":"2026-01-05T12:39:28+00:00","breadcrumb":{"@id":"https:\/\/centromediconaturae.com\/en\/cosmetic-surgery\/upper-blepharoplasty\/#breadcrumb"},"inLanguage":"en-US","potentialAction":[{"@type":"ReadAction","target":["https:\/\/centromediconaturae.com\/en\/cosmetic-surgery\/upper-blepharoplasty\/"]}]},{"@type":"BreadcrumbList","@id":"https:\/\/centromediconaturae.com\/en\/cosmetic-surgery\/upper-blepharoplasty\/#breadcrumb","itemListElement":[{"@type":"ListItem","position":1,"name":"Portada","item":"https:\/\/centromediconaturae.com\/en\/"},{"@type":"ListItem","position":2,"name":"Cosmetic surgery","item":"https:\/\/centromediconaturae.com\/en\/cosmetic-surgery\/"},{"@type":"ListItem","position":3,"name":"Upper Blepharoplasty"}]},{"@type":"WebSite","@id":"https:\/\/centromediconaturae.com\/en\/#website","url":"https:\/\/centromediconaturae.com\/en\/","name":"Centro M\u00e9dico Naturae","description":"Medicina Est\u00e9tica Dr. Mikel Garc\u00eda","publisher":{"@id":"https:\/\/centromediconaturae.com\/en\/#organization"},"potentialAction":[{"@type":"SearchAction","target":{"@type":"EntryPoint","urlTemplate":"https:\/\/centromediconaturae.com\/en\/?s={search_term_string}"},"query-input":"required name=search_term_string"}],"inLanguage":"en-US"},{"@type":"Organization","@id":"https:\/\/centromediconaturae.com\/en\/#organization","name":"Centro M\u00e9dico Naturae","url":"https:\/\/centromediconaturae.com\/en\/","logo":{"@type":"ImageObject","inLanguage":"en-US","@id":"https:\/\/centromediconaturae.com\/en\/#\/schema\/logo\/image\/","url":"https:\/\/centromediconaturae.com\/wp-content\/uploads\/2022\/09\/Logo-Naturae-claim.svg","contentUrl":"https:\/\/centromediconaturae.com\/wp-content\/uploads\/2022\/09\/Logo-Naturae-claim.svg","caption":"Centro M\u00e9dico Naturae"},"image":{"@id":"https:\/\/centromediconaturae.com\/en\/#\/schema\/logo\/image\/"}}]}},"_links":{"self":[{"href":"https:\/\/centromediconaturae.com\/en\/wp-json\/wp\/v2\/pages\/7785","targetHints":{"allow":["GET"]}}],"collection":[{"href":"https:\/\/centromediconaturae.com\/en\/wp-json\/wp\/v2\/pages"}],"about":[{"href":"https:\/\/centromediconaturae.com\/en\/wp-json\/wp\/v2\/types\/page"}],"author":[{"embeddable":true,"href":"https:\/\/centromediconaturae.com\/en\/wp-json\/wp\/v2\/users\/1"}],"replies":[{"embeddable":true,"href":"https:\/\/centromediconaturae.com\/en\/wp-json\/wp\/v2\/comments?post=7785"}],"version-history":[{"count":1,"href":"https:\/\/centromediconaturae.com\/en\/wp-json\/wp\/v2\/pages\/7785\/revisions"}],"predecessor-version":[{"id":7789,"href":"https:\/\/centromediconaturae.com\/en\/wp-json\/wp\/v2\/pages\/7785\/revisions\/7789"}],"up":[{"embeddable":true,"href":"https:\/\/centromediconaturae.com\/en\/wp-json\/wp\/v2\/pages\/7766"}],"wp:attachment":[{"href":"https:\/\/centromediconaturae.com\/en\/wp-json\/wp\/v2\/media?parent=7785"}],"curies":[{"name":"wp","href":"https:\/\/api.w.org\/{rel}","templated":true}]}}