{"id":7830,"date":"2022-09-15T11:07:43","date_gmt":"2022-09-15T11:07:43","guid":{"rendered":"https:\/\/centromediconaturae.com\/privacy-policy\/"},"modified":"2026-01-05T12:47:01","modified_gmt":"2026-01-05T12:47:01","slug":"privacy-policy","status":"publish","type":"page","link":"https:\/\/centromediconaturae.com\/en\/privacy-policy\/","title":{"rendered":"Privacy policy"},"content":{"rendered":"\t\t<div data-elementor-type=\"wp-page\" data-elementor-id=\"7830\" class=\"elementor elementor-7830 elementor-6679\" data-elementor-post-type=\"page\">\n\t\t\t\t\t\t<section class=\"elementor-section elementor-top-section elementor-element elementor-element-3275a09 elementor-section-boxed elementor-section-height-default elementor-section-height-default\" data-id=\"3275a09\" data-element_type=\"section\">\n\t\t\t\t\t\t<div class=\"elementor-container elementor-column-gap-default\">\n\t\t\t\t\t<div class=\"elementor-column elementor-col-100 elementor-top-column elementor-element elementor-element-9e2ea15\" data-id=\"9e2ea15\" data-element_type=\"column\">\n\t\t\t<div class=\"elementor-widget-wrap elementor-element-populated\">\n\t\t\t\t\t\t<div class=\"elementor-element elementor-element-7eb163a elementor-widget elementor-widget-text-editor\" data-id=\"7eb163a\" data-element_type=\"widget\" data-widget_type=\"text-editor.default\">\n\t\t\t\t<div class=\"elementor-widget-container\">\n\t\t\t\t\t\t\t\t\t<h3>Basic information<\/h3><p>In compliance with Organic Law 3\/2018, of December 5, on the Protection of Personal Data and guarantee of digital rights and Regulation (EU) 2016\/679, you are informed that the personal data provided by you will be incorporated into the database owned by CENTRO DE MEDICINA ESTETICA Y BIOLOGICA NATURAE, SLU, in order to provide you with the information requested about our products and services.<\/p><p>The data controller is CENTRO DE MEDICINA ESTETICA Y BIOLOGICA NATURAE, SLU, with address at BENJAMIN DE TUDELA 31 BAJO, 31008, PAMPLONA, NAVARRA<\/p><p>The legal basis for the processing of information is the consent granted by the interested party<\/p><p>The personal data that you provide when you contact us through the web forms will be kept for the time necessary to attend to your request and as long as its cancellation is not requested.<\/p><p>In no case will CENTRO DE MEDICINA ESTETICA Y BIOLOGICA NATURAE, SLU use the personal data of the interested parties for purposes other than those mentioned above, and undertakes to keep due professional secrecy and to establish the technical and organizational measures necessary to safeguard the information in accordance with the requirements of current regulations on data protection.<\/p><p>You can exercise the rights of access, rectification, cancellation, opposition, portability and limitation of use by writing, accompanied by a copy of an official document that identifies you, addressed to CENTRO DE MEDICINA ESTETICA Y BIOLOGICA NATURAE, SLU with registered office at BENJAMIN DE TUDELA 31 BAJO, 31008, PAMPLONA, NAVARRA or to the email address: <a href=\"mailto:info@centromediconaturae.com\">info@centromediconaturae.com<\/a><\/p><h3>Additional Data Protection Information<\/h3><h4>Who is the Controller of your data?<\/h4><p>&#8211;<strong>Identity<\/strong>: CENTRO DE MEDICINA ESTETICA Y BIOLOGICA NATURAE, SLU<\/p><p>&#8211;<strong>CIF<\/strong>: B71063036<\/p><p>&#8211;<strong>Postal Address<\/strong>: BENJAMIN DE TUDELA 31 BAJO, 31008, PAMPLONA, NAVARRA<\/p><p>&#8211;<strong>Email<\/strong>: info@centromediconaturae.com<\/p><p>&#8211;<strong>Telephone<\/strong>: 948272137<\/p><h4>For what purpose do we process your personal data?<\/h4><p>&#8211; CENTRO DE MEDICINA ESTETICA Y BIOLOGICA NATURAE, SLU will process the information provided by the User in order to attend to their requests related to the management of the requested service and the sending of electronic communications of an informative nature.<\/p><h4>How long will we keep your data?<\/h4><p>&#8211; In general, the personal data provided will be kept for the time necessary to attend to the User&#8217;s request or as long as its deletion is not requested by the User.<\/p><h4>What is the legitimacy for the processing of your data?<\/h4><p>&#8211; The legal basis for the processing of data is the legitimacy by consent of the User.<\/p><p>&#8211; For existing customers, we will process the data by virtue of the execution of the contract signed by the User.<\/p><h4>To which recipients will your data be communicated?<\/h4><p>&#8211; CENTRO DE MEDICINA ESTETICA Y BIOLOGICA NATURAE, SLU will not transfer personal data to third parties or make any international transfer of the same. In no case will it use the personal data of the interested parties for different purposes. <\/p><h4>What are your rights when you provide us with your data?<\/h4><p>&#8211; <span style=\"text-decoration: underline;\">Right of access<\/span>: You will have the right to obtain confirmation of whether or not personal data concerning you is being processed.<\/p><p>&#8211; <span style=\"text-decoration: underline;\">Right of rectification<\/span>: You will have the right to obtain the rectification of inaccurate personal data concerning you or that is incomplete.<\/p><p>&#8211; <span style=\"text-decoration: underline;\">Right of suppression<\/span>: You will have the right to obtain the suppression of personal data that concerns you when the personal data is no longer necessary in relation to the purposes for which it was collected or processed in another way.<\/p><p>&#8211; <span style=\"text-decoration: underline;\">Right of limitation<\/span>: You may request the limitation of the processing of your personal data, in which case we will only keep them for the exercise or defense of claims.<\/p><p>&#8211; <span style=\"text-decoration: underline;\">Right to withdraw consent<\/span>: You will have the right to withdraw consent at any time, without affecting the legality of the treatment based on consent before its withdrawal.<\/p><p>&#8211; <span style=\"text-decoration: underline;\">Right of opposition<\/span>: You will have the right to oppose the processing of your data. CENTRO DE MEDICINA ESTETICA Y BIOLOGICA NATURAE, SLU will stop processing the data, except for legitimate imperative reasons, or the exercise or defense of possible claims. &#8211; Right to the portability of your data: You can request that your automated personal data be transferred or transferred to any other company that you indicate in a structured, intelligible and automated format.  <\/p><p>&#8211; Those interested can exercise their rights of access, rectification, deletion, limitation, opposition and portability of data by writing to CENTRO DE MEDICINA ESTETICA Y BIOLOGICA NATURAE, SLU indicating the right to exercise and attaching a copy of DNI through the following postal address: BENJAMIN DE TUDELA 31 BAJO, 31008, PAMPLONA, NAVARRA indicating on the envelope DATA PROTECTION or through email: info@centromediconaturae.com<\/p><p>Those interested have the right to claim before the Control Authority and request the protection of rights that have not been duly attended to the Spanish Agency for Data Protection through the electronic headquarters of its web portal (<a href=\"https:\/\/www.agpd.es\/\" target=\"_blank\" rel=\"noopener\">www.agpd.es<\/a>), or by writing to its postal address (C\/Jorge Juan, 6, 28001-Madrid).<\/p>\t\t\t\t\t\t\t\t<\/div>\n\t\t\t\t<\/div>\n\t\t\t\t\t<\/div>\n\t\t<\/div>\n\t\t\t\t\t<\/div>\n\t\t<\/section>\n\t\t\t\t<\/div>\n\t\t","protected":false},"excerpt":{"rendered":"<p>Basic information In compliance with Organic Law 3\/2018, of December 5, on the Protection of Personal Data and guarantee of digital rights and Regulation (EU) 2016\/679, you are informed that the personal data provided by you will be incorporated into the database owned by CENTRO DE MEDICINA ESTETICA Y BIOLOGICA NATURAE, SLU, in order to &hellip;<\/p>\n<p class=\"read-more\"> <a class=\"\" href=\"https:\/\/centromediconaturae.com\/en\/privacy-policy\/\"> <span class=\"screen-reader-text\">Privacy policy<\/span> Read More &raquo;<\/a><\/p>\n","protected":false},"author":1,"featured_media":0,"parent":0,"menu_order":0,"comment_status":"closed","ping_status":"closed","template":"","meta":{"site-sidebar-layout":"no-sidebar","site-content-layout":"page-builder","ast-global-header-display":"","ast-main-header-display":"","ast-hfb-above-header-display":"","ast-hfb-below-header-display":"","ast-hfb-mobile-header-display":"","site-post-title":"disabled","ast-breadcrumbs-content":"","ast-featured-img":"disabled","footer-sml-layout":"","theme-transparent-header-meta":"","adv-header-id-meta":"","stick-header-meta":"","header-above-stick-meta":"","header-main-stick-meta":"","header-below-stick-meta":"","footnotes":""},"class_list":["post-7830","page","type-page","status-publish","hentry"],"yoast_head":"<!-- This site is optimized with the Yoast SEO plugin v20.1 - https:\/\/yoast.com\/wordpress\/plugins\/seo\/ -->\n<title>Privacy policy | Centro M\u00e9dico Naturae<\/title>\n<meta name=\"robots\" content=\"index, follow, max-snippet:-1, max-image-preview:large, max-video-preview:-1\" \/>\n<link rel=\"canonical\" href=\"https:\/\/centromediconaturae.com\/en\/privacy-policy\/\" \/>\n<meta property=\"og:locale\" content=\"en_US\" \/>\n<meta property=\"og:type\" content=\"article\" \/>\n<meta property=\"og:title\" content=\"Privacy policy | Centro M\u00e9dico Naturae\" \/>\n<meta property=\"og:description\" content=\"Basic information In compliance with Organic Law 3\/2018, of December 5, on the Protection of Personal Data and guarantee of digital rights and Regulation (EU) 2016\/679, you are informed that the personal data provided by you will be incorporated into the database owned by CENTRO DE MEDICINA ESTETICA Y BIOLOGICA NATURAE, SLU, in order to &hellip; Privacy policy Read More &raquo;\" \/>\n<meta property=\"og:url\" content=\"https:\/\/centromediconaturae.com\/en\/privacy-policy\/\" \/>\n<meta property=\"og:site_name\" content=\"Centro M\u00e9dico Naturae\" \/>\n<meta property=\"article:modified_time\" content=\"2026-01-05T12:47:01+00:00\" \/>\n<meta name=\"twitter:card\" content=\"summary_large_image\" \/>\n<meta name=\"twitter:label1\" content=\"Est. reading time\" \/>\n\t<meta name=\"twitter:data1\" content=\"4 minutes\" \/>\n<script type=\"application\/ld+json\" class=\"yoast-schema-graph\">{\"@context\":\"https:\/\/schema.org\",\"@graph\":[{\"@type\":\"WebPage\",\"@id\":\"https:\/\/centromediconaturae.com\/en\/privacy-policy\/\",\"url\":\"https:\/\/centromediconaturae.com\/en\/privacy-policy\/\",\"name\":\"Privacy policy | Centro M\u00e9dico Naturae\",\"isPartOf\":{\"@id\":\"https:\/\/centromediconaturae.com\/en\/#website\"},\"datePublished\":\"2022-09-15T11:07:43+00:00\",\"dateModified\":\"2026-01-05T12:47:01+00:00\",\"breadcrumb\":{\"@id\":\"https:\/\/centromediconaturae.com\/en\/privacy-policy\/#breadcrumb\"},\"inLanguage\":\"en-US\",\"potentialAction\":[{\"@type\":\"ReadAction\",\"target\":[\"https:\/\/centromediconaturae.com\/en\/privacy-policy\/\"]}]},{\"@type\":\"BreadcrumbList\",\"@id\":\"https:\/\/centromediconaturae.com\/en\/privacy-policy\/#breadcrumb\",\"itemListElement\":[{\"@type\":\"ListItem\",\"position\":1,\"name\":\"Portada\",\"item\":\"https:\/\/centromediconaturae.com\/en\/\"},{\"@type\":\"ListItem\",\"position\":2,\"name\":\"Privacy policy\"}]},{\"@type\":\"WebSite\",\"@id\":\"https:\/\/centromediconaturae.com\/en\/#website\",\"url\":\"https:\/\/centromediconaturae.com\/en\/\",\"name\":\"Centro M\u00e9dico Naturae\",\"description\":\"Medicina Est\u00e9tica Dr. Mikel Garc\u00eda\",\"publisher\":{\"@id\":\"https:\/\/centromediconaturae.com\/en\/#organization\"},\"potentialAction\":[{\"@type\":\"SearchAction\",\"target\":{\"@type\":\"EntryPoint\",\"urlTemplate\":\"https:\/\/centromediconaturae.com\/en\/?s={search_term_string}\"},\"query-input\":\"required name=search_term_string\"}],\"inLanguage\":\"en-US\"},{\"@type\":\"Organization\",\"@id\":\"https:\/\/centromediconaturae.com\/en\/#organization\",\"name\":\"Centro M\u00e9dico Naturae\",\"url\":\"https:\/\/centromediconaturae.com\/en\/\",\"logo\":{\"@type\":\"ImageObject\",\"inLanguage\":\"en-US\",\"@id\":\"https:\/\/centromediconaturae.com\/en\/#\/schema\/logo\/image\/\",\"url\":\"https:\/\/centromediconaturae.com\/wp-content\/uploads\/2022\/09\/Logo-Naturae-claim.svg\",\"contentUrl\":\"https:\/\/centromediconaturae.com\/wp-content\/uploads\/2022\/09\/Logo-Naturae-claim.svg\",\"caption\":\"Centro M\u00e9dico Naturae\"},\"image\":{\"@id\":\"https:\/\/centromediconaturae.com\/en\/#\/schema\/logo\/image\/\"}}]}<\/script>\n<!-- \/ Yoast SEO plugin. -->","yoast_head_json":{"title":"Privacy policy | Centro M\u00e9dico Naturae","robots":{"index":"index","follow":"follow","max-snippet":"max-snippet:-1","max-image-preview":"max-image-preview:large","max-video-preview":"max-video-preview:-1"},"canonical":"https:\/\/centromediconaturae.com\/en\/privacy-policy\/","og_locale":"en_US","og_type":"article","og_title":"Privacy policy | Centro M\u00e9dico Naturae","og_description":"Basic information In compliance with Organic Law 3\/2018, of December 5, on the Protection of Personal Data and guarantee of digital rights and Regulation (EU) 2016\/679, you are informed that the personal data provided by you will be incorporated into the database owned by CENTRO DE MEDICINA ESTETICA Y BIOLOGICA NATURAE, SLU, in order to &hellip; Privacy policy Read More &raquo;","og_url":"https:\/\/centromediconaturae.com\/en\/privacy-policy\/","og_site_name":"Centro M\u00e9dico Naturae","article_modified_time":"2026-01-05T12:47:01+00:00","twitter_card":"summary_large_image","twitter_misc":{"Est. reading time":"4 minutes"},"schema":{"@context":"https:\/\/schema.org","@graph":[{"@type":"WebPage","@id":"https:\/\/centromediconaturae.com\/en\/privacy-policy\/","url":"https:\/\/centromediconaturae.com\/en\/privacy-policy\/","name":"Privacy policy | Centro M\u00e9dico Naturae","isPartOf":{"@id":"https:\/\/centromediconaturae.com\/en\/#website"},"datePublished":"2022-09-15T11:07:43+00:00","dateModified":"2026-01-05T12:47:01+00:00","breadcrumb":{"@id":"https:\/\/centromediconaturae.com\/en\/privacy-policy\/#breadcrumb"},"inLanguage":"en-US","potentialAction":[{"@type":"ReadAction","target":["https:\/\/centromediconaturae.com\/en\/privacy-policy\/"]}]},{"@type":"BreadcrumbList","@id":"https:\/\/centromediconaturae.com\/en\/privacy-policy\/#breadcrumb","itemListElement":[{"@type":"ListItem","position":1,"name":"Portada","item":"https:\/\/centromediconaturae.com\/en\/"},{"@type":"ListItem","position":2,"name":"Privacy policy"}]},{"@type":"WebSite","@id":"https:\/\/centromediconaturae.com\/en\/#website","url":"https:\/\/centromediconaturae.com\/en\/","name":"Centro M\u00e9dico Naturae","description":"Medicina Est\u00e9tica Dr. Mikel Garc\u00eda","publisher":{"@id":"https:\/\/centromediconaturae.com\/en\/#organization"},"potentialAction":[{"@type":"SearchAction","target":{"@type":"EntryPoint","urlTemplate":"https:\/\/centromediconaturae.com\/en\/?s={search_term_string}"},"query-input":"required name=search_term_string"}],"inLanguage":"en-US"},{"@type":"Organization","@id":"https:\/\/centromediconaturae.com\/en\/#organization","name":"Centro M\u00e9dico Naturae","url":"https:\/\/centromediconaturae.com\/en\/","logo":{"@type":"ImageObject","inLanguage":"en-US","@id":"https:\/\/centromediconaturae.com\/en\/#\/schema\/logo\/image\/","url":"https:\/\/centromediconaturae.com\/wp-content\/uploads\/2022\/09\/Logo-Naturae-claim.svg","contentUrl":"https:\/\/centromediconaturae.com\/wp-content\/uploads\/2022\/09\/Logo-Naturae-claim.svg","caption":"Centro M\u00e9dico Naturae"},"image":{"@id":"https:\/\/centromediconaturae.com\/en\/#\/schema\/logo\/image\/"}}]}},"_links":{"self":[{"href":"https:\/\/centromediconaturae.com\/en\/wp-json\/wp\/v2\/pages\/7830","targetHints":{"allow":["GET"]}}],"collection":[{"href":"https:\/\/centromediconaturae.com\/en\/wp-json\/wp\/v2\/pages"}],"about":[{"href":"https:\/\/centromediconaturae.com\/en\/wp-json\/wp\/v2\/types\/page"}],"author":[{"embeddable":true,"href":"https:\/\/centromediconaturae.com\/en\/wp-json\/wp\/v2\/users\/1"}],"replies":[{"embeddable":true,"href":"https:\/\/centromediconaturae.com\/en\/wp-json\/wp\/v2\/comments?post=7830"}],"version-history":[{"count":3,"href":"https:\/\/centromediconaturae.com\/en\/wp-json\/wp\/v2\/pages\/7830\/revisions"}],"predecessor-version":[{"id":7833,"href":"https:\/\/centromediconaturae.com\/en\/wp-json\/wp\/v2\/pages\/7830\/revisions\/7833"}],"wp:attachment":[{"href":"https:\/\/centromediconaturae.com\/en\/wp-json\/wp\/v2\/media?parent=7830"}],"curies":[{"name":"wp","href":"https:\/\/api.w.org\/{rel}","templated":true}]}}