{"id":8136,"date":"2022-09-15T11:03:52","date_gmt":"2022-09-15T11:03:52","guid":{"rendered":"https:\/\/centromediconaturae.com\/legal-notice\/"},"modified":"2026-01-05T13:38:39","modified_gmt":"2026-01-05T13:38:39","slug":"legal-notice","status":"publish","type":"page","link":"https:\/\/centromediconaturae.com\/en\/legal-notice\/","title":{"rendered":"Legal notice"},"content":{"rendered":"\t\t<div data-elementor-type=\"wp-page\" data-elementor-id=\"8136\" class=\"elementor elementor-8136 elementor-6674\" data-elementor-post-type=\"page\">\n\t\t\t\t\t\t<section class=\"elementor-section elementor-top-section elementor-element elementor-element-4cc618a elementor-section-boxed elementor-section-height-default elementor-section-height-default\" data-id=\"4cc618a\" data-element_type=\"section\">\n\t\t\t\t\t\t<div class=\"elementor-container elementor-column-gap-default\">\n\t\t\t\t\t<div class=\"elementor-column elementor-col-100 elementor-top-column elementor-element elementor-element-9e200bf\" data-id=\"9e200bf\" data-element_type=\"column\">\n\t\t\t<div class=\"elementor-widget-wrap elementor-element-populated\">\n\t\t\t\t\t\t<div class=\"elementor-element elementor-element-6f15db6 elementor-widget elementor-widget-text-editor\" data-id=\"6f15db6\" data-element_type=\"widget\" data-widget_type=\"text-editor.default\">\n\t\t\t\t<div class=\"elementor-widget-container\">\n\t\t\t\t\t\t\t\t\t<h3>General information<\/h3><p>The address https:\/\/centromediconaturae.com\/ (hereinafter the Website) is a domain registered by CENTRO DE MEDICINA ESTETICA Y BIOLOGICA NATURAE, SLU, owner\/controller), with registered address at BENJAMIN DE TUDELA 31 BAJO, 31008, PAMPLONA, NAVARRA<\/p><p>This page is for informational purposes and exclusive personal use, with the aim of facilitating knowledge to the general public of the products and services offered by the company. Access to the Website is, in principle, free of charge, without prejudice to the fact that the contracting of products or services, if this is facilitated at any time, through the Website is subject to financial compensation. <\/p><p>The user agrees not to use the Website or the information offered therein for activities contrary to the Law, morals or public order, and to respect the conditions of use established by the owner.<\/p><h3>Intellectual and industrial property<\/h3><p>The company owns the Intellectual Property rights over the content of this Website, including, by way of illustration and not limitation, graphic design, codes, sources, texts, images, videos, brands, logos or distinctive signs, or has the necessary permits for its use.<\/p><p>The modification, copy, reproduction, downloading, transmission, distribution or transformation of the contents of the Website is prohibited, if the authorization of the owner of the corresponding rights is not available or is legally permitted.<\/p><p>The infringement by third parties of the Intellectual Property rights or any other right over the content of this Website, owned by the controller, will give rise to the legally established liabilities.<\/p><h3>Web content and links<\/h3><p>The information contained in this Website may not be correct; therefore, the owner is not responsible for any direct or indirect damage or loss that may be caused by the accuracy, integrity or veracity of said information, nor for the use by third parties of the content of this Website, nor for possible errors in accessing it. At the same time, the owner reserves the right to temporarily suspend accessibility to the Website when necessary, without prior notice. <\/p><p>This Website contains links to external pages, and the owner is not responsible for the contents of said pages (the user being responsible for complying with the terms and conditions of use of the pages consulted) nor for the misuse or activities contrary to the law, morals or public order carried out by users on said pages. At the same time, the establishment of any hyperlink from a Web page must be made to the main page of the Website, being prohibited the total or partial reproduction of any of the services contained in the owner&#8217;s Website. <\/p><h3>Modification of the terms and conditions of use<\/h3><p>These general conditions and the particular conditions that may eventually be established, and with the wording they present at any time, have an indefinite duration, and will remain in force as long as the portal remains active. The owner of the Website reserves in any case the unilateral right to modify the conditions of access to the same, as well as its content. <\/p><h3>Applicable law and jurisdiction<\/h3><p>These conditions of use are governed by Spanish Law, the parties agreeing to submit to the jurisdiction of the Courts and Tribunals of Navarra, in case of dispute or controversy related to the application or interpretation thereof\u201d<\/p>\t\t\t\t\t\t\t\t<\/div>\n\t\t\t\t<\/div>\n\t\t\t\t\t<\/div>\n\t\t<\/div>\n\t\t\t\t\t<\/div>\n\t\t<\/section>\n\t\t\t\t<\/div>\n\t\t","protected":false},"excerpt":{"rendered":"<p>General information The address https:\/\/centromediconaturae.com\/ (hereinafter the Website) is a domain registered by CENTRO DE MEDICINA ESTETICA Y BIOLOGICA NATURAE, SLU, owner\/controller), with registered address at BENJAMIN DE TUDELA 31 BAJO, 31008, PAMPLONA, NAVARRA This page is for informational purposes and exclusive personal use, with the aim of facilitating knowledge to the general public of &hellip;<\/p>\n<p class=\"read-more\"> <a class=\"\" href=\"https:\/\/centromediconaturae.com\/en\/legal-notice\/\"> <span class=\"screen-reader-text\">Legal notice<\/span> Read More &raquo;<\/a><\/p>\n","protected":false},"author":1,"featured_media":0,"parent":0,"menu_order":0,"comment_status":"closed","ping_status":"closed","template":"","meta":{"site-sidebar-layout":"no-sidebar","site-content-layout":"page-builder","ast-global-header-display":"","ast-main-header-display":"","ast-hfb-above-header-display":"","ast-hfb-below-header-display":"","ast-hfb-mobile-header-display":"","site-post-title":"disabled","ast-breadcrumbs-content":"","ast-featured-img":"disabled","footer-sml-layout":"","theme-transparent-header-meta":"","adv-header-id-meta":"","stick-header-meta":"","header-above-stick-meta":"","header-main-stick-meta":"","header-below-stick-meta":"","footnotes":""},"class_list":["post-8136","page","type-page","status-publish","hentry"],"yoast_head":"<!-- This site is optimized with the Yoast SEO plugin v20.1 - https:\/\/yoast.com\/wordpress\/plugins\/seo\/ -->\n<title>Legal notice | Centro M\u00e9dico Naturae<\/title>\n<meta name=\"robots\" content=\"index, follow, max-snippet:-1, max-image-preview:large, max-video-preview:-1\" \/>\n<link rel=\"canonical\" href=\"https:\/\/centromediconaturae.com\/en\/legal-notice\/\" \/>\n<meta property=\"og:locale\" content=\"en_US\" \/>\n<meta property=\"og:type\" content=\"article\" \/>\n<meta property=\"og:title\" content=\"Legal notice | Centro M\u00e9dico Naturae\" \/>\n<meta property=\"og:description\" content=\"General information The address https:\/\/centromediconaturae.com\/ (hereinafter the Website) is a domain registered by CENTRO DE MEDICINA ESTETICA Y BIOLOGICA NATURAE, SLU, owner\/controller), with registered address at BENJAMIN DE TUDELA 31 BAJO, 31008, PAMPLONA, NAVARRA This page is for informational purposes and exclusive personal use, with the aim of facilitating knowledge to the general public of &hellip; Legal notice Read More &raquo;\" \/>\n<meta property=\"og:url\" content=\"https:\/\/centromediconaturae.com\/en\/legal-notice\/\" \/>\n<meta property=\"og:site_name\" content=\"Centro M\u00e9dico Naturae\" \/>\n<meta property=\"article:modified_time\" content=\"2026-01-05T13:38:39+00:00\" \/>\n<meta name=\"twitter:card\" content=\"summary_large_image\" \/>\n<meta name=\"twitter:label1\" content=\"Est. reading time\" \/>\n\t<meta name=\"twitter:data1\" content=\"3 minutes\" \/>\n<script type=\"application\/ld+json\" class=\"yoast-schema-graph\">{\"@context\":\"https:\/\/schema.org\",\"@graph\":[{\"@type\":\"WebPage\",\"@id\":\"https:\/\/centromediconaturae.com\/en\/legal-notice\/\",\"url\":\"https:\/\/centromediconaturae.com\/en\/legal-notice\/\",\"name\":\"Legal notice | Centro M\u00e9dico Naturae\",\"isPartOf\":{\"@id\":\"https:\/\/centromediconaturae.com\/en\/#website\"},\"datePublished\":\"2022-09-15T11:03:52+00:00\",\"dateModified\":\"2026-01-05T13:38:39+00:00\",\"breadcrumb\":{\"@id\":\"https:\/\/centromediconaturae.com\/en\/legal-notice\/#breadcrumb\"},\"inLanguage\":\"en-US\",\"potentialAction\":[{\"@type\":\"ReadAction\",\"target\":[\"https:\/\/centromediconaturae.com\/en\/legal-notice\/\"]}]},{\"@type\":\"BreadcrumbList\",\"@id\":\"https:\/\/centromediconaturae.com\/en\/legal-notice\/#breadcrumb\",\"itemListElement\":[{\"@type\":\"ListItem\",\"position\":1,\"name\":\"Portada\",\"item\":\"https:\/\/centromediconaturae.com\/en\/\"},{\"@type\":\"ListItem\",\"position\":2,\"name\":\"Legal notice\"}]},{\"@type\":\"WebSite\",\"@id\":\"https:\/\/centromediconaturae.com\/en\/#website\",\"url\":\"https:\/\/centromediconaturae.com\/en\/\",\"name\":\"Centro M\u00e9dico Naturae\",\"description\":\"Medicina Est\u00e9tica Dr. Mikel Garc\u00eda\",\"publisher\":{\"@id\":\"https:\/\/centromediconaturae.com\/en\/#organization\"},\"potentialAction\":[{\"@type\":\"SearchAction\",\"target\":{\"@type\":\"EntryPoint\",\"urlTemplate\":\"https:\/\/centromediconaturae.com\/en\/?s={search_term_string}\"},\"query-input\":\"required name=search_term_string\"}],\"inLanguage\":\"en-US\"},{\"@type\":\"Organization\",\"@id\":\"https:\/\/centromediconaturae.com\/en\/#organization\",\"name\":\"Centro M\u00e9dico Naturae\",\"url\":\"https:\/\/centromediconaturae.com\/en\/\",\"logo\":{\"@type\":\"ImageObject\",\"inLanguage\":\"en-US\",\"@id\":\"https:\/\/centromediconaturae.com\/en\/#\/schema\/logo\/image\/\",\"url\":\"https:\/\/centromediconaturae.com\/wp-content\/uploads\/2022\/09\/Logo-Naturae-claim.svg\",\"contentUrl\":\"https:\/\/centromediconaturae.com\/wp-content\/uploads\/2022\/09\/Logo-Naturae-claim.svg\",\"caption\":\"Centro M\u00e9dico Naturae\"},\"image\":{\"@id\":\"https:\/\/centromediconaturae.com\/en\/#\/schema\/logo\/image\/\"}}]}<\/script>\n<!-- \/ Yoast SEO plugin. -->","yoast_head_json":{"title":"Legal notice | Centro M\u00e9dico Naturae","robots":{"index":"index","follow":"follow","max-snippet":"max-snippet:-1","max-image-preview":"max-image-preview:large","max-video-preview":"max-video-preview:-1"},"canonical":"https:\/\/centromediconaturae.com\/en\/legal-notice\/","og_locale":"en_US","og_type":"article","og_title":"Legal notice | Centro M\u00e9dico Naturae","og_description":"General information The address https:\/\/centromediconaturae.com\/ (hereinafter the Website) is a domain registered by CENTRO DE MEDICINA ESTETICA Y BIOLOGICA NATURAE, SLU, owner\/controller), with registered address at BENJAMIN DE TUDELA 31 BAJO, 31008, PAMPLONA, NAVARRA This page is for informational purposes and exclusive personal use, with the aim of facilitating knowledge to the general public of &hellip; Legal notice Read More &raquo;","og_url":"https:\/\/centromediconaturae.com\/en\/legal-notice\/","og_site_name":"Centro M\u00e9dico Naturae","article_modified_time":"2026-01-05T13:38:39+00:00","twitter_card":"summary_large_image","twitter_misc":{"Est. reading time":"3 minutes"},"schema":{"@context":"https:\/\/schema.org","@graph":[{"@type":"WebPage","@id":"https:\/\/centromediconaturae.com\/en\/legal-notice\/","url":"https:\/\/centromediconaturae.com\/en\/legal-notice\/","name":"Legal notice | Centro M\u00e9dico Naturae","isPartOf":{"@id":"https:\/\/centromediconaturae.com\/en\/#website"},"datePublished":"2022-09-15T11:03:52+00:00","dateModified":"2026-01-05T13:38:39+00:00","breadcrumb":{"@id":"https:\/\/centromediconaturae.com\/en\/legal-notice\/#breadcrumb"},"inLanguage":"en-US","potentialAction":[{"@type":"ReadAction","target":["https:\/\/centromediconaturae.com\/en\/legal-notice\/"]}]},{"@type":"BreadcrumbList","@id":"https:\/\/centromediconaturae.com\/en\/legal-notice\/#breadcrumb","itemListElement":[{"@type":"ListItem","position":1,"name":"Portada","item":"https:\/\/centromediconaturae.com\/en\/"},{"@type":"ListItem","position":2,"name":"Legal notice"}]},{"@type":"WebSite","@id":"https:\/\/centromediconaturae.com\/en\/#website","url":"https:\/\/centromediconaturae.com\/en\/","name":"Centro M\u00e9dico Naturae","description":"Medicina Est\u00e9tica Dr. Mikel Garc\u00eda","publisher":{"@id":"https:\/\/centromediconaturae.com\/en\/#organization"},"potentialAction":[{"@type":"SearchAction","target":{"@type":"EntryPoint","urlTemplate":"https:\/\/centromediconaturae.com\/en\/?s={search_term_string}"},"query-input":"required name=search_term_string"}],"inLanguage":"en-US"},{"@type":"Organization","@id":"https:\/\/centromediconaturae.com\/en\/#organization","name":"Centro M\u00e9dico Naturae","url":"https:\/\/centromediconaturae.com\/en\/","logo":{"@type":"ImageObject","inLanguage":"en-US","@id":"https:\/\/centromediconaturae.com\/en\/#\/schema\/logo\/image\/","url":"https:\/\/centromediconaturae.com\/wp-content\/uploads\/2022\/09\/Logo-Naturae-claim.svg","contentUrl":"https:\/\/centromediconaturae.com\/wp-content\/uploads\/2022\/09\/Logo-Naturae-claim.svg","caption":"Centro M\u00e9dico Naturae"},"image":{"@id":"https:\/\/centromediconaturae.com\/en\/#\/schema\/logo\/image\/"}}]}},"_links":{"self":[{"href":"https:\/\/centromediconaturae.com\/en\/wp-json\/wp\/v2\/pages\/8136","targetHints":{"allow":["GET"]}}],"collection":[{"href":"https:\/\/centromediconaturae.com\/en\/wp-json\/wp\/v2\/pages"}],"about":[{"href":"https:\/\/centromediconaturae.com\/en\/wp-json\/wp\/v2\/types\/page"}],"author":[{"embeddable":true,"href":"https:\/\/centromediconaturae.com\/en\/wp-json\/wp\/v2\/users\/1"}],"replies":[{"embeddable":true,"href":"https:\/\/centromediconaturae.com\/en\/wp-json\/wp\/v2\/comments?post=8136"}],"version-history":[{"count":1,"href":"https:\/\/centromediconaturae.com\/en\/wp-json\/wp\/v2\/pages\/8136\/revisions"}],"predecessor-version":[{"id":8137,"href":"https:\/\/centromediconaturae.com\/en\/wp-json\/wp\/v2\/pages\/8136\/revisions\/8137"}],"wp:attachment":[{"href":"https:\/\/centromediconaturae.com\/en\/wp-json\/wp\/v2\/media?parent=8136"}],"curies":[{"name":"wp","href":"https:\/\/api.w.org\/{rel}","templated":true}]}}