{"id":7736,"date":"2017-06-14T07:37:02","date_gmt":"2017-06-14T07:37:02","guid":{"rendered":"https:\/\/centromediconaturae.com\/qui-sommes-nous\/"},"modified":"2026-01-05T12:24:46","modified_gmt":"2026-01-05T12:24:46","slug":"qui-sommes-nous","status":"publish","type":"page","link":"https:\/\/centromediconaturae.com\/fr\/qui-sommes-nous\/","title":{"rendered":"Qui sommes-nous&nbsp;?"},"content":{"rendered":"\t\t<div data-elementor-type=\"wp-post\" data-elementor-id=\"7736\" class=\"elementor elementor-7736 elementor-2487\" data-elementor-post-type=\"page\">\n\t\t\t\t\t\t<section class=\"elementor-section elementor-top-section elementor-element elementor-element-9432ccf elementor-reverse-tablet elementor-reverse-mobile elementor-section-boxed elementor-section-height-default elementor-section-height-default\" data-id=\"9432ccf\" data-element_type=\"section\">\n\t\t\t\t\t\t<div class=\"elementor-container elementor-column-gap-default\">\n\t\t\t\t\t<div class=\"elementor-column elementor-col-50 elementor-top-column elementor-element elementor-element-ad8d868\" data-id=\"ad8d868\" data-element_type=\"column\">\n\t\t\t<div class=\"elementor-widget-wrap elementor-element-populated\">\n\t\t\t\t\t\t<div class=\"elementor-element elementor-element-0197407 elementor-widget elementor-widget-image\" data-id=\"0197407\" data-element_type=\"widget\" data-widget_type=\"image.default\">\n\t\t\t\t<div class=\"elementor-widget-container\">\n\t\t\t\t\t\t\t\t\t\t\t\t\t\t\t<img fetchpriority=\"high\" decoding=\"async\" width=\"720\" height=\"765\" src=\"https:\/\/centromediconaturae.com\/wp-content\/uploads\/2023\/01\/mikel-naturae.jpg\" class=\"attachment-large size-large wp-image-7735\" alt=\"\" srcset=\"https:\/\/centromediconaturae.com\/wp-content\/uploads\/2023\/01\/mikel-naturae.jpg 720w, https:\/\/centromediconaturae.com\/wp-content\/uploads\/2023\/01\/mikel-naturae-282x300.jpg 282w\" sizes=\"(max-width: 720px) 100vw, 720px\" \/>\t\t\t\t\t\t\t\t\t\t\t\t\t\t\t<\/div>\n\t\t\t\t<\/div>\n\t\t\t\t\t<\/div>\n\t\t<\/div>\n\t\t\t\t<div class=\"elementor-column elementor-col-50 elementor-top-column elementor-element elementor-element-ae31650\" data-id=\"ae31650\" data-element_type=\"column\">\n\t\t\t<div class=\"elementor-widget-wrap elementor-element-populated\">\n\t\t\t\t\t\t<div class=\"elementor-element elementor-element-443fe0f elementor-widget elementor-widget-heading\" data-id=\"443fe0f\" data-element_type=\"widget\" data-widget_type=\"heading.default\">\n\t\t\t\t<div class=\"elementor-widget-container\">\n\t\t\t\t\t<p class=\"elementor-heading-title elementor-size-default\">Plus de 20 ans d\u2019exp\u00e9rience<\/p>\t\t\t\t<\/div>\n\t\t\t\t<\/div>\n\t\t\t\t<div class=\"elementor-element elementor-element-4b5c914 elementor-widget elementor-widget-heading\" data-id=\"4b5c914\" data-element_type=\"widget\" data-widget_type=\"heading.default\">\n\t\t\t\t<div class=\"elementor-widget-container\">\n\t\t\t\t\t<h2 class=\"elementor-heading-title elementor-size-default\">D\u00e9couvrez le<br>Dr Mikel Garc\u00eda<\/h2>\t\t\t\t<\/div>\n\t\t\t\t<\/div>\n\t\t\t\t<div class=\"elementor-element elementor-element-6253d6d elementor-widget elementor-widget-text-editor\" data-id=\"6253d6d\" data-element_type=\"widget\" data-widget_type=\"text-editor.default\">\n\t\t\t\t<div class=\"elementor-widget-container\">\n\t\t\t\t\t\t\t\t\t<p>Le Dr Mikel Garc\u00eda Gorr\u00eda est titulaire d\u2019une licence en m\u00e9decine de l\u2019universit\u00e9 de Navarre, puis s\u2019est sp\u00e9cialis\u00e9 en m\u00e9decine familiale et communautaire, exer\u00e7ant au sein du syst\u00e8me de sant\u00e9 navarrais tout en approfondissant sa formation en&nbsp;:<\/p>\t\t\t\t\t\t\t\t<\/div>\n\t\t\t\t<\/div>\n\t\t\t\t<div class=\"elementor-element elementor-element-89ba294 elementor-widget elementor-widget-text-editor\" data-id=\"89ba294\" data-element_type=\"widget\" data-widget_type=\"text-editor.default\">\n\t\t\t\t<div class=\"elementor-widget-container\">\n\t\t\t\t\t\t\t\t\t<p>&#8211; Expert universitaire en acupuncture (U. Santiago Compostela)<br>&#8211; Master en m\u00e9decine esth\u00e9tique (UIB Bal\u00e9ares)<br>&#8211; Master en th\u00e9rapie neurale (Sant Joan de Deu, Barcelone)<\/p><p>Nombreuses formations en volum\u00e9trisation faciale, toxine botulique, m\u00e9soth\u00e9rapie, carboxith\u00e9rapie, revitalisation faciale et corporelle, ainsi qu\u2019en th\u00e9rapies compl\u00e9mentaires.<\/p><p>Il exerce actuellement en tant que directeur m\u00e9dical de son propre cabinet, Centro M\u00e9dico Est\u00e9tico Naturae, \u00e0 Pampelune, et est \u00e9galement m\u00e9decin formateur-collaborateur de BTI (Biotecnology Institute) \u00e0 Vitoria.<\/p>\t\t\t\t\t\t\t\t<\/div>\n\t\t\t\t<\/div>\n\t\t\t\t\t<\/div>\n\t\t<\/div>\n\t\t\t\t\t<\/div>\n\t\t<\/section>\n\t\t\t\t<\/div>\n\t\t","protected":false},"excerpt":{"rendered":"<p>Plus de 20 ans d\u2019exp\u00e9rience D\u00e9couvrez leDr Mikel Garc\u00eda Le Dr Mikel Garc\u00eda Gorr\u00eda est titulaire d\u2019une licence en m\u00e9decine de l\u2019universit\u00e9 de Navarre, puis s\u2019est sp\u00e9cialis\u00e9 en m\u00e9decine familiale et communautaire, exer\u00e7ant au sein du syst\u00e8me de sant\u00e9 navarrais tout en approfondissant sa formation en&nbsp;: &#8211; Expert universitaire en acupuncture (U. Santiago Compostela)&#8211; Master &hellip;<\/p>\n<p class=\"read-more\"> <a class=\"\" href=\"https:\/\/centromediconaturae.com\/fr\/qui-sommes-nous\/\"> <span class=\"screen-reader-text\">Qui sommes-nous&nbsp;?<\/span> Lire la suite\u00a0\u00bb<\/a><\/p>\n","protected":false},"author":1,"featured_media":0,"parent":0,"menu_order":0,"comment_status":"closed","ping_status":"closed","template":"elementor_header_footer","meta":{"site-sidebar-layout":"default","site-content-layout":"default","ast-global-header-display":"","ast-main-header-display":"","ast-hfb-above-header-display":"","ast-hfb-below-header-display":"","ast-hfb-mobile-header-display":"","site-post-title":"","ast-breadcrumbs-content":"","ast-featured-img":"","footer-sml-layout":"","theme-transparent-header-meta":"default","adv-header-id-meta":"","stick-header-meta":"","header-above-stick-meta":"","header-main-stick-meta":"","header-below-stick-meta":"","footnotes":""},"class_list":["post-7736","page","type-page","status-publish","hentry"],"yoast_head":"<!-- This site is optimized with the Yoast SEO plugin v20.1 - https:\/\/yoast.com\/wordpress\/plugins\/seo\/ -->\n<title>Qui sommes-nous&nbsp;? | Centro M\u00e9dico Naturae<\/title>\n<meta name=\"robots\" content=\"index, follow, max-snippet:-1, max-image-preview:large, max-video-preview:-1\" \/>\n<link rel=\"canonical\" href=\"https:\/\/centromediconaturae.com\/fr\/qui-sommes-nous\/\" \/>\n<meta property=\"og:locale\" content=\"fr_FR\" \/>\n<meta property=\"og:type\" content=\"article\" \/>\n<meta property=\"og:title\" content=\"Qui sommes-nous&nbsp;? | Centro M\u00e9dico Naturae\" \/>\n<meta property=\"og:description\" content=\"Plus de 20 ans d\u2019exp\u00e9rience D\u00e9couvrez leDr Mikel Garc\u00eda Le Dr Mikel Garc\u00eda Gorr\u00eda est titulaire d\u2019une licence en m\u00e9decine de l\u2019universit\u00e9 de Navarre, puis s\u2019est sp\u00e9cialis\u00e9 en m\u00e9decine familiale et communautaire, exer\u00e7ant au sein du syst\u00e8me de sant\u00e9 navarrais tout en approfondissant sa formation en&nbsp;: &#8211; Expert universitaire en acupuncture (U. Santiago Compostela)&#8211; Master &hellip; Qui sommes-nous&nbsp;? Lire la suite\u00a0\u00bb\" \/>\n<meta property=\"og:url\" content=\"https:\/\/centromediconaturae.com\/fr\/qui-sommes-nous\/\" \/>\n<meta property=\"og:site_name\" content=\"Centro M\u00e9dico Naturae\" \/>\n<meta property=\"article:modified_time\" content=\"2026-01-05T12:24:46+00:00\" \/>\n<meta property=\"og:image\" content=\"https:\/\/centromediconaturae.com\/wp-content\/uploads\/2023\/01\/mikel-naturae.jpg\" \/>\n<meta name=\"twitter:card\" content=\"summary_large_image\" \/>\n<meta name=\"twitter:label1\" content=\"Dur\u00e9e de lecture estim\u00e9e\" \/>\n\t<meta name=\"twitter:data1\" content=\"1 minute\" \/>\n<script type=\"application\/ld+json\" class=\"yoast-schema-graph\">{\"@context\":\"https:\/\/schema.org\",\"@graph\":[{\"@type\":\"WebPage\",\"@id\":\"https:\/\/centromediconaturae.com\/fr\/qui-sommes-nous\/\",\"url\":\"https:\/\/centromediconaturae.com\/fr\/qui-sommes-nous\/\",\"name\":\"Qui sommes-nous&nbsp;? | Centro M\u00e9dico Naturae\",\"isPartOf\":{\"@id\":\"https:\/\/centromediconaturae.com\/fr\/#website\"},\"datePublished\":\"2017-06-14T07:37:02+00:00\",\"dateModified\":\"2026-01-05T12:24:46+00:00\",\"breadcrumb\":{\"@id\":\"https:\/\/centromediconaturae.com\/fr\/qui-sommes-nous\/#breadcrumb\"},\"inLanguage\":\"fr-FR\",\"potentialAction\":[{\"@type\":\"ReadAction\",\"target\":[\"https:\/\/centromediconaturae.com\/fr\/qui-sommes-nous\/\"]}]},{\"@type\":\"BreadcrumbList\",\"@id\":\"https:\/\/centromediconaturae.com\/fr\/qui-sommes-nous\/#breadcrumb\",\"itemListElement\":[{\"@type\":\"ListItem\",\"position\":1,\"name\":\"Portada\",\"item\":\"https:\/\/centromediconaturae.com\/fr\/\"},{\"@type\":\"ListItem\",\"position\":2,\"name\":\"Qui sommes-nous&nbsp;?\"}]},{\"@type\":\"WebSite\",\"@id\":\"https:\/\/centromediconaturae.com\/fr\/#website\",\"url\":\"https:\/\/centromediconaturae.com\/fr\/\",\"name\":\"Centro M\u00e9dico Naturae\",\"description\":\"Medicina Est\u00e9tica Dr. Mikel Garc\u00eda\",\"publisher\":{\"@id\":\"https:\/\/centromediconaturae.com\/fr\/#organization\"},\"potentialAction\":[{\"@type\":\"SearchAction\",\"target\":{\"@type\":\"EntryPoint\",\"urlTemplate\":\"https:\/\/centromediconaturae.com\/fr\/?s={search_term_string}\"},\"query-input\":\"required name=search_term_string\"}],\"inLanguage\":\"fr-FR\"},{\"@type\":\"Organization\",\"@id\":\"https:\/\/centromediconaturae.com\/fr\/#organization\",\"name\":\"Centro M\u00e9dico Naturae\",\"url\":\"https:\/\/centromediconaturae.com\/fr\/\",\"logo\":{\"@type\":\"ImageObject\",\"inLanguage\":\"fr-FR\",\"@id\":\"https:\/\/centromediconaturae.com\/fr\/#\/schema\/logo\/image\/\",\"url\":\"https:\/\/centromediconaturae.com\/wp-content\/uploads\/2022\/09\/Logo-Naturae-claim.svg\",\"contentUrl\":\"https:\/\/centromediconaturae.com\/wp-content\/uploads\/2022\/09\/Logo-Naturae-claim.svg\",\"caption\":\"Centro M\u00e9dico Naturae\"},\"image\":{\"@id\":\"https:\/\/centromediconaturae.com\/fr\/#\/schema\/logo\/image\/\"}}]}<\/script>\n<!-- \/ Yoast SEO plugin. -->","yoast_head_json":{"title":"Qui sommes-nous&nbsp;? | Centro M\u00e9dico Naturae","robots":{"index":"index","follow":"follow","max-snippet":"max-snippet:-1","max-image-preview":"max-image-preview:large","max-video-preview":"max-video-preview:-1"},"canonical":"https:\/\/centromediconaturae.com\/fr\/qui-sommes-nous\/","og_locale":"fr_FR","og_type":"article","og_title":"Qui sommes-nous&nbsp;? | Centro M\u00e9dico Naturae","og_description":"Plus de 20 ans d\u2019exp\u00e9rience D\u00e9couvrez leDr Mikel Garc\u00eda Le Dr Mikel Garc\u00eda Gorr\u00eda est titulaire d\u2019une licence en m\u00e9decine de l\u2019universit\u00e9 de Navarre, puis s\u2019est sp\u00e9cialis\u00e9 en m\u00e9decine familiale et communautaire, exer\u00e7ant au sein du syst\u00e8me de sant\u00e9 navarrais tout en approfondissant sa formation en&nbsp;: &#8211; Expert universitaire en acupuncture (U. Santiago Compostela)&#8211; Master &hellip; Qui sommes-nous&nbsp;? Lire la suite\u00a0\u00bb","og_url":"https:\/\/centromediconaturae.com\/fr\/qui-sommes-nous\/","og_site_name":"Centro M\u00e9dico Naturae","article_modified_time":"2026-01-05T12:24:46+00:00","og_image":[{"url":"https:\/\/centromediconaturae.com\/wp-content\/uploads\/2023\/01\/mikel-naturae.jpg"}],"twitter_card":"summary_large_image","twitter_misc":{"Dur\u00e9e de lecture estim\u00e9e":"1 minute"},"schema":{"@context":"https:\/\/schema.org","@graph":[{"@type":"WebPage","@id":"https:\/\/centromediconaturae.com\/fr\/qui-sommes-nous\/","url":"https:\/\/centromediconaturae.com\/fr\/qui-sommes-nous\/","name":"Qui sommes-nous&nbsp;? | Centro M\u00e9dico Naturae","isPartOf":{"@id":"https:\/\/centromediconaturae.com\/fr\/#website"},"datePublished":"2017-06-14T07:37:02+00:00","dateModified":"2026-01-05T12:24:46+00:00","breadcrumb":{"@id":"https:\/\/centromediconaturae.com\/fr\/qui-sommes-nous\/#breadcrumb"},"inLanguage":"fr-FR","potentialAction":[{"@type":"ReadAction","target":["https:\/\/centromediconaturae.com\/fr\/qui-sommes-nous\/"]}]},{"@type":"BreadcrumbList","@id":"https:\/\/centromediconaturae.com\/fr\/qui-sommes-nous\/#breadcrumb","itemListElement":[{"@type":"ListItem","position":1,"name":"Portada","item":"https:\/\/centromediconaturae.com\/fr\/"},{"@type":"ListItem","position":2,"name":"Qui sommes-nous&nbsp;?"}]},{"@type":"WebSite","@id":"https:\/\/centromediconaturae.com\/fr\/#website","url":"https:\/\/centromediconaturae.com\/fr\/","name":"Centro M\u00e9dico Naturae","description":"Medicina Est\u00e9tica Dr. Mikel Garc\u00eda","publisher":{"@id":"https:\/\/centromediconaturae.com\/fr\/#organization"},"potentialAction":[{"@type":"SearchAction","target":{"@type":"EntryPoint","urlTemplate":"https:\/\/centromediconaturae.com\/fr\/?s={search_term_string}"},"query-input":"required name=search_term_string"}],"inLanguage":"fr-FR"},{"@type":"Organization","@id":"https:\/\/centromediconaturae.com\/fr\/#organization","name":"Centro M\u00e9dico Naturae","url":"https:\/\/centromediconaturae.com\/fr\/","logo":{"@type":"ImageObject","inLanguage":"fr-FR","@id":"https:\/\/centromediconaturae.com\/fr\/#\/schema\/logo\/image\/","url":"https:\/\/centromediconaturae.com\/wp-content\/uploads\/2022\/09\/Logo-Naturae-claim.svg","contentUrl":"https:\/\/centromediconaturae.com\/wp-content\/uploads\/2022\/09\/Logo-Naturae-claim.svg","caption":"Centro M\u00e9dico Naturae"},"image":{"@id":"https:\/\/centromediconaturae.com\/fr\/#\/schema\/logo\/image\/"}}]}},"_links":{"self":[{"href":"https:\/\/centromediconaturae.com\/fr\/wp-json\/wp\/v2\/pages\/7736","targetHints":{"allow":["GET"]}}],"collection":[{"href":"https:\/\/centromediconaturae.com\/fr\/wp-json\/wp\/v2\/pages"}],"about":[{"href":"https:\/\/centromediconaturae.com\/fr\/wp-json\/wp\/v2\/types\/page"}],"author":[{"embeddable":true,"href":"https:\/\/centromediconaturae.com\/fr\/wp-json\/wp\/v2\/users\/1"}],"replies":[{"embeddable":true,"href":"https:\/\/centromediconaturae.com\/fr\/wp-json\/wp\/v2\/comments?post=7736"}],"version-history":[{"count":1,"href":"https:\/\/centromediconaturae.com\/fr\/wp-json\/wp\/v2\/pages\/7736\/revisions"}],"predecessor-version":[{"id":7739,"href":"https:\/\/centromediconaturae.com\/fr\/wp-json\/wp\/v2\/pages\/7736\/revisions\/7739"}],"wp:attachment":[{"href":"https:\/\/centromediconaturae.com\/fr\/wp-json\/wp\/v2\/media?parent=7736"}],"curies":[{"name":"wp","href":"https:\/\/api.w.org\/{rel}","templated":true}]}}