{"id":7764,"date":"2023-01-19T09:01:44","date_gmt":"2023-01-19T09:01:44","guid":{"rendered":"https:\/\/centromediconaturae.com\/multimedia\/"},"modified":"2026-01-05T12:28:28","modified_gmt":"2026-01-05T12:28:28","slug":"multimedia","status":"publish","type":"page","link":"https:\/\/centromediconaturae.com\/fr\/multimedia\/","title":{"rendered":"Multim\u00e9dia"},"content":{"rendered":"\t\t<div data-elementor-type=\"wp-page\" data-elementor-id=\"7764\" class=\"elementor elementor-7764 elementor-6744\" data-elementor-post-type=\"page\">\n\t\t\t\t\t\t<section class=\"elementor-section elementor-top-section elementor-element elementor-element-3fc730b elementor-section-boxed elementor-section-height-default elementor-section-height-default\" data-id=\"3fc730b\" data-element_type=\"section\">\n\t\t\t\t\t\t<div class=\"elementor-container elementor-column-gap-default\">\n\t\t\t\t\t<div class=\"elementor-column elementor-col-100 elementor-top-column elementor-element elementor-element-9e3cb8c\" data-id=\"9e3cb8c\" data-element_type=\"column\">\n\t\t\t<div class=\"elementor-widget-wrap elementor-element-populated\">\n\t\t\t\t\t\t<div class=\"elementor-element elementor-element-adb6b61 elementor-widget-divider--view-line_icon elementor-view-default elementor-widget-divider--element-align-center elementor-widget elementor-widget-divider\" data-id=\"adb6b61\" data-element_type=\"widget\" data-widget_type=\"divider.default\">\n\t\t\t\t<div class=\"elementor-widget-container\">\n\t\t\t\t\t\t\t<div class=\"elementor-divider\">\n\t\t\t<span class=\"elementor-divider-separator\">\n\t\t\t\t\t\t\t<div class=\"elementor-icon elementor-divider__element\">\n\t\t\t\t\t<svg xmlns=\"http:\/\/www.w3.org\/2000\/svg\" viewBox=\"0 0 141.97 75.48\"><defs><style>.cls-1{fill-rule:evenodd;}<\/style><\/defs><g id=\"Capa_2\" data-name=\"Capa 2\"><g id=\"Capa_1-2\" data-name=\"Capa 1\"><path class=\"cls-1\" d=\"M23.74,9.43V39.07q0,2.31-4.19,2.31l-.94,3.77H42.9L42,41.38c-2.72,0-4.09-.77-4.09-2.31V21.44L74.44,58Q83.65,67.1,90,70.88a33.31,33.31,0,0,0,17,4.6h35L141,71.71q-4.08,0-4.08-2.31V51.35Q136.94,49,141,49l.95-3.77H117.68l.94,3.77q4.18,0,4.19,2.31V69.41a1.94,1.94,0,0,1-2.31,2.2,31,31,0,0,1-15-5.23q-5.76-3.67-14.24-12.15L54.65,17.59q-9.21-9.1-15.6-12.88A33.49,33.49,0,0,0,22,.1L0,0,1.05,3.87H5.13A33.55,33.55,0,0,1,22.2,8.48C22.7,8.77,23.21,9.09,23.74,9.43Z\"><\/path><\/g><\/g><\/svg><\/div>\n\t\t\t\t\t\t<\/span>\n\t\t<\/div>\n\t\t\t\t\t\t<\/div>\n\t\t\t\t<\/div>\n\t\t\t\t<div class=\"elementor-element elementor-element-b52d0f0 elementor-widget elementor-widget-heading\" data-id=\"b52d0f0\" data-element_type=\"widget\" data-widget_type=\"heading.default\">\n\t\t\t\t<div class=\"elementor-widget-container\">\n\t\t\t\t\t<h2 class=\"elementor-heading-title elementor-size-default\">Naturae dans la presse<\/h2>\t\t\t\t<\/div>\n\t\t\t\t<\/div>\n\t\t\t\t<div class=\"elementor-element elementor-element-bafdbf4 elementor-widget elementor-widget-gallery\" data-id=\"bafdbf4\" data-element_type=\"widget\" data-settings=\"{&quot;columns&quot;:5,&quot;columns_tablet&quot;:3,&quot;columns_mobile&quot;:2,&quot;lazyload&quot;:&quot;yes&quot;,&quot;gallery_layout&quot;:&quot;grid&quot;,&quot;gap&quot;:{&quot;unit&quot;:&quot;px&quot;,&quot;size&quot;:10,&quot;sizes&quot;:[]},&quot;gap_tablet&quot;:{&quot;unit&quot;:&quot;px&quot;,&quot;size&quot;:10,&quot;sizes&quot;:[]},&quot;gap_mobile&quot;:{&quot;unit&quot;:&quot;px&quot;,&quot;size&quot;:10,&quot;sizes&quot;:[]},&quot;link_to&quot;:&quot;file&quot;,&quot;aspect_ratio&quot;:&quot;3:2&quot;,&quot;overlay_background&quot;:&quot;yes&quot;,&quot;content_hover_animation&quot;:&quot;fade-in&quot;}\" data-widget_type=\"gallery.default\">\n\t\t\t\t<div class=\"elementor-widget-container\">\n\t\t\t\t\t\t\t<div class=\"elementor-gallery__container\">\n\t\t\t\t\t\t\t<a class=\"e-gallery-item elementor-gallery-item elementor-animated-content\" href=\"https:\/\/centromediconaturae.com\/wp-content\/uploads\/2023\/01\/conferencia-en-barcelona.jpg\" data-elementor-open-lightbox=\"yes\" data-elementor-lightbox-slideshow=\"bafdbf4\" data-elementor-lightbox-title=\"conf\u00e9rence-\u00e0-barcelone\" data-e-action-hash=\"#elementor-action%3Aaction%3Dlightbox%26settings%3DeyJpZCI6Nzc1NSwidXJsIjoiaHR0cHM6XC9cL2NlbnRyb21lZGljb25hdHVyYWUuY29tXC93cC1jb250ZW50XC91cGxvYWRzXC8yMDIzXC8wMVwvY29uZmVyZW5jaWEtZW4tYmFyY2Vsb25hLmpwZyIsInNsaWRlc2hvdyI6ImJhZmRiZjQifQ%3D%3D\">\n\t\t\t\t\t<div class=\"e-gallery-image elementor-gallery-item__image\" data-thumbnail=\"https:\/\/centromediconaturae.com\/wp-content\/uploads\/2023\/01\/conferencia-en-barcelona.jpg\" data-width=\"707\" data-height=\"500\" aria-label=\"\" role=\"img\" ><\/div>\n\t\t\t\t\t\t\t\t\t\t\t<div class=\"elementor-gallery-item__overlay\"><\/div>\n\t\t\t\t\t\t\t\t\t\t\t\t\t\t<\/a>\n\t\t\t\t\t\t\t<a class=\"e-gallery-item elementor-gallery-item elementor-animated-content\" href=\"https:\/\/centromediconaturae.com\/wp-content\/uploads\/2023\/01\/conferencia.jpg\" data-elementor-open-lightbox=\"yes\" data-elementor-lightbox-slideshow=\"bafdbf4\" data-elementor-lightbox-title=\"conf\u00e9rence\" data-e-action-hash=\"#elementor-action%3Aaction%3Dlightbox%26settings%3DeyJpZCI6Nzc1NiwidXJsIjoiaHR0cHM6XC9cL2NlbnRyb21lZGljb25hdHVyYWUuY29tXC93cC1jb250ZW50XC91cGxvYWRzXC8yMDIzXC8wMVwvY29uZmVyZW5jaWEuanBnIiwic2xpZGVzaG93IjoiYmFmZGJmNCJ9\">\n\t\t\t\t\t<div class=\"e-gallery-image elementor-gallery-item__image\" data-thumbnail=\"https:\/\/centromediconaturae.com\/wp-content\/uploads\/2023\/01\/conferencia.jpg\" data-width=\"1018\" data-height=\"500\" aria-label=\"\" role=\"img\" ><\/div>\n\t\t\t\t\t\t\t\t\t\t\t<div class=\"elementor-gallery-item__overlay\"><\/div>\n\t\t\t\t\t\t\t\t\t\t\t\t\t\t<\/a>\n\t\t\t\t\t\t\t<a class=\"e-gallery-item elementor-gallery-item elementor-animated-content\" href=\"https:\/\/centromediconaturae.com\/wp-content\/uploads\/2023\/01\/conferencia-baluarte.jpg\" data-elementor-open-lightbox=\"yes\" data-elementor-lightbox-slideshow=\"bafdbf4\" data-elementor-lightbox-title=\"conf\u00e9rence-baluarte\" data-e-action-hash=\"#elementor-action%3Aaction%3Dlightbox%26settings%3DeyJpZCI6Nzc1NywidXJsIjoiaHR0cHM6XC9cL2NlbnRyb21lZGljb25hdHVyYWUuY29tXC93cC1jb250ZW50XC91cGxvYWRzXC8yMDIzXC8wMVwvY29uZmVyZW5jaWEtYmFsdWFydGUuanBnIiwic2xpZGVzaG93IjoiYmFmZGJmNCJ9\">\n\t\t\t\t\t<div class=\"e-gallery-image elementor-gallery-item__image\" data-thumbnail=\"https:\/\/centromediconaturae.com\/wp-content\/uploads\/2023\/01\/conferencia-baluarte.jpg\" data-width=\"816\" data-height=\"500\" aria-label=\"\" role=\"img\" ><\/div>\n\t\t\t\t\t\t\t\t\t\t\t<div class=\"elementor-gallery-item__overlay\"><\/div>\n\t\t\t\t\t\t\t\t\t\t\t\t\t\t<\/a>\n\t\t\t\t\t\t\t<a class=\"e-gallery-item elementor-gallery-item elementor-animated-content\" href=\"https:\/\/centromediconaturae.com\/wp-content\/uploads\/2023\/01\/emprendedor-en-tiempos-de-crisis.jpg\" data-elementor-open-lightbox=\"yes\" data-elementor-lightbox-slideshow=\"bafdbf4\" data-elementor-lightbox-title=\"entrepreneur-en-temps-de-crise\" data-e-action-hash=\"#elementor-action%3Aaction%3Dlightbox%26settings%3DeyJpZCI6Nzc1OCwidXJsIjoiaHR0cHM6XC9cL2NlbnRyb21lZGljb25hdHVyYWUuY29tXC93cC1jb250ZW50XC91cGxvYWRzXC8yMDIzXC8wMVwvZW1wcmVuZGVkb3ItZW4tdGllbXBvcy1kZS1jcmlzaXMuanBnIiwic2xpZGVzaG93IjoiYmFmZGJmNCJ9\">\n\t\t\t\t\t<div class=\"e-gallery-image elementor-gallery-item__image\" data-thumbnail=\"https:\/\/centromediconaturae.com\/wp-content\/uploads\/2023\/01\/emprendedor-en-tiempos-de-crisis.jpg\" data-width=\"701\" data-height=\"941\" aria-label=\"\" role=\"img\" ><\/div>\n\t\t\t\t\t\t\t\t\t\t\t<div class=\"elementor-gallery-item__overlay\"><\/div>\n\t\t\t\t\t\t\t\t\t\t\t\t\t\t<\/a>\n\t\t\t\t\t\t\t<a class=\"e-gallery-item elementor-gallery-item elementor-animated-content\" href=\"https:\/\/centromediconaturae.com\/wp-content\/uploads\/2023\/01\/ponencia-en-barcelona.jpg\" data-elementor-open-lightbox=\"yes\" data-elementor-lightbox-slideshow=\"bafdbf4\" data-elementor-lightbox-title=\"pr\u00e9sentation-\u00e0-barcelone\" data-e-action-hash=\"#elementor-action%3Aaction%3Dlightbox%26settings%3DeyJpZCI6Nzc1OSwidXJsIjoiaHR0cHM6XC9cL2NlbnRyb21lZGljb25hdHVyYWUuY29tXC93cC1jb250ZW50XC91cGxvYWRzXC8yMDIzXC8wMVwvcG9uZW5jaWEtZW4tYmFyY2Vsb25hLmpwZyIsInNsaWRlc2hvdyI6ImJhZmRiZjQifQ%3D%3D\">\n\t\t\t\t\t<div class=\"e-gallery-image elementor-gallery-item__image\" data-thumbnail=\"https:\/\/centromediconaturae.com\/wp-content\/uploads\/2023\/01\/ponencia-en-barcelona.jpg\" data-width=\"707\" data-height=\"500\" aria-label=\"\" role=\"img\" ><\/div>\n\t\t\t\t\t\t\t\t\t\t\t<div class=\"elementor-gallery-item__overlay\"><\/div>\n\t\t\t\t\t\t\t\t\t\t\t\t\t\t<\/a>\n\t\t\t\t\t\t\t<a class=\"e-gallery-item elementor-gallery-item elementor-animated-content\" href=\"https:\/\/centromediconaturae.com\/wp-content\/uploads\/2023\/01\/ponencia-universidad.jpg\" data-elementor-open-lightbox=\"yes\" data-elementor-lightbox-slideshow=\"bafdbf4\" data-elementor-lightbox-title=\"pr\u00e9sentation-universit\u00e9\" data-e-action-hash=\"#elementor-action%3Aaction%3Dlightbox%26settings%3DeyJpZCI6Nzc2MCwidXJsIjoiaHR0cHM6XC9cL2NlbnRyb21lZGljb25hdHVyYWUuY29tXC93cC1jb250ZW50XC91cGxvYWRzXC8yMDIzXC8wMVwvcG9uZW5jaWEtdW5pdmVyc2lkYWQuanBnIiwic2xpZGVzaG93IjoiYmFmZGJmNCJ9\">\n\t\t\t\t\t<div class=\"e-gallery-image elementor-gallery-item__image\" data-thumbnail=\"https:\/\/centromediconaturae.com\/wp-content\/uploads\/2023\/01\/ponencia-universidad.jpg\" data-width=\"707\" data-height=\"500\" aria-label=\"\" role=\"img\" ><\/div>\n\t\t\t\t\t\t\t\t\t\t\t<div class=\"elementor-gallery-item__overlay\"><\/div>\n\t\t\t\t\t\t\t\t\t\t\t\t\t\t<\/a>\n\t\t\t\t\t\t\t<a class=\"e-gallery-item elementor-gallery-item elementor-animated-content\" href=\"https:\/\/centromediconaturae.com\/wp-content\/uploads\/2023\/01\/formador-docente.jpg\" data-elementor-open-lightbox=\"yes\" data-elementor-lightbox-slideshow=\"bafdbf4\" data-elementor-lightbox-title=\"formateur-enseignant\" data-e-action-hash=\"#elementor-action%3Aaction%3Dlightbox%26settings%3DeyJpZCI6Nzc2MSwidXJsIjoiaHR0cHM6XC9cL2NlbnRyb21lZGljb25hdHVyYWUuY29tXC93cC1jb250ZW50XC91cGxvYWRzXC8yMDIzXC8wMVwvZm9ybWFkb3ItZG9jZW50ZS5qcGciLCJzbGlkZXNob3ciOiJiYWZkYmY0In0%3D\">\n\t\t\t\t\t<div class=\"e-gallery-image elementor-gallery-item__image\" data-thumbnail=\"https:\/\/centromediconaturae.com\/wp-content\/uploads\/2023\/01\/formador-docente.jpg\" data-width=\"626\" data-height=\"500\" aria-label=\"\" role=\"img\" ><\/div>\n\t\t\t\t\t\t\t\t\t\t\t<div class=\"elementor-gallery-item__overlay\"><\/div>\n\t\t\t\t\t\t\t\t\t\t\t\t\t\t<\/a>\n\t\t\t\t\t\t\t<a class=\"e-gallery-item elementor-gallery-item elementor-animated-content\" href=\"https:\/\/centromediconaturae.com\/wp-content\/uploads\/2023\/01\/finalista-europeo.jpg\" data-elementor-open-lightbox=\"yes\" data-elementor-lightbox-slideshow=\"bafdbf4\" data-elementor-lightbox-title=\"finaliste-europ\u00e9en\" data-e-action-hash=\"#elementor-action%3Aaction%3Dlightbox%26settings%3DeyJpZCI6Nzc2MiwidXJsIjoiaHR0cHM6XC9cL2NlbnRyb21lZGljb25hdHVyYWUuY29tXC93cC1jb250ZW50XC91cGxvYWRzXC8yMDIzXC8wMVwvZmluYWxpc3RhLWV1cm9wZW8uanBnIiwic2xpZGVzaG93IjoiYmFmZGJmNCJ9\">\n\t\t\t\t\t<div class=\"e-gallery-image elementor-gallery-item__image\" data-thumbnail=\"https:\/\/centromediconaturae.com\/wp-content\/uploads\/2023\/01\/finalista-europeo.jpg\" data-width=\"695\" data-height=\"500\" aria-label=\"\" role=\"img\" ><\/div>\n\t\t\t\t\t\t\t\t\t\t\t<div class=\"elementor-gallery-item__overlay\"><\/div>\n\t\t\t\t\t\t\t\t\t\t\t\t\t\t<\/a>\n\t\t\t\t\t\t\t<a class=\"e-gallery-item elementor-gallery-item elementor-animated-content\" href=\"https:\/\/centromediconaturae.com\/wp-content\/uploads\/2023\/01\/primer-premio-merz.jpg\" data-elementor-open-lightbox=\"yes\" data-elementor-lightbox-slideshow=\"bafdbf4\" data-elementor-lightbox-title=\"premier-prix-merz\" data-e-action-hash=\"#elementor-action%3Aaction%3Dlightbox%26settings%3DeyJpZCI6Nzc2MywidXJsIjoiaHR0cHM6XC9cL2NlbnRyb21lZGljb25hdHVyYWUuY29tXC93cC1jb250ZW50XC91cGxvYWRzXC8yMDIzXC8wMVwvcHJpbWVyLXByZW1pby1tZXJ6LmpwZyIsInNsaWRlc2hvdyI6ImJhZmRiZjQifQ%3D%3D\">\n\t\t\t\t\t<div class=\"e-gallery-image elementor-gallery-item__image\" data-thumbnail=\"https:\/\/centromediconaturae.com\/wp-content\/uploads\/2023\/01\/primer-premio-merz.jpg\" data-width=\"429\" data-height=\"500\" aria-label=\"\" role=\"img\" ><\/div>\n\t\t\t\t\t\t\t\t\t\t\t<div class=\"elementor-gallery-item__overlay\"><\/div>\n\t\t\t\t\t\t\t\t\t\t\t\t\t\t<\/a>\n\t\t\t\t\t<\/div>\n\t\t\t\t\t<\/div>\n\t\t\t\t<\/div>\n\t\t\t\t\t<\/div>\n\t\t<\/div>\n\t\t\t\t\t<\/div>\n\t\t<\/section>\n\t\t\t\t<section class=\"elementor-section elementor-top-section elementor-element elementor-element-a4e1c12 elementor-section-boxed elementor-section-height-default elementor-section-height-default\" data-id=\"a4e1c12\" data-element_type=\"section\" data-settings=\"{&quot;background_background&quot;:&quot;classic&quot;}\">\n\t\t\t\t\t\t<div class=\"elementor-container elementor-column-gap-default\">\n\t\t\t\t\t<div class=\"elementor-column elementor-col-100 elementor-top-column elementor-element elementor-element-c183044\" data-id=\"c183044\" data-element_type=\"column\">\n\t\t\t<div class=\"elementor-widget-wrap elementor-element-populated\">\n\t\t\t\t\t\t<div class=\"elementor-element elementor-element-5223e66 elementor-widget elementor-widget-image\" data-id=\"5223e66\" data-element_type=\"widget\" data-widget_type=\"image.default\">\n\t\t\t\t<div class=\"elementor-widget-container\">\n\t\t\t\t\t\t\t\t\t\t\t\t\t\t\t<img fetchpriority=\"high\" decoding=\"async\" width=\"1024\" height=\"355\" src=\"https:\/\/centromediconaturae.com\/wp-content\/uploads\/2022\/09\/premio5.svg\" class=\"attachment-large size-large wp-image-7689\" alt=\"\" \/>\t\t\t\t\t\t\t\t\t\t\t\t\t\t\t<\/div>\n\t\t\t\t<\/div>\n\t\t\t\t<div class=\"elementor-element elementor-element-0f9ab73 elementor-align-center elementor-widget elementor-widget-button\" data-id=\"0f9ab73\" data-element_type=\"widget\" data-widget_type=\"button.default\">\n\t\t\t\t<div class=\"elementor-widget-container\">\n\t\t\t\t\t\t\t\t\t<div class=\"elementor-button-wrapper\">\n\t\t\t\t\t<a class=\"elementor-button elementor-button-link elementor-size-sm\" href=\"https:\/\/centromediconaturae.com\/wp-content\/uploads\/2016\/05\/ENTREVISTA.pdf\" target=\"_blank\">\n\t\t\t\t\t\t<span class=\"elementor-button-content-wrapper\">\n\t\t\t\t\t\t<span class=\"elementor-button-icon\">\n\t\t\t\t<svg xmlns=\"http:\/\/www.w3.org\/2000\/svg\" xmlns:xlink=\"http:\/\/www.w3.org\/1999\/xlink\" id=\"Capa_1\" x=\"0px\" y=\"0px\" viewBox=\"0 0 40.9 27.5\" style=\"enable-background:new 0 0 40.9 27.5;\" xml:space=\"preserve\"><style type=\"text\/css\">\t.st0{fill:#122024;}<\/style><path class=\"st0\" d=\"M27.4,0.3c-0.3-0.3-0.9-0.3-1.3,0c-0.3,0.3-0.3,0.9,0,1.3l11.3,11.3H0.9c-0.5,0-0.9,0.4-0.9,0.9 s0.4,0.9,0.9,0.9h36.6L26.2,26c-0.2,0.2-0.3,0.4-0.3,0.6c0,0.2,0.1,0.5,0.3,0.6c0.3,0.3,0.9,0.3,1.3,0l13.5-13.5L27.4,0.3z\"><\/path><\/svg>\t\t\t<\/span>\n\t\t\t\t\t\t\t\t\t<span class=\"elementor-button-text\">Lire l\u2019article complet<\/span>\n\t\t\t\t\t<\/span>\n\t\t\t\t\t<\/a>\n\t\t\t\t<\/div>\n\t\t\t\t\t\t\t\t<\/div>\n\t\t\t\t<\/div>\n\t\t\t\t\t<\/div>\n\t\t<\/div>\n\t\t\t\t\t<\/div>\n\t\t<\/section>\n\t\t\t\t<section class=\"elementor-section elementor-top-section elementor-element elementor-element-b4965aa elementor-section-boxed elementor-section-height-default elementor-section-height-default\" data-id=\"b4965aa\" data-element_type=\"section\">\n\t\t\t\t\t\t<div class=\"elementor-container elementor-column-gap-default\">\n\t\t\t\t\t<div class=\"elementor-column elementor-col-100 elementor-top-column elementor-element elementor-element-2088127\" data-id=\"2088127\" data-element_type=\"column\">\n\t\t\t<div class=\"elementor-widget-wrap elementor-element-populated\">\n\t\t\t\t\t\t<div class=\"elementor-element elementor-element-69c357f elementor-widget-divider--view-line_icon elementor-view-default elementor-widget-divider--element-align-center elementor-widget elementor-widget-divider\" data-id=\"69c357f\" data-element_type=\"widget\" data-widget_type=\"divider.default\">\n\t\t\t\t<div class=\"elementor-widget-container\">\n\t\t\t\t\t\t\t<div class=\"elementor-divider\">\n\t\t\t<span class=\"elementor-divider-separator\">\n\t\t\t\t\t\t\t<div class=\"elementor-icon elementor-divider__element\">\n\t\t\t\t\t<svg xmlns=\"http:\/\/www.w3.org\/2000\/svg\" viewBox=\"0 0 141.97 75.48\"><defs><style>.cls-1{fill-rule:evenodd;}<\/style><\/defs><g id=\"Capa_2\" data-name=\"Capa 2\"><g id=\"Capa_1-2\" data-name=\"Capa 1\"><path class=\"cls-1\" d=\"M23.74,9.43V39.07q0,2.31-4.19,2.31l-.94,3.77H42.9L42,41.38c-2.72,0-4.09-.77-4.09-2.31V21.44L74.44,58Q83.65,67.1,90,70.88a33.31,33.31,0,0,0,17,4.6h35L141,71.71q-4.08,0-4.08-2.31V51.35Q136.94,49,141,49l.95-3.77H117.68l.94,3.77q4.18,0,4.19,2.31V69.41a1.94,1.94,0,0,1-2.31,2.2,31,31,0,0,1-15-5.23q-5.76-3.67-14.24-12.15L54.65,17.59q-9.21-9.1-15.6-12.88A33.49,33.49,0,0,0,22,.1L0,0,1.05,3.87H5.13A33.55,33.55,0,0,1,22.2,8.48C22.7,8.77,23.21,9.09,23.74,9.43Z\"><\/path><\/g><\/g><\/svg><\/div>\n\t\t\t\t\t\t<\/span>\n\t\t<\/div>\n\t\t\t\t\t\t<\/div>\n\t\t\t\t<\/div>\n\t\t\t\t<div class=\"elementor-element elementor-element-370634f elementor-widget elementor-widget-heading\" data-id=\"370634f\" data-element_type=\"widget\" data-widget_type=\"heading.default\">\n\t\t\t\t<div class=\"elementor-widget-container\">\n\t\t\t\t\t<h2 class=\"elementor-heading-title elementor-size-default\">Flashmob Naturae Medicina Est\u00e9tica<\/h2>\t\t\t\t<\/div>\n\t\t\t\t<\/div>\n\t\t\t\t<section class=\"elementor-section elementor-inner-section elementor-element elementor-element-24dcdbc elementor-section-boxed elementor-section-height-default elementor-section-height-default\" data-id=\"24dcdbc\" data-element_type=\"section\">\n\t\t\t\t\t\t<div class=\"elementor-container elementor-column-gap-default\">\n\t\t\t\t\t<div class=\"elementor-column elementor-col-100 elementor-inner-column elementor-element elementor-element-eed62f7\" data-id=\"eed62f7\" data-element_type=\"column\">\n\t\t\t<div class=\"elementor-widget-wrap elementor-element-populated\">\n\t\t\t\t\t\t<div class=\"elementor-element elementor-element-b1cca41 elementor-widget elementor-widget-video\" data-id=\"b1cca41\" data-element_type=\"widget\" data-settings=\"{&quot;video_type&quot;:&quot;vimeo&quot;}\" data-widget_type=\"video.default\">\n\t\t\t\t<div class=\"elementor-widget-container\">\n\t\t\t\t\t\t\t<div class=\"elementor-wrapper elementor-open-inline\">\n\t\t\t<iframe class=\"elementor-video-iframe\" allowfullscreen allow=\"clipboard-write\" title=\"Lecteur vid\u00e9o vimeo\" src=\"https:\/\/player.vimeo.com\/video\/103111031?color&amp;autopause=0&amp;loop=0&amp;muted=0&amp;title=1&amp;portrait=1&amp;byline=1#t=\"><\/iframe>\t\t<\/div>\n\t\t\t\t\t\t<\/div>\n\t\t\t\t<\/div>\n\t\t\t\t\t<\/div>\n\t\t<\/div>\n\t\t\t\t\t<\/div>\n\t\t<\/section>\n\t\t\t\t\t<\/div>\n\t\t<\/div>\n\t\t\t\t\t<\/div>\n\t\t<\/section>\n\t\t\t\t<\/div>\n\t\t","protected":false},"excerpt":{"rendered":"<p>Naturae dans la presse Lire l\u2019article complet Flashmob Naturae Medicina Est\u00e9tica<\/p>\n","protected":false},"author":1,"featured_media":0,"parent":0,"menu_order":0,"comment_status":"closed","ping_status":"closed","template":"","meta":{"site-sidebar-layout":"no-sidebar","site-content-layout":"page-builder","ast-global-header-display":"","ast-main-header-display":"","ast-hfb-above-header-display":"","ast-hfb-below-header-display":"","ast-hfb-mobile-header-display":"","site-post-title":"disabled","ast-breadcrumbs-content":"","ast-featured-img":"disabled","footer-sml-layout":"","theme-transparent-header-meta":"default","adv-header-id-meta":"","stick-header-meta":"","header-above-stick-meta":"","header-main-stick-meta":"","header-below-stick-meta":"","footnotes":""},"class_list":["post-7764","page","type-page","status-publish","hentry"],"yoast_head":"<!-- This site is optimized with the Yoast SEO plugin v20.1 - https:\/\/yoast.com\/wordpress\/plugins\/seo\/ -->\n<title>Multim\u00e9dia | Centro M\u00e9dico Naturae<\/title>\n<meta name=\"robots\" content=\"index, follow, max-snippet:-1, max-image-preview:large, max-video-preview:-1\" \/>\n<link rel=\"canonical\" href=\"https:\/\/centromediconaturae.com\/fr\/multimedia\/\" \/>\n<meta property=\"og:locale\" content=\"fr_FR\" \/>\n<meta property=\"og:type\" content=\"article\" \/>\n<meta property=\"og:title\" content=\"Multim\u00e9dia | Centro M\u00e9dico Naturae\" \/>\n<meta property=\"og:description\" content=\"Naturae dans la presse Lire l\u2019article complet Flashmob Naturae Medicina Est\u00e9tica\" \/>\n<meta property=\"og:url\" content=\"https:\/\/centromediconaturae.com\/fr\/multimedia\/\" \/>\n<meta property=\"og:site_name\" content=\"Centro M\u00e9dico Naturae\" \/>\n<meta property=\"article:modified_time\" content=\"2026-01-05T12:28:28+00:00\" \/>\n<meta property=\"og:image\" content=\"https:\/\/centromediconaturae.com\/wp-content\/uploads\/2022\/09\/premio5.svg\" \/>\n<meta name=\"twitter:card\" content=\"summary_large_image\" \/>\n<script type=\"application\/ld+json\" class=\"yoast-schema-graph\">{\"@context\":\"https:\/\/schema.org\",\"@graph\":[{\"@type\":\"WebPage\",\"@id\":\"https:\/\/centromediconaturae.com\/fr\/multimedia\/\",\"url\":\"https:\/\/centromediconaturae.com\/fr\/multimedia\/\",\"name\":\"Multim\u00e9dia | Centro M\u00e9dico Naturae\",\"isPartOf\":{\"@id\":\"https:\/\/centromediconaturae.com\/fr\/#website\"},\"datePublished\":\"2023-01-19T09:01:44+00:00\",\"dateModified\":\"2026-01-05T12:28:28+00:00\",\"breadcrumb\":{\"@id\":\"https:\/\/centromediconaturae.com\/fr\/multimedia\/#breadcrumb\"},\"inLanguage\":\"fr-FR\",\"potentialAction\":[{\"@type\":\"ReadAction\",\"target\":[\"https:\/\/centromediconaturae.com\/fr\/multimedia\/\"]}]},{\"@type\":\"BreadcrumbList\",\"@id\":\"https:\/\/centromediconaturae.com\/fr\/multimedia\/#breadcrumb\",\"itemListElement\":[{\"@type\":\"ListItem\",\"position\":1,\"name\":\"Portada\",\"item\":\"https:\/\/centromediconaturae.com\/fr\/\"},{\"@type\":\"ListItem\",\"position\":2,\"name\":\"Multim\u00e9dia\"}]},{\"@type\":\"WebSite\",\"@id\":\"https:\/\/centromediconaturae.com\/fr\/#website\",\"url\":\"https:\/\/centromediconaturae.com\/fr\/\",\"name\":\"Centro M\u00e9dico Naturae\",\"description\":\"Medicina Est\u00e9tica Dr. Mikel Garc\u00eda\",\"publisher\":{\"@id\":\"https:\/\/centromediconaturae.com\/fr\/#organization\"},\"potentialAction\":[{\"@type\":\"SearchAction\",\"target\":{\"@type\":\"EntryPoint\",\"urlTemplate\":\"https:\/\/centromediconaturae.com\/fr\/?s={search_term_string}\"},\"query-input\":\"required name=search_term_string\"}],\"inLanguage\":\"fr-FR\"},{\"@type\":\"Organization\",\"@id\":\"https:\/\/centromediconaturae.com\/fr\/#organization\",\"name\":\"Centro M\u00e9dico Naturae\",\"url\":\"https:\/\/centromediconaturae.com\/fr\/\",\"logo\":{\"@type\":\"ImageObject\",\"inLanguage\":\"fr-FR\",\"@id\":\"https:\/\/centromediconaturae.com\/fr\/#\/schema\/logo\/image\/\",\"url\":\"https:\/\/centromediconaturae.com\/wp-content\/uploads\/2022\/09\/Logo-Naturae-claim.svg\",\"contentUrl\":\"https:\/\/centromediconaturae.com\/wp-content\/uploads\/2022\/09\/Logo-Naturae-claim.svg\",\"caption\":\"Centro M\u00e9dico Naturae\"},\"image\":{\"@id\":\"https:\/\/centromediconaturae.com\/fr\/#\/schema\/logo\/image\/\"}}]}<\/script>\n<!-- \/ Yoast SEO plugin. -->","yoast_head_json":{"title":"Multim\u00e9dia | Centro M\u00e9dico Naturae","robots":{"index":"index","follow":"follow","max-snippet":"max-snippet:-1","max-image-preview":"max-image-preview:large","max-video-preview":"max-video-preview:-1"},"canonical":"https:\/\/centromediconaturae.com\/fr\/multimedia\/","og_locale":"fr_FR","og_type":"article","og_title":"Multim\u00e9dia | Centro M\u00e9dico Naturae","og_description":"Naturae dans la presse Lire l\u2019article complet Flashmob Naturae Medicina Est\u00e9tica","og_url":"https:\/\/centromediconaturae.com\/fr\/multimedia\/","og_site_name":"Centro M\u00e9dico Naturae","article_modified_time":"2026-01-05T12:28:28+00:00","og_image":[{"url":"https:\/\/centromediconaturae.com\/wp-content\/uploads\/2022\/09\/premio5.svg"}],"twitter_card":"summary_large_image","schema":{"@context":"https:\/\/schema.org","@graph":[{"@type":"WebPage","@id":"https:\/\/centromediconaturae.com\/fr\/multimedia\/","url":"https:\/\/centromediconaturae.com\/fr\/multimedia\/","name":"Multim\u00e9dia | Centro M\u00e9dico Naturae","isPartOf":{"@id":"https:\/\/centromediconaturae.com\/fr\/#website"},"datePublished":"2023-01-19T09:01:44+00:00","dateModified":"2026-01-05T12:28:28+00:00","breadcrumb":{"@id":"https:\/\/centromediconaturae.com\/fr\/multimedia\/#breadcrumb"},"inLanguage":"fr-FR","potentialAction":[{"@type":"ReadAction","target":["https:\/\/centromediconaturae.com\/fr\/multimedia\/"]}]},{"@type":"BreadcrumbList","@id":"https:\/\/centromediconaturae.com\/fr\/multimedia\/#breadcrumb","itemListElement":[{"@type":"ListItem","position":1,"name":"Portada","item":"https:\/\/centromediconaturae.com\/fr\/"},{"@type":"ListItem","position":2,"name":"Multim\u00e9dia"}]},{"@type":"WebSite","@id":"https:\/\/centromediconaturae.com\/fr\/#website","url":"https:\/\/centromediconaturae.com\/fr\/","name":"Centro M\u00e9dico Naturae","description":"Medicina Est\u00e9tica Dr. Mikel Garc\u00eda","publisher":{"@id":"https:\/\/centromediconaturae.com\/fr\/#organization"},"potentialAction":[{"@type":"SearchAction","target":{"@type":"EntryPoint","urlTemplate":"https:\/\/centromediconaturae.com\/fr\/?s={search_term_string}"},"query-input":"required name=search_term_string"}],"inLanguage":"fr-FR"},{"@type":"Organization","@id":"https:\/\/centromediconaturae.com\/fr\/#organization","name":"Centro M\u00e9dico Naturae","url":"https:\/\/centromediconaturae.com\/fr\/","logo":{"@type":"ImageObject","inLanguage":"fr-FR","@id":"https:\/\/centromediconaturae.com\/fr\/#\/schema\/logo\/image\/","url":"https:\/\/centromediconaturae.com\/wp-content\/uploads\/2022\/09\/Logo-Naturae-claim.svg","contentUrl":"https:\/\/centromediconaturae.com\/wp-content\/uploads\/2022\/09\/Logo-Naturae-claim.svg","caption":"Centro M\u00e9dico Naturae"},"image":{"@id":"https:\/\/centromediconaturae.com\/fr\/#\/schema\/logo\/image\/"}}]}},"_links":{"self":[{"href":"https:\/\/centromediconaturae.com\/fr\/wp-json\/wp\/v2\/pages\/7764","targetHints":{"allow":["GET"]}}],"collection":[{"href":"https:\/\/centromediconaturae.com\/fr\/wp-json\/wp\/v2\/pages"}],"about":[{"href":"https:\/\/centromediconaturae.com\/fr\/wp-json\/wp\/v2\/types\/page"}],"author":[{"embeddable":true,"href":"https:\/\/centromediconaturae.com\/fr\/wp-json\/wp\/v2\/users\/1"}],"replies":[{"embeddable":true,"href":"https:\/\/centromediconaturae.com\/fr\/wp-json\/wp\/v2\/comments?post=7764"}],"version-history":[{"count":1,"href":"https:\/\/centromediconaturae.com\/fr\/wp-json\/wp\/v2\/pages\/7764\/revisions"}],"predecessor-version":[{"id":7765,"href":"https:\/\/centromediconaturae.com\/fr\/wp-json\/wp\/v2\/pages\/7764\/revisions\/7765"}],"wp:attachment":[{"href":"https:\/\/centromediconaturae.com\/fr\/wp-json\/wp\/v2\/media?parent=7764"}],"curies":[{"name":"wp","href":"https:\/\/api.w.org\/{rel}","templated":true}]}}