{"id":7834,"date":"2022-09-15T11:07:43","date_gmt":"2022-09-15T11:07:43","guid":{"rendered":"https:\/\/centromediconaturae.com\/politique-de-confidentialite\/"},"modified":"2026-01-05T12:47:28","modified_gmt":"2026-01-05T12:47:28","slug":"politique-de-confidentialite","status":"publish","type":"page","link":"https:\/\/centromediconaturae.com\/fr\/politique-de-confidentialite\/","title":{"rendered":"Politique de confidentialit\u00e9"},"content":{"rendered":"\t\t<div data-elementor-type=\"wp-page\" data-elementor-id=\"7834\" class=\"elementor elementor-7834 elementor-6679\" data-elementor-post-type=\"page\">\n\t\t\t\t\t\t<section class=\"elementor-section elementor-top-section elementor-element elementor-element-3275a09 elementor-section-boxed elementor-section-height-default elementor-section-height-default\" data-id=\"3275a09\" data-element_type=\"section\">\n\t\t\t\t\t\t<div class=\"elementor-container elementor-column-gap-default\">\n\t\t\t\t\t<div class=\"elementor-column elementor-col-100 elementor-top-column elementor-element elementor-element-9e2ea15\" data-id=\"9e2ea15\" data-element_type=\"column\">\n\t\t\t<div class=\"elementor-widget-wrap elementor-element-populated\">\n\t\t\t\t\t\t<div class=\"elementor-element elementor-element-7eb163a elementor-widget elementor-widget-text-editor\" data-id=\"7eb163a\" data-element_type=\"widget\" data-widget_type=\"text-editor.default\">\n\t\t\t\t<div class=\"elementor-widget-container\">\n\t\t\t\t\t\t\t\t\t<h3>Informations de base<\/h3><p>Conform\u00e9ment \u00e0 la loi organique 3\/2018 du 5 d\u00e9cembre relative \u00e0 la protection des donn\u00e9es personnelles et \u00e0 la garantie des droits num\u00e9riques et au r\u00e8glement (UE) 2016\/679, nous vous informons que les donn\u00e9es personnelles que vous fournissez seront int\u00e9gr\u00e9es \u00e0 la base de donn\u00e9es d\u00e9tenue par CENTRO DE MEDICINA ESTETICA Y BIOLOGICA NATURAE, SLU, afin de vous fournir les informations demand\u00e9es concernant nos produits et services.<\/p><p>Le responsable du traitement de vos donn\u00e9es est CENTRO DE MEDICINA ESTETICA Y BIOLOGICA NATURAE, SLU, dont le si\u00e8ge social est situ\u00e9 \u00e0 l&rsquo;adresse BENJAMIN DE TUDELA 31 BAJO, 31008, PAMPLONA, NAVARRE<\/p><p>La base juridique du traitement de l&rsquo;information est le consentement donn\u00e9 par la personne concern\u00e9e<\/p><p>Les donn\u00e9es personnelles que vous fournissez lorsque vous nous contactez via les formulaires web seront conserv\u00e9es pendant le temps n\u00e9cessaire au traitement de votre demande et tant que leur suppression n&rsquo;est pas demand\u00e9e.<\/p><p>En aucun cas, CENTRO DE MEDICINA ESTETICA Y BIOLOGICA NATURAE, SLU n&rsquo;utilisera les donn\u00e9es personnelles des personnes concern\u00e9es \u00e0 des fins autres que celles mentionn\u00e9es ci-dessus, et s&rsquo;engage \u00e0 respecter le secret professionnel et \u00e0 mettre en place les mesures techniques et organisationnelles n\u00e9cessaires pour sauvegarder les informations conform\u00e9ment aux exigences de la r\u00e9glementation en vigueur en mati\u00e8re de protection des donn\u00e9es.<\/p><p>Vous pouvez exercer vos droits d&rsquo;acc\u00e8s, de rectification, d&rsquo;annulation, d&rsquo;opposition, de portabilit\u00e9 et de limitation d&rsquo;utilisation par \u00e9crit, accompagn\u00e9 d&rsquo;une copie d&rsquo;un document officiel justifiant de votre identit\u00e9, adress\u00e9 \u00e0 CENTRO DE MEDICINA ESTETICA Y BIOLOGICA NATURAE, SLU, dont le si\u00e8ge social est situ\u00e9 \u00e0 l&rsquo;adresse BENJAMIN DE TUDELA 31 BAJO, 31008, PAMPLONA, NAVARRE ou \u00e0 l&rsquo;adresse \u00e9lectronique suivante&nbsp;: <a href=\"mailto:info@centromediconaturae.com\">info@centromediconaturae.com<\/a><\/p><h3>Informations compl\u00e9mentaires sur la protection des donn\u00e9es<\/h3><h4>Qui est le responsable du traitement de vos donn\u00e9es&nbsp;?<\/h4><p>&#8211;<strong>Identit\u00e9<\/strong>&nbsp;: CENTRO DE MEDICINA ESTETICA Y BIOLOGICA NATURAE, SLU<\/p><p>&#8211;<strong>CIF<\/strong>&nbsp;: B71063036<\/p><p>&#8211;<strong>Adresse postale<\/strong>&nbsp;: BENJAMIN DE TUDELA 31 BAJO, 31008, PAMPLONA, NAVARRE<\/p><p>&#8211;<strong>Courriel<\/strong>&nbsp;: info@centromediconaturae.com<\/p><p>&#8211;<strong>T\u00e9l\u00e9phone<\/strong>&nbsp;: 948272137<\/p><h4>Dans quel but traitons-nous vos donn\u00e9es personnelles&nbsp;?<\/h4><p>&#8211; CENTRO DE MEDICINA ESTETICA Y BIOLOGICA NATURAE, SLU traitera les informations fournies par l&rsquo;utilisateur afin de r\u00e9pondre \u00e0 ses demandes li\u00e9es \u00e0 la gestion du service demand\u00e9 et \u00e0 l&rsquo;envoi de communications \u00e9lectroniques \u00e0 caract\u00e8re informatif.<\/p><h4>Combien de temps conserverons-nous vos donn\u00e9es&nbsp;?<\/h4><p>&#8211; De mani\u00e8re g\u00e9n\u00e9rale, les donn\u00e9es personnelles fournies seront conserv\u00e9es pendant le temps n\u00e9cessaire au traitement de la demande de l&rsquo;utilisateur ou tant que sa suppression n&rsquo;est pas demand\u00e9e par l&rsquo;utilisateur.<\/p><h4>Quelle est la l\u00e9gitimation du traitement de vos donn\u00e9es&nbsp;?<\/h4><p>&#8211; La base juridique du traitement des donn\u00e9es est la l\u00e9gitimation par consentement de l&rsquo;utilisateur.<\/p><p>&#8211; Pour les clients existants, nous traiterons les donn\u00e9es en vertu de l&rsquo;ex\u00e9cution du contrat sign\u00e9 par l&rsquo;utilisateur.<\/p><h4>\u00c0 quels destinataires vos donn\u00e9es seront-elles communiqu\u00e9es&nbsp;?<\/h4><p>&#8211; CENTRO DE MEDICINA ESTETICA Y BIOLOGICA NATURAE, SLU ne c\u00e9dera pas de donn\u00e9es personnelles \u00e0 des tiers et n&rsquo;effectuera aucun transfert international de celles-ci. En aucun cas, il n&rsquo;utilisera les donn\u00e9es personnelles des personnes concern\u00e9es \u00e0 des fins diff\u00e9rentes.<\/p><h4>Quels sont vos droits lorsque vous nous fournissez vos donn\u00e9es&nbsp;?<\/h4><p>&#8211; <span style=\"text-decoration: underline;\">Droit d&rsquo;acc\u00e8s<\/span>&nbsp;: Vous aurez le droit d&rsquo;obtenir la confirmation que des donn\u00e9es personnelles vous concernant sont ou ne sont pas trait\u00e9es.<\/p><p>&#8211; <span style=\"text-decoration: underline;\">Droit de rectification<\/span>&nbsp;: Vous aurez le droit d&rsquo;obtenir la rectification des donn\u00e9es personnelles inexactes vous concernant ou qui sont incompl\u00e8tes.<\/p><p>&#8211; <span style=\"text-decoration: underline;\">Droit de suppression<\/span>&nbsp;: Vous aurez le droit d&rsquo;obtenir la suppression des donn\u00e9es personnelles vous concernant lorsque les donn\u00e9es personnelles ne sont plus n\u00e9cessaires au regard des finalit\u00e9s pour lesquelles elles ont \u00e9t\u00e9 collect\u00e9es ou trait\u00e9es d&rsquo;une autre mani\u00e8re.<\/p><p>&#8211; <span style=\"text-decoration: underline;\">Droit \u00e0 la limitation<\/span>&nbsp;: Vous pouvez demander la limitation du traitement de vos donn\u00e9es personnelles, auquel cas nous ne les conserverons que pour l&rsquo;exercice ou la d\u00e9fense de r\u00e9clamations.<\/p><p>&#8211; <span style=\"text-decoration: underline;\">Droit de retirer son consentement<\/span>&nbsp;: Vous aurez le droit de retirer votre consentement \u00e0 tout moment, sans que cela n&rsquo;affecte la lic\u00e9it\u00e9 du traitement fond\u00e9 sur le consentement avant son retrait.<\/p><p>&#8211; <span style=\"text-decoration: underline;\">Droit d&rsquo;opposition<\/span>&nbsp;: Vous aurez le droit de vous opposer au traitement de vos donn\u00e9es. CENTRO DE MEDICINA ESTETICA Y BIOLOGICA NATURAE, SLU cessera de traiter les donn\u00e9es, sauf pour des motifs l\u00e9gitimes imp\u00e9rieux, ou pour l&rsquo;exercice ou la d\u00e9fense d&rsquo;\u00e9ventuelles r\u00e9clamations. &#8211; Droit \u00e0 la portabilit\u00e9 de vos donn\u00e9es&nbsp;: Vous pouvez nous demander que vos donn\u00e9es personnelles automatis\u00e9es soient c\u00e9d\u00e9es ou transf\u00e9r\u00e9es \u00e0 toute autre entreprise que vous nous indiquerez dans un format structur\u00e9, intelligible et automatis\u00e9.<\/p><p>&#8211; Les personnes concern\u00e9es peuvent exercer leurs droits d&rsquo;acc\u00e8s, de rectification, de suppression, de limitation, d&rsquo;opposition et de portabilit\u00e9 des donn\u00e9es en s&rsquo;adressant par \u00e9crit \u00e0 CENTRO DE MEDICINA ESTETICA Y BIOLOGICA NATURAE, SLU, en indiquant le droit \u00e0 exercer et en joignant une copie de leur pi\u00e8ce d&rsquo;identit\u00e9 \u00e0 l&rsquo;adresse postale suivante&nbsp;: BENJAMIN DE TUDELA 31 BAJO, 31008, PAMPLONA, NAVARRE, en indiquant sur l&rsquo;enveloppe PROTECTION DES DONN\u00c9ES ou par courrier \u00e9lectronique \u00e0 l&rsquo;adresse suivante&nbsp;: info@centromediconaturae.com<\/p><p>Les personnes concern\u00e9es ont le droit de d\u00e9poser une r\u00e9clamation aupr\u00e8s de l&rsquo;autorit\u00e9 de contr\u00f4le et de demander la protection des droits qui n&rsquo;ont pas \u00e9t\u00e9 d\u00fbment pris en compte aupr\u00e8s de l&rsquo;Agence espagnole de protection des donn\u00e9es via le si\u00e8ge \u00e9lectronique de son portail web (<a href=\"https:\/\/www.agpd.es\/\" target=\"_blank\" rel=\"noopener\">www.agpd.es<\/a>), ou par \u00e9crit \u00e0 son adresse postale (C\/Jorge Juan, 6, 28001-Madrid).<\/p>\t\t\t\t\t\t\t\t<\/div>\n\t\t\t\t<\/div>\n\t\t\t\t\t<\/div>\n\t\t<\/div>\n\t\t\t\t\t<\/div>\n\t\t<\/section>\n\t\t\t\t<\/div>\n\t\t","protected":false},"excerpt":{"rendered":"<p>Informations de base Conform\u00e9ment \u00e0 la loi organique 3\/2018 du 5 d\u00e9cembre relative \u00e0 la protection des donn\u00e9es personnelles et \u00e0 la garantie des droits num\u00e9riques et au r\u00e8glement (UE) 2016\/679, nous vous informons que les donn\u00e9es personnelles que vous fournissez seront int\u00e9gr\u00e9es \u00e0 la base de donn\u00e9es d\u00e9tenue par CENTRO DE MEDICINA ESTETICA Y &hellip;<\/p>\n<p class=\"read-more\"> <a class=\"\" href=\"https:\/\/centromediconaturae.com\/fr\/politique-de-confidentialite\/\"> <span class=\"screen-reader-text\">Politique de confidentialit\u00e9<\/span> Lire la suite\u00a0\u00bb<\/a><\/p>\n","protected":false},"author":1,"featured_media":0,"parent":0,"menu_order":0,"comment_status":"closed","ping_status":"closed","template":"","meta":{"site-sidebar-layout":"no-sidebar","site-content-layout":"page-builder","ast-global-header-display":"","ast-main-header-display":"","ast-hfb-above-header-display":"","ast-hfb-below-header-display":"","ast-hfb-mobile-header-display":"","site-post-title":"disabled","ast-breadcrumbs-content":"","ast-featured-img":"disabled","footer-sml-layout":"","theme-transparent-header-meta":"","adv-header-id-meta":"","stick-header-meta":"","header-above-stick-meta":"","header-main-stick-meta":"","header-below-stick-meta":"","footnotes":""},"class_list":["post-7834","page","type-page","status-publish","hentry"],"yoast_head":"<!-- This site is optimized with the Yoast SEO plugin v20.1 - https:\/\/yoast.com\/wordpress\/plugins\/seo\/ -->\n<title>Politique de confidentialit\u00e9 | Centro M\u00e9dico Naturae<\/title>\n<meta name=\"robots\" content=\"index, follow, max-snippet:-1, max-image-preview:large, max-video-preview:-1\" \/>\n<link rel=\"canonical\" href=\"https:\/\/centromediconaturae.com\/fr\/politique-de-confidentialite\/\" \/>\n<meta property=\"og:locale\" content=\"fr_FR\" \/>\n<meta property=\"og:type\" content=\"article\" \/>\n<meta property=\"og:title\" content=\"Politique de confidentialit\u00e9 | Centro M\u00e9dico Naturae\" \/>\n<meta property=\"og:description\" content=\"Informations de base Conform\u00e9ment \u00e0 la loi organique 3\/2018 du 5 d\u00e9cembre relative \u00e0 la protection des donn\u00e9es personnelles et \u00e0 la garantie des droits num\u00e9riques et au r\u00e8glement (UE) 2016\/679, nous vous informons que les donn\u00e9es personnelles que vous fournissez seront int\u00e9gr\u00e9es \u00e0 la base de donn\u00e9es d\u00e9tenue par CENTRO DE MEDICINA ESTETICA Y &hellip; Politique de confidentialit\u00e9 Lire la suite\u00a0\u00bb\" \/>\n<meta property=\"og:url\" content=\"https:\/\/centromediconaturae.com\/fr\/politique-de-confidentialite\/\" \/>\n<meta property=\"og:site_name\" content=\"Centro M\u00e9dico Naturae\" \/>\n<meta property=\"article:modified_time\" content=\"2026-01-05T12:47:28+00:00\" \/>\n<meta name=\"twitter:card\" content=\"summary_large_image\" \/>\n<meta name=\"twitter:label1\" content=\"Dur\u00e9e de lecture estim\u00e9e\" \/>\n\t<meta name=\"twitter:data1\" content=\"5 minutes\" \/>\n<script type=\"application\/ld+json\" class=\"yoast-schema-graph\">{\"@context\":\"https:\/\/schema.org\",\"@graph\":[{\"@type\":\"WebPage\",\"@id\":\"https:\/\/centromediconaturae.com\/fr\/politique-de-confidentialite\/\",\"url\":\"https:\/\/centromediconaturae.com\/fr\/politique-de-confidentialite\/\",\"name\":\"Politique de confidentialit\u00e9 | Centro M\u00e9dico Naturae\",\"isPartOf\":{\"@id\":\"https:\/\/centromediconaturae.com\/fr\/#website\"},\"datePublished\":\"2022-09-15T11:07:43+00:00\",\"dateModified\":\"2026-01-05T12:47:28+00:00\",\"breadcrumb\":{\"@id\":\"https:\/\/centromediconaturae.com\/fr\/politique-de-confidentialite\/#breadcrumb\"},\"inLanguage\":\"fr-FR\",\"potentialAction\":[{\"@type\":\"ReadAction\",\"target\":[\"https:\/\/centromediconaturae.com\/fr\/politique-de-confidentialite\/\"]}]},{\"@type\":\"BreadcrumbList\",\"@id\":\"https:\/\/centromediconaturae.com\/fr\/politique-de-confidentialite\/#breadcrumb\",\"itemListElement\":[{\"@type\":\"ListItem\",\"position\":1,\"name\":\"Portada\",\"item\":\"https:\/\/centromediconaturae.com\/fr\/\"},{\"@type\":\"ListItem\",\"position\":2,\"name\":\"Politique de confidentialit\u00e9\"}]},{\"@type\":\"WebSite\",\"@id\":\"https:\/\/centromediconaturae.com\/fr\/#website\",\"url\":\"https:\/\/centromediconaturae.com\/fr\/\",\"name\":\"Centro M\u00e9dico Naturae\",\"description\":\"Medicina Est\u00e9tica Dr. Mikel Garc\u00eda\",\"publisher\":{\"@id\":\"https:\/\/centromediconaturae.com\/fr\/#organization\"},\"potentialAction\":[{\"@type\":\"SearchAction\",\"target\":{\"@type\":\"EntryPoint\",\"urlTemplate\":\"https:\/\/centromediconaturae.com\/fr\/?s={search_term_string}\"},\"query-input\":\"required name=search_term_string\"}],\"inLanguage\":\"fr-FR\"},{\"@type\":\"Organization\",\"@id\":\"https:\/\/centromediconaturae.com\/fr\/#organization\",\"name\":\"Centro M\u00e9dico Naturae\",\"url\":\"https:\/\/centromediconaturae.com\/fr\/\",\"logo\":{\"@type\":\"ImageObject\",\"inLanguage\":\"fr-FR\",\"@id\":\"https:\/\/centromediconaturae.com\/fr\/#\/schema\/logo\/image\/\",\"url\":\"https:\/\/centromediconaturae.com\/wp-content\/uploads\/2022\/09\/Logo-Naturae-claim.svg\",\"contentUrl\":\"https:\/\/centromediconaturae.com\/wp-content\/uploads\/2022\/09\/Logo-Naturae-claim.svg\",\"caption\":\"Centro M\u00e9dico Naturae\"},\"image\":{\"@id\":\"https:\/\/centromediconaturae.com\/fr\/#\/schema\/logo\/image\/\"}}]}<\/script>\n<!-- \/ Yoast SEO plugin. -->","yoast_head_json":{"title":"Politique de confidentialit\u00e9 | Centro M\u00e9dico Naturae","robots":{"index":"index","follow":"follow","max-snippet":"max-snippet:-1","max-image-preview":"max-image-preview:large","max-video-preview":"max-video-preview:-1"},"canonical":"https:\/\/centromediconaturae.com\/fr\/politique-de-confidentialite\/","og_locale":"fr_FR","og_type":"article","og_title":"Politique de confidentialit\u00e9 | Centro M\u00e9dico Naturae","og_description":"Informations de base Conform\u00e9ment \u00e0 la loi organique 3\/2018 du 5 d\u00e9cembre relative \u00e0 la protection des donn\u00e9es personnelles et \u00e0 la garantie des droits num\u00e9riques et au r\u00e8glement (UE) 2016\/679, nous vous informons que les donn\u00e9es personnelles que vous fournissez seront int\u00e9gr\u00e9es \u00e0 la base de donn\u00e9es d\u00e9tenue par CENTRO DE MEDICINA ESTETICA Y &hellip; Politique de confidentialit\u00e9 Lire la suite\u00a0\u00bb","og_url":"https:\/\/centromediconaturae.com\/fr\/politique-de-confidentialite\/","og_site_name":"Centro M\u00e9dico Naturae","article_modified_time":"2026-01-05T12:47:28+00:00","twitter_card":"summary_large_image","twitter_misc":{"Dur\u00e9e de lecture estim\u00e9e":"5 minutes"},"schema":{"@context":"https:\/\/schema.org","@graph":[{"@type":"WebPage","@id":"https:\/\/centromediconaturae.com\/fr\/politique-de-confidentialite\/","url":"https:\/\/centromediconaturae.com\/fr\/politique-de-confidentialite\/","name":"Politique de confidentialit\u00e9 | Centro M\u00e9dico Naturae","isPartOf":{"@id":"https:\/\/centromediconaturae.com\/fr\/#website"},"datePublished":"2022-09-15T11:07:43+00:00","dateModified":"2026-01-05T12:47:28+00:00","breadcrumb":{"@id":"https:\/\/centromediconaturae.com\/fr\/politique-de-confidentialite\/#breadcrumb"},"inLanguage":"fr-FR","potentialAction":[{"@type":"ReadAction","target":["https:\/\/centromediconaturae.com\/fr\/politique-de-confidentialite\/"]}]},{"@type":"BreadcrumbList","@id":"https:\/\/centromediconaturae.com\/fr\/politique-de-confidentialite\/#breadcrumb","itemListElement":[{"@type":"ListItem","position":1,"name":"Portada","item":"https:\/\/centromediconaturae.com\/fr\/"},{"@type":"ListItem","position":2,"name":"Politique de confidentialit\u00e9"}]},{"@type":"WebSite","@id":"https:\/\/centromediconaturae.com\/fr\/#website","url":"https:\/\/centromediconaturae.com\/fr\/","name":"Centro M\u00e9dico Naturae","description":"Medicina Est\u00e9tica Dr. Mikel Garc\u00eda","publisher":{"@id":"https:\/\/centromediconaturae.com\/fr\/#organization"},"potentialAction":[{"@type":"SearchAction","target":{"@type":"EntryPoint","urlTemplate":"https:\/\/centromediconaturae.com\/fr\/?s={search_term_string}"},"query-input":"required name=search_term_string"}],"inLanguage":"fr-FR"},{"@type":"Organization","@id":"https:\/\/centromediconaturae.com\/fr\/#organization","name":"Centro M\u00e9dico Naturae","url":"https:\/\/centromediconaturae.com\/fr\/","logo":{"@type":"ImageObject","inLanguage":"fr-FR","@id":"https:\/\/centromediconaturae.com\/fr\/#\/schema\/logo\/image\/","url":"https:\/\/centromediconaturae.com\/wp-content\/uploads\/2022\/09\/Logo-Naturae-claim.svg","contentUrl":"https:\/\/centromediconaturae.com\/wp-content\/uploads\/2022\/09\/Logo-Naturae-claim.svg","caption":"Centro M\u00e9dico Naturae"},"image":{"@id":"https:\/\/centromediconaturae.com\/fr\/#\/schema\/logo\/image\/"}}]}},"_links":{"self":[{"href":"https:\/\/centromediconaturae.com\/fr\/wp-json\/wp\/v2\/pages\/7834","targetHints":{"allow":["GET"]}}],"collection":[{"href":"https:\/\/centromediconaturae.com\/fr\/wp-json\/wp\/v2\/pages"}],"about":[{"href":"https:\/\/centromediconaturae.com\/fr\/wp-json\/wp\/v2\/types\/page"}],"author":[{"embeddable":true,"href":"https:\/\/centromediconaturae.com\/fr\/wp-json\/wp\/v2\/users\/1"}],"replies":[{"embeddable":true,"href":"https:\/\/centromediconaturae.com\/fr\/wp-json\/wp\/v2\/comments?post=7834"}],"version-history":[{"count":1,"href":"https:\/\/centromediconaturae.com\/fr\/wp-json\/wp\/v2\/pages\/7834\/revisions"}],"predecessor-version":[{"id":7835,"href":"https:\/\/centromediconaturae.com\/fr\/wp-json\/wp\/v2\/pages\/7834\/revisions\/7835"}],"wp:attachment":[{"href":"https:\/\/centromediconaturae.com\/fr\/wp-json\/wp\/v2\/media?parent=7834"}],"curies":[{"name":"wp","href":"https:\/\/api.w.org\/{rel}","templated":true}]}}