{"id":7945,"date":"2022-09-15T08:18:08","date_gmt":"2022-09-15T08:18:08","guid":{"rendered":"https:\/\/centromediconaturae.com\/traitements-esthetiques\/fils-tenseurs\/"},"modified":"2026-01-05T13:10:31","modified_gmt":"2026-01-05T13:10:31","slug":"fils-tenseurs","status":"publish","type":"page","link":"https:\/\/centromediconaturae.com\/fr\/traitements-esthetiques\/fils-tenseurs\/","title":{"rendered":"Fils tenseurs"},"content":{"rendered":"\t\t<div data-elementor-type=\"wp-page\" data-elementor-id=\"7945\" class=\"elementor elementor-7945 elementor-6563\" data-elementor-post-type=\"page\">\n\t\t\t\t\t\t<section class=\"elementor-section elementor-top-section elementor-element elementor-element-2187d16 elementor-reverse-tablet elementor-reverse-mobile elementor-section-boxed elementor-section-height-default elementor-section-height-default\" data-id=\"2187d16\" data-element_type=\"section\">\n\t\t\t\t\t\t<div class=\"elementor-container elementor-column-gap-default\">\n\t\t\t\t\t<div class=\"elementor-column elementor-col-50 elementor-top-column elementor-element elementor-element-28426e3\" data-id=\"28426e3\" data-element_type=\"column\">\n\t\t\t<div class=\"elementor-widget-wrap elementor-element-populated\">\n\t\t\t\t\t\t<div class=\"elementor-element elementor-element-2991864 elementor-widget elementor-widget-heading\" data-id=\"2991864\" data-element_type=\"widget\" data-widget_type=\"heading.default\">\n\t\t\t\t<div class=\"elementor-widget-container\">\n\t\t\t\t\t<h2 class=\"elementor-heading-title elementor-size-default\">Technique r\u00e9g\u00e9n\u00e9ratrice effet lifting<\/h2>\t\t\t\t<\/div>\n\t\t\t\t<\/div>\n\t\t\t\t<div class=\"elementor-element elementor-element-643d28c elementor-widget elementor-widget-heading\" data-id=\"643d28c\" data-element_type=\"widget\" data-widget_type=\"heading.default\">\n\t\t\t\t<div class=\"elementor-widget-container\">\n\t\t\t\t\t<h2 class=\"elementor-heading-title elementor-size-default\">Traitement par fils tenseurs<\/h2>\t\t\t\t<\/div>\n\t\t\t\t<\/div>\n\t\t\t\t<div class=\"elementor-element elementor-element-b2a001f elementor-widget elementor-widget-text-editor\" data-id=\"b2a001f\" data-element_type=\"widget\" data-widget_type=\"text-editor.default\">\n\t\t\t\t<div class=\"elementor-widget-container\">\n\t\t\t\t\t\t\t\t\t<p>Mini-Threads, une nouvelle technique r\u00e9g\u00e9n\u00e9ratrice effet lifting bas\u00e9e sur l&rsquo;implantation de multiples mini-fils de polydiaxanone (PDO).<\/p>\t\t\t\t\t\t\t\t<\/div>\n\t\t\t\t<\/div>\n\t\t\t\t<div class=\"elementor-element elementor-element-e9ef1e7 elementor-widget elementor-widget-text-editor\" data-id=\"e9ef1e7\" data-element_type=\"widget\" data-widget_type=\"text-editor.default\">\n\t\t\t\t<div class=\"elementor-widget-container\">\n\t\t\t\t\t\t\t\t\t<p>&#8211; Ces fils cr\u00e9ent un r\u00e9seau sous-cutan\u00e9 de soutien qui apporte la tension n\u00e9cessaire pour obtenir l&rsquo;effet lifting. Le r\u00e9sultat est une peau redensifi\u00e9e et plus ferme, lumineuse et rajeunie, avec des effets sup\u00e9rieurs \u00e0 un an.<\/p><p>&#8211; Permet des retouches et de nouvelles applications \u00e0 tout moment sans interf\u00e9rer avec les traitements ant\u00e9rieurs. D&rsquo;application simple et rapide gr\u00e2ce \u00e0 une technique ambulatoire, elle ne n\u00e9cessite pratiquement aucun temps de r\u00e9cup\u00e9ration, de sorte que le patient peut reprendre sa vie normale imm\u00e9diatement.<\/p>\t\t\t\t\t\t\t\t<\/div>\n\t\t\t\t<\/div>\n\t\t\t\t\t<\/div>\n\t\t<\/div>\n\t\t\t\t<div class=\"elementor-column elementor-col-50 elementor-top-column elementor-element elementor-element-2547f62\" data-id=\"2547f62\" data-element_type=\"column\">\n\t\t\t<div class=\"elementor-widget-wrap elementor-element-populated\">\n\t\t\t\t\t\t<div class=\"elementor-element elementor-element-ef9e5e2 elementor-hidden-tablet elementor-hidden-mobile elementor-widget elementor-widget-image\" data-id=\"ef9e5e2\" data-element_type=\"widget\" data-widget_type=\"image.default\">\n\t\t\t\t<div class=\"elementor-widget-container\">\n\t\t\t\t\t\t\t\t\t\t\t\t\t\t\t<img fetchpriority=\"high\" decoding=\"async\" width=\"600\" height=\"400\" src=\"https:\/\/centromediconaturae.com\/wp-content\/uploads\/2023\/01\/hilos-tensores.jpeg\" class=\"attachment-full size-full wp-image-7944\" alt=\"Fils tenseurs\" srcset=\"https:\/\/centromediconaturae.com\/wp-content\/uploads\/2023\/01\/hilos-tensores.jpeg 600w, https:\/\/centromediconaturae.com\/wp-content\/uploads\/2023\/01\/hilos-tensores-300x200.jpeg 300w\" sizes=\"(max-width: 600px) 100vw, 600px\" \/>\t\t\t\t\t\t\t\t\t\t\t\t\t\t\t<\/div>\n\t\t\t\t<\/div>\n\t\t\t\t<section class=\"elementor-section elementor-inner-section elementor-element elementor-element-e178b65 elementor-section-boxed elementor-section-height-default elementor-section-height-default\" data-id=\"e178b65\" data-element_type=\"section\" data-settings=\"{&quot;background_background&quot;:&quot;classic&quot;}\">\n\t\t\t\t\t\t<div class=\"elementor-container elementor-column-gap-default\">\n\t\t\t\t\t<div class=\"elementor-column elementor-col-25 elementor-inner-column elementor-element elementor-element-9a47d92\" data-id=\"9a47d92\" data-element_type=\"column\">\n\t\t\t<div class=\"elementor-widget-wrap elementor-element-populated\">\n\t\t\t\t\t\t<div class=\"elementor-element elementor-element-e36ed53 elementor-view-default elementor-position-top elementor-mobile-position-top elementor-widget elementor-widget-icon-box\" data-id=\"e36ed53\" data-element_type=\"widget\" data-widget_type=\"icon-box.default\">\n\t\t\t\t<div class=\"elementor-widget-container\">\n\t\t\t\t\t\t\t<div class=\"elementor-icon-box-wrapper\">\n\n\t\t\t\t\t\t<div class=\"elementor-icon-box-icon\">\n\t\t\t\t<span  class=\"elementor-icon\">\n\t\t\t\t<svg xmlns=\"http:\/\/www.w3.org\/2000\/svg\" viewBox=\"0 0 769.92 690.45\"><g id=\"Capa_2\" data-name=\"Capa 2\"><g id=\"&#xD1;&#xEB;&#xEE;&#xE9;_1\" data-name=\"&#xD1;&#xEB;&#xEE;&#xE9; 1\"><path d=\"M553,45.26a167.45,167.45,0,0,1,119.2,49.35l3.09,3.09c65.72,65.72,65.72,172.67,0,238.39L658.44,353,385,626.44,148.54,390l-37-37L94.64,336.09c-65.72-65.72-65.72-172.67,0-238.39l3-3a168.57,168.57,0,0,1,238.39,0L353,111.48l32,32,32-32,16.86-16.87A167.45,167.45,0,0,1,553,45.26M553,0a213.16,213.16,0,0,0-151.2,62.61L385,79.48,368.08,62.61a213.85,213.85,0,0,0-302.4,0l-3,3c-83.52,83.53-83.52,218.88,0,302.41L79.51,385l37,37L385,690.45,690.44,385l16.87-16.86c83.48-83.48,83.48-218.93,0-302.41l-3.09-3.08A213.16,213.16,0,0,0,553,0Z\"><\/path><\/g><\/g><\/svg>\t\t\t\t<\/span>\n\t\t\t<\/div>\n\t\t\t\n\t\t\t\t\t\t<div class=\"elementor-icon-box-content\">\n\n\t\t\t\t\t\t\t\t\t<div class=\"elementor-icon-box-title\">\n\t\t\t\t\t\t<span  >\n\t\t\t\t\t\t\tR\u00e9sultat\t\t\t\t\t\t<\/span>\n\t\t\t\t\t<\/div>\n\t\t\t\t\n\t\t\t\t\t\t\t\t\t<p class=\"elementor-icon-box-description\">\n\t\t\t\t\t\tImm\u00e9diat\t\t\t\t\t<\/p>\n\t\t\t\t\n\t\t\t<\/div>\n\t\t\t\n\t\t<\/div>\n\t\t\t\t\t\t<\/div>\n\t\t\t\t<\/div>\n\t\t\t\t\t<\/div>\n\t\t<\/div>\n\t\t\t\t<div class=\"elementor-column elementor-col-25 elementor-inner-column elementor-element elementor-element-3766f69\" data-id=\"3766f69\" data-element_type=\"column\">\n\t\t\t<div class=\"elementor-widget-wrap elementor-element-populated\">\n\t\t\t\t\t\t<div class=\"elementor-element elementor-element-384fffd elementor-view-default elementor-position-top elementor-mobile-position-top elementor-widget elementor-widget-icon-box\" data-id=\"384fffd\" data-element_type=\"widget\" data-widget_type=\"icon-box.default\">\n\t\t\t\t<div class=\"elementor-widget-container\">\n\t\t\t\t\t\t\t<div class=\"elementor-icon-box-wrapper\">\n\n\t\t\t\t\t\t<div class=\"elementor-icon-box-icon\">\n\t\t\t\t<span  class=\"elementor-icon\">\n\t\t\t\t<svg xmlns=\"http:\/\/www.w3.org\/2000\/svg\" viewBox=\"0 0 368.02 368.02\"><g id=\"Capa_2\" data-name=\"Capa 2\"><g id=\"Icons\"><path d=\"M184,368C82.55,368,0,285.47,0,184S82.55,0,184,0A183.92,183.92,0,0,1,368,184C368,285.47,285.47,368,184,368Zm0-352C91.37,16,16,91.37,16,184S91.37,352,184,352s168-75.37,168-168S276.65,16,184,16Z\"><\/path><path d=\"M184,78.91a8,8,0,0,1-8-8V45.65a8,8,0,0,1,16,0V70.91A8,8,0,0,1,184,78.91Z\"><\/path><path d=\"M184,330.2a8,8,0,0,1-8-8V297.11a8,8,0,0,1,16,0V322.2A8,8,0,0,1,184,330.2Z\"><\/path><path d=\"M322.38,192H297.11a8,8,0,0,1,0-16h25.27a8,8,0,0,1,0,16Z\"><\/path><path d=\"M70.91,192H45.81a8,8,0,0,1,0-16h25.1a8,8,0,0,1,0,16Z\"><\/path><path d=\"M234.37,242.2a8,8,0,0,1-5.65-2.34l-50.36-50.19A8,8,0,0,1,176,184V108.55a8,8,0,0,1,16,0v72.14l48,47.84a8,8,0,0,1-5.64,13.67Z\"><\/path><\/g><\/g><\/svg>\t\t\t\t<\/span>\n\t\t\t<\/div>\n\t\t\t\n\t\t\t\t\t\t<div class=\"elementor-icon-box-content\">\n\n\t\t\t\t\t\t\t\t\t<div class=\"elementor-icon-box-title\">\n\t\t\t\t\t\t<span  >\n\t\t\t\t\t\t\tApplication\t\t\t\t\t\t<\/span>\n\t\t\t\t\t<\/div>\n\t\t\t\t\n\t\t\t\t\t\t\t\t\t<p class=\"elementor-icon-box-description\">\n\t\t\t\t\t\t30 minutes\t\t\t\t\t<\/p>\n\t\t\t\t\n\t\t\t<\/div>\n\t\t\t\n\t\t<\/div>\n\t\t\t\t\t\t<\/div>\n\t\t\t\t<\/div>\n\t\t\t\t\t<\/div>\n\t\t<\/div>\n\t\t\t\t<div class=\"elementor-column elementor-col-25 elementor-inner-column elementor-element elementor-element-675436d\" data-id=\"675436d\" data-element_type=\"column\">\n\t\t\t<div class=\"elementor-widget-wrap elementor-element-populated\">\n\t\t\t\t\t\t<div class=\"elementor-element elementor-element-cfce492 elementor-view-default elementor-position-top elementor-mobile-position-top elementor-widget elementor-widget-icon-box\" data-id=\"cfce492\" data-element_type=\"widget\" data-widget_type=\"icon-box.default\">\n\t\t\t\t<div class=\"elementor-widget-container\">\n\t\t\t\t\t\t\t<div class=\"elementor-icon-box-wrapper\">\n\n\t\t\t\t\t\t<div class=\"elementor-icon-box-icon\">\n\t\t\t\t<span  class=\"elementor-icon\">\n\t\t\t\t<svg xmlns=\"http:\/\/www.w3.org\/2000\/svg\" viewBox=\"0 0 367.98 367.98\"><g id=\"Capa_2\" data-name=\"Capa 2\"><g id=\"Icons\"><path d=\"M334.84,368H33.15A33.19,33.19,0,0,1,0,334.83V45.63a8,8,0,0,1,8-8H360a8,8,0,0,1,8,8v289.2A33.18,33.18,0,0,1,334.84,368ZM16,53.63v281.2A17.16,17.16,0,0,0,33.15,352H334.84A17.16,17.16,0,0,0,352,334.83V53.63Z\"><\/path><path d=\"M360,141.64H40a8,8,0,0,1,0-16H360a8,8,0,1,1,0,16Z\"><\/path><path d=\"M297.08,78.9a8,8,0,0,1-8-8V8a8,8,0,0,1,16,0V70.9A8,8,0,0,1,297.08,78.9Z\"><\/path><path d=\"M70.73,78.9a8,8,0,0,1-8-8V8a8,8,0,1,1,16,0V70.9A8,8,0,0,1,70.73,78.9Z\"><\/path><path d=\"M196.54,242.18h-25.1a20.57,20.57,0,0,1-20.54-20.55V209.09a20.57,20.57,0,0,1,20.54-20.55h25.1a20.57,20.57,0,0,1,20.54,20.55v12.54A20.57,20.57,0,0,1,196.54,242.18Zm-25.1-37.64a4.55,4.55,0,0,0-4.54,4.55v12.54a4.55,4.55,0,0,0,4.54,4.55h25.1a4.55,4.55,0,0,0,4.54-4.55V209.09a4.55,4.55,0,0,0-4.54-4.55Z\"><\/path><path d=\"M100.54,242.18H75.44A20.57,20.57,0,0,1,54.9,221.63V209.09a20.57,20.57,0,0,1,20.54-20.55h25.1a20.57,20.57,0,0,1,20.54,20.55v12.54A20.57,20.57,0,0,1,100.54,242.18Zm-25.1-37.64a4.55,4.55,0,0,0-4.54,4.55v12.54a4.55,4.55,0,0,0,4.54,4.55h25.1a4.55,4.55,0,0,0,4.54-4.55V209.09a4.55,4.55,0,0,0-4.54-4.55Z\"><\/path><path d=\"M100.54,317.62H75.44A20.56,20.56,0,0,1,54.9,297.08V284.54A20.57,20.57,0,0,1,75.44,264h25.1a20.57,20.57,0,0,1,20.54,20.55v12.54A20.56,20.56,0,0,1,100.54,317.62ZM75.44,280a4.55,4.55,0,0,0-4.54,4.55v12.54a4.54,4.54,0,0,0,4.54,4.54h25.1a4.54,4.54,0,0,0,4.54-4.54V284.54a4.55,4.55,0,0,0-4.54-4.55Z\"><\/path><path d=\"M196.54,317.62h-25.1a20.56,20.56,0,0,1-20.54-20.54V284.54A20.57,20.57,0,0,1,171.44,264h25.1a20.57,20.57,0,0,1,20.54,20.55v12.54A20.56,20.56,0,0,1,196.54,317.62ZM171.44,280a4.55,4.55,0,0,0-4.54,4.55v12.54a4.54,4.54,0,0,0,4.54,4.54h25.1a4.54,4.54,0,0,0,4.54-4.54V284.54a4.55,4.55,0,0,0-4.54-4.55Z\"><\/path><path d=\"M292.53,317.62H267.44a20.56,20.56,0,0,1-20.54-20.54V284.54A20.57,20.57,0,0,1,267.44,264h25.09a20.57,20.57,0,0,1,20.55,20.55v12.54A20.57,20.57,0,0,1,292.53,317.62ZM267.44,280a4.55,4.55,0,0,0-4.54,4.55v12.54a4.54,4.54,0,0,0,4.54,4.54h25.09a4.55,4.55,0,0,0,4.55-4.54V284.54a4.55,4.55,0,0,0-4.55-4.55Z\"><\/path><path d=\"M292.53,242.18H267.44a20.57,20.57,0,0,1-20.54-20.55V209.09a20.57,20.57,0,0,1,20.54-20.55h25.09a20.57,20.57,0,0,1,20.55,20.55v12.54A20.57,20.57,0,0,1,292.53,242.18Zm-25.09-37.64a4.55,4.55,0,0,0-4.54,4.55v12.54a4.55,4.55,0,0,0,4.54,4.55h25.09a4.55,4.55,0,0,0,4.55-4.55V209.09a4.55,4.55,0,0,0-4.55-4.55Z\"><\/path><\/g><\/g><\/svg>\t\t\t\t<\/span>\n\t\t\t<\/div>\n\t\t\t\n\t\t\t\t\t\t<div class=\"elementor-icon-box-content\">\n\n\t\t\t\t\t\t\t\t\t<div class=\"elementor-icon-box-title\">\n\t\t\t\t\t\t<span  >\n\t\t\t\t\t\t\tDur\u00e9e\t\t\t\t\t\t<\/span>\n\t\t\t\t\t<\/div>\n\t\t\t\t\n\t\t\t\t\t\t\t\t\t<p class=\"elementor-icon-box-description\">\n\t\t\t\t\t\t10 - 12 mois\t\t\t\t\t<\/p>\n\t\t\t\t\n\t\t\t<\/div>\n\t\t\t\n\t\t<\/div>\n\t\t\t\t\t\t<\/div>\n\t\t\t\t<\/div>\n\t\t\t\t\t<\/div>\n\t\t<\/div>\n\t\t\t\t<div class=\"elementor-column elementor-col-25 elementor-inner-column elementor-element elementor-element-d27756f\" data-id=\"d27756f\" data-element_type=\"column\">\n\t\t\t<div class=\"elementor-widget-wrap elementor-element-populated\">\n\t\t\t\t\t\t<div class=\"elementor-element elementor-element-0381e63 elementor-view-default elementor-position-top elementor-mobile-position-top elementor-widget elementor-widget-icon-box\" data-id=\"0381e63\" data-element_type=\"widget\" data-widget_type=\"icon-box.default\">\n\t\t\t\t<div class=\"elementor-widget-container\">\n\t\t\t\t\t\t\t<div class=\"elementor-icon-box-wrapper\">\n\n\t\t\t\t\t\t<div class=\"elementor-icon-box-icon\">\n\t\t\t\t<span  class=\"elementor-icon\">\n\t\t\t\t<svg xmlns=\"http:\/\/www.w3.org\/2000\/svg\" viewBox=\"0 0 201.24 202.46\"><g id=\"Capa_2\" data-name=\"Capa 2\"><g id=\"_Layer_\" data-name=\"&lt;Layer&gt;\"><path d=\"M72.27,151.92a4.5,4.5,0,0,1-3.19-1.33L51.85,133.24a4.52,4.52,0,0,1-1.13-4.45l6.12-20.72A4.56,4.56,0,0,1,58,106.18l79.18-79.91a4.5,4.5,0,0,1,6.39,6.34l-78.38,79.1-5,17.08,13.57,13.67,17.87-4.28,78.39-79.11a4.5,4.5,0,1,1,6.39,6.34l-79.3,80a4.42,4.42,0,0,1-2.14,1.21L73.32,151.8A4.7,4.7,0,0,1,72.27,151.92Z\"><\/path><path d=\"M186.24,78.6a4.48,4.48,0,0,1-3.18-1.32l-60-60a4.5,4.5,0,0,1,6.36-6.36l60,60a4.5,4.5,0,0,1-3.18,7.68Z\"><\/path><rect x=\"154.94\" y=\"25.6\" width=\"30.6\" height=\"9\" transform=\"translate(28.59 129.21) rotate(-45)\"><\/rect><path d=\"M196.74,45a4.48,4.48,0,0,1-3.18-1.32l-36-36a4.5,4.5,0,0,1,6.36-6.36l36,36A4.5,4.5,0,0,1,196.74,45Z\"><\/path><path d=\"M51.71,166.91a16.16,16.16,0,0,1-11.5-27.53L51.75,127a4.5,4.5,0,1,1,6.58,6.13L46.75,145.57l-.11.12a7.08,7.08,0,0,0-2.1,5.06,7.17,7.17,0,0,0,12.24,5.07l.09-.09,12.32-11.59a4.5,4.5,0,0,1,6.17,6.56L63.09,162.24A16.16,16.16,0,0,1,51.71,166.91Z\"><\/path><path d=\"M4.5,202.46a4.5,4.5,0,0,1-3.18-7.68l39-39a4.5,4.5,0,0,1,6.37,6.37l-39,38.95A4.48,4.48,0,0,1,4.5,202.46Z\"><\/path><path d=\"M120.63,78a4.48,4.48,0,0,1-3.18-1.32l-12-12a4.5,4.5,0,1,1,6.36-6.36l12,12A4.5,4.5,0,0,1,120.63,78Z\"><\/path><path d=\"M101.7,97.08a4.52,4.52,0,0,1-3.19-1.31l-12-12a4.5,4.5,0,0,1,6.37-6.37l12,12a4.5,4.5,0,0,1-3.18,7.68Z\"><\/path><path d=\"M84,114.9a4.47,4.47,0,0,1-3.18-1.32l-12-12a4.5,4.5,0,0,1,6.36-6.37l12,12A4.51,4.51,0,0,1,84,114.9Z\"><\/path><path d=\"M138.24,60.4a4.48,4.48,0,0,1-3.18-1.32l-12-12a4.5,4.5,0,0,1,6.36-6.36l12,12a4.5,4.5,0,0,1-3.18,7.68Z\"><\/path><\/g><\/g><\/svg>\t\t\t\t<\/span>\n\t\t\t<\/div>\n\t\t\t\n\t\t\t\t\t\t<div class=\"elementor-icon-box-content\">\n\n\t\t\t\t\t\t\t\t\t<div class=\"elementor-icon-box-title\">\n\t\t\t\t\t\t<span  >\n\t\t\t\t\t\t\tAnesth\u00e9sie\t\t\t\t\t\t<\/span>\n\t\t\t\t\t<\/div>\n\t\t\t\t\n\t\t\t\t\t\t\t\t\t<p class=\"elementor-icon-box-description\">\n\t\t\t\t\t\tlocale\t\t\t\t\t<\/p>\n\t\t\t\t\n\t\t\t<\/div>\n\t\t\t\n\t\t<\/div>\n\t\t\t\t\t\t<\/div>\n\t\t\t\t<\/div>\n\t\t\t\t\t<\/div>\n\t\t<\/div>\n\t\t\t\t\t<\/div>\n\t\t<\/section>\n\t\t\t\t<div class=\"elementor-element elementor-element-d2f0a20 elementor-hidden-desktop elementor-widget elementor-widget-image\" data-id=\"d2f0a20\" data-element_type=\"widget\" data-widget_type=\"image.default\">\n\t\t\t\t<div class=\"elementor-widget-container\">\n\t\t\t\t\t\t\t\t\t\t\t\t\t\t\t<img fetchpriority=\"high\" decoding=\"async\" width=\"600\" height=\"400\" src=\"https:\/\/centromediconaturae.com\/wp-content\/uploads\/2023\/01\/hilos-tensores.jpeg\" class=\"attachment-full size-full wp-image-7944\" alt=\"Fils tenseurs\" srcset=\"https:\/\/centromediconaturae.com\/wp-content\/uploads\/2023\/01\/hilos-tensores.jpeg 600w, https:\/\/centromediconaturae.com\/wp-content\/uploads\/2023\/01\/hilos-tensores-300x200.jpeg 300w\" sizes=\"(max-width: 600px) 100vw, 600px\" \/>\t\t\t\t\t\t\t\t\t\t\t\t\t\t\t<\/div>\n\t\t\t\t<\/div>\n\t\t\t\t\t<\/div>\n\t\t<\/div>\n\t\t\t\t\t<\/div>\n\t\t<\/section>\n\t\t\t\t<\/div>\n\t\t","protected":false},"excerpt":{"rendered":"<p>Technique r\u00e9g\u00e9n\u00e9ratrice effet lifting Traitement par fils tenseurs Mini-Threads, une nouvelle technique r\u00e9g\u00e9n\u00e9ratrice effet lifting bas\u00e9e sur l&rsquo;implantation de multiples mini-fils de polydiaxanone (PDO). &#8211; Ces fils cr\u00e9ent un r\u00e9seau sous-cutan\u00e9 de soutien qui apporte la tension n\u00e9cessaire pour obtenir l&rsquo;effet lifting. Le r\u00e9sultat est une peau redensifi\u00e9e et plus ferme, lumineuse et rajeunie, avec &hellip;<\/p>\n<p class=\"read-more\"> <a class=\"\" href=\"https:\/\/centromediconaturae.com\/fr\/traitements-esthetiques\/fils-tenseurs\/\"> <span class=\"screen-reader-text\">Fils tenseurs<\/span> Lire la suite\u00a0\u00bb<\/a><\/p>\n","protected":false},"author":1,"featured_media":0,"parent":7839,"menu_order":0,"comment_status":"closed","ping_status":"closed","template":"","meta":{"site-sidebar-layout":"no-sidebar","site-content-layout":"page-builder","ast-global-header-display":"","ast-main-header-display":"","ast-hfb-above-header-display":"","ast-hfb-below-header-display":"","ast-hfb-mobile-header-display":"","site-post-title":"disabled","ast-breadcrumbs-content":"","ast-featured-img":"disabled","footer-sml-layout":"","theme-transparent-header-meta":"default","adv-header-id-meta":"","stick-header-meta":"","header-above-stick-meta":"","header-main-stick-meta":"","header-below-stick-meta":"","footnotes":""},"class_list":["post-7945","page","type-page","status-publish","hentry"],"yoast_head":"<!-- This site is optimized with the Yoast SEO plugin v20.1 - https:\/\/yoast.com\/wordpress\/plugins\/seo\/ -->\n<title>Fils tenseurs | Centro M\u00e9dico Naturae<\/title>\n<meta name=\"robots\" content=\"index, follow, max-snippet:-1, max-image-preview:large, max-video-preview:-1\" \/>\n<link rel=\"canonical\" href=\"https:\/\/centromediconaturae.com\/fr\/traitements-esthetiques\/fils-tenseurs\/\" \/>\n<meta property=\"og:locale\" content=\"fr_FR\" \/>\n<meta property=\"og:type\" content=\"article\" \/>\n<meta property=\"og:title\" content=\"Fils tenseurs | Centro M\u00e9dico Naturae\" \/>\n<meta property=\"og:description\" content=\"Technique r\u00e9g\u00e9n\u00e9ratrice effet lifting Traitement par fils tenseurs Mini-Threads, une nouvelle technique r\u00e9g\u00e9n\u00e9ratrice effet lifting bas\u00e9e sur l&rsquo;implantation de multiples mini-fils de polydiaxanone (PDO). &#8211; Ces fils cr\u00e9ent un r\u00e9seau sous-cutan\u00e9 de soutien qui apporte la tension n\u00e9cessaire pour obtenir l&rsquo;effet lifting. Le r\u00e9sultat est une peau redensifi\u00e9e et plus ferme, lumineuse et rajeunie, avec &hellip; Fils tenseurs Lire la suite\u00a0\u00bb\" \/>\n<meta property=\"og:url\" content=\"https:\/\/centromediconaturae.com\/fr\/traitements-esthetiques\/fils-tenseurs\/\" \/>\n<meta property=\"og:site_name\" content=\"Centro M\u00e9dico Naturae\" \/>\n<meta property=\"article:modified_time\" content=\"2026-01-05T13:10:31+00:00\" \/>\n<meta property=\"og:image\" content=\"https:\/\/centromediconaturae.com\/wp-content\/uploads\/2023\/01\/hilos-tensores.jpeg\" \/>\n<meta name=\"twitter:card\" content=\"summary_large_image\" \/>\n<meta name=\"twitter:label1\" content=\"Dur\u00e9e de lecture estim\u00e9e\" \/>\n\t<meta name=\"twitter:data1\" content=\"1 minute\" \/>\n<script type=\"application\/ld+json\" class=\"yoast-schema-graph\">{\"@context\":\"https:\/\/schema.org\",\"@graph\":[{\"@type\":\"WebPage\",\"@id\":\"https:\/\/centromediconaturae.com\/fr\/traitements-esthetiques\/fils-tenseurs\/\",\"url\":\"https:\/\/centromediconaturae.com\/fr\/traitements-esthetiques\/fils-tenseurs\/\",\"name\":\"Fils tenseurs | Centro M\u00e9dico Naturae\",\"isPartOf\":{\"@id\":\"https:\/\/centromediconaturae.com\/fr\/#website\"},\"datePublished\":\"2022-09-15T08:18:08+00:00\",\"dateModified\":\"2026-01-05T13:10:31+00:00\",\"breadcrumb\":{\"@id\":\"https:\/\/centromediconaturae.com\/fr\/traitements-esthetiques\/fils-tenseurs\/#breadcrumb\"},\"inLanguage\":\"fr-FR\",\"potentialAction\":[{\"@type\":\"ReadAction\",\"target\":[\"https:\/\/centromediconaturae.com\/fr\/traitements-esthetiques\/fils-tenseurs\/\"]}]},{\"@type\":\"BreadcrumbList\",\"@id\":\"https:\/\/centromediconaturae.com\/fr\/traitements-esthetiques\/fils-tenseurs\/#breadcrumb\",\"itemListElement\":[{\"@type\":\"ListItem\",\"position\":1,\"name\":\"Portada\",\"item\":\"https:\/\/centromediconaturae.com\/fr\/\"},{\"@type\":\"ListItem\",\"position\":2,\"name\":\"Traitements esth\u00e9tiques\",\"item\":\"https:\/\/centromediconaturae.com\/fr\/traitements-esthetiques\/\"},{\"@type\":\"ListItem\",\"position\":3,\"name\":\"Fils tenseurs\"}]},{\"@type\":\"WebSite\",\"@id\":\"https:\/\/centromediconaturae.com\/fr\/#website\",\"url\":\"https:\/\/centromediconaturae.com\/fr\/\",\"name\":\"Centro M\u00e9dico Naturae\",\"description\":\"Medicina Est\u00e9tica Dr. Mikel Garc\u00eda\",\"publisher\":{\"@id\":\"https:\/\/centromediconaturae.com\/fr\/#organization\"},\"potentialAction\":[{\"@type\":\"SearchAction\",\"target\":{\"@type\":\"EntryPoint\",\"urlTemplate\":\"https:\/\/centromediconaturae.com\/fr\/?s={search_term_string}\"},\"query-input\":\"required name=search_term_string\"}],\"inLanguage\":\"fr-FR\"},{\"@type\":\"Organization\",\"@id\":\"https:\/\/centromediconaturae.com\/fr\/#organization\",\"name\":\"Centro M\u00e9dico Naturae\",\"url\":\"https:\/\/centromediconaturae.com\/fr\/\",\"logo\":{\"@type\":\"ImageObject\",\"inLanguage\":\"fr-FR\",\"@id\":\"https:\/\/centromediconaturae.com\/fr\/#\/schema\/logo\/image\/\",\"url\":\"https:\/\/centromediconaturae.com\/wp-content\/uploads\/2022\/09\/Logo-Naturae-claim.svg\",\"contentUrl\":\"https:\/\/centromediconaturae.com\/wp-content\/uploads\/2022\/09\/Logo-Naturae-claim.svg\",\"caption\":\"Centro M\u00e9dico Naturae\"},\"image\":{\"@id\":\"https:\/\/centromediconaturae.com\/fr\/#\/schema\/logo\/image\/\"}}]}<\/script>\n<!-- \/ Yoast SEO plugin. -->","yoast_head_json":{"title":"Fils tenseurs | Centro M\u00e9dico Naturae","robots":{"index":"index","follow":"follow","max-snippet":"max-snippet:-1","max-image-preview":"max-image-preview:large","max-video-preview":"max-video-preview:-1"},"canonical":"https:\/\/centromediconaturae.com\/fr\/traitements-esthetiques\/fils-tenseurs\/","og_locale":"fr_FR","og_type":"article","og_title":"Fils tenseurs | Centro M\u00e9dico Naturae","og_description":"Technique r\u00e9g\u00e9n\u00e9ratrice effet lifting Traitement par fils tenseurs Mini-Threads, une nouvelle technique r\u00e9g\u00e9n\u00e9ratrice effet lifting bas\u00e9e sur l&rsquo;implantation de multiples mini-fils de polydiaxanone (PDO). &#8211; Ces fils cr\u00e9ent un r\u00e9seau sous-cutan\u00e9 de soutien qui apporte la tension n\u00e9cessaire pour obtenir l&rsquo;effet lifting. Le r\u00e9sultat est une peau redensifi\u00e9e et plus ferme, lumineuse et rajeunie, avec &hellip; Fils tenseurs Lire la suite\u00a0\u00bb","og_url":"https:\/\/centromediconaturae.com\/fr\/traitements-esthetiques\/fils-tenseurs\/","og_site_name":"Centro M\u00e9dico Naturae","article_modified_time":"2026-01-05T13:10:31+00:00","og_image":[{"url":"https:\/\/centromediconaturae.com\/wp-content\/uploads\/2023\/01\/hilos-tensores.jpeg"}],"twitter_card":"summary_large_image","twitter_misc":{"Dur\u00e9e de lecture estim\u00e9e":"1 minute"},"schema":{"@context":"https:\/\/schema.org","@graph":[{"@type":"WebPage","@id":"https:\/\/centromediconaturae.com\/fr\/traitements-esthetiques\/fils-tenseurs\/","url":"https:\/\/centromediconaturae.com\/fr\/traitements-esthetiques\/fils-tenseurs\/","name":"Fils tenseurs | Centro M\u00e9dico Naturae","isPartOf":{"@id":"https:\/\/centromediconaturae.com\/fr\/#website"},"datePublished":"2022-09-15T08:18:08+00:00","dateModified":"2026-01-05T13:10:31+00:00","breadcrumb":{"@id":"https:\/\/centromediconaturae.com\/fr\/traitements-esthetiques\/fils-tenseurs\/#breadcrumb"},"inLanguage":"fr-FR","potentialAction":[{"@type":"ReadAction","target":["https:\/\/centromediconaturae.com\/fr\/traitements-esthetiques\/fils-tenseurs\/"]}]},{"@type":"BreadcrumbList","@id":"https:\/\/centromediconaturae.com\/fr\/traitements-esthetiques\/fils-tenseurs\/#breadcrumb","itemListElement":[{"@type":"ListItem","position":1,"name":"Portada","item":"https:\/\/centromediconaturae.com\/fr\/"},{"@type":"ListItem","position":2,"name":"Traitements esth\u00e9tiques","item":"https:\/\/centromediconaturae.com\/fr\/traitements-esthetiques\/"},{"@type":"ListItem","position":3,"name":"Fils tenseurs"}]},{"@type":"WebSite","@id":"https:\/\/centromediconaturae.com\/fr\/#website","url":"https:\/\/centromediconaturae.com\/fr\/","name":"Centro M\u00e9dico Naturae","description":"Medicina Est\u00e9tica Dr. Mikel Garc\u00eda","publisher":{"@id":"https:\/\/centromediconaturae.com\/fr\/#organization"},"potentialAction":[{"@type":"SearchAction","target":{"@type":"EntryPoint","urlTemplate":"https:\/\/centromediconaturae.com\/fr\/?s={search_term_string}"},"query-input":"required name=search_term_string"}],"inLanguage":"fr-FR"},{"@type":"Organization","@id":"https:\/\/centromediconaturae.com\/fr\/#organization","name":"Centro M\u00e9dico Naturae","url":"https:\/\/centromediconaturae.com\/fr\/","logo":{"@type":"ImageObject","inLanguage":"fr-FR","@id":"https:\/\/centromediconaturae.com\/fr\/#\/schema\/logo\/image\/","url":"https:\/\/centromediconaturae.com\/wp-content\/uploads\/2022\/09\/Logo-Naturae-claim.svg","contentUrl":"https:\/\/centromediconaturae.com\/wp-content\/uploads\/2022\/09\/Logo-Naturae-claim.svg","caption":"Centro M\u00e9dico Naturae"},"image":{"@id":"https:\/\/centromediconaturae.com\/fr\/#\/schema\/logo\/image\/"}}]}},"_links":{"self":[{"href":"https:\/\/centromediconaturae.com\/fr\/wp-json\/wp\/v2\/pages\/7945","targetHints":{"allow":["GET"]}}],"collection":[{"href":"https:\/\/centromediconaturae.com\/fr\/wp-json\/wp\/v2\/pages"}],"about":[{"href":"https:\/\/centromediconaturae.com\/fr\/wp-json\/wp\/v2\/types\/page"}],"author":[{"embeddable":true,"href":"https:\/\/centromediconaturae.com\/fr\/wp-json\/wp\/v2\/users\/1"}],"replies":[{"embeddable":true,"href":"https:\/\/centromediconaturae.com\/fr\/wp-json\/wp\/v2\/comments?post=7945"}],"version-history":[{"count":1,"href":"https:\/\/centromediconaturae.com\/fr\/wp-json\/wp\/v2\/pages\/7945\/revisions"}],"predecessor-version":[{"id":7947,"href":"https:\/\/centromediconaturae.com\/fr\/wp-json\/wp\/v2\/pages\/7945\/revisions\/7947"}],"up":[{"embeddable":true,"href":"https:\/\/centromediconaturae.com\/fr\/wp-json\/wp\/v2\/pages\/7839"}],"wp:attachment":[{"href":"https:\/\/centromediconaturae.com\/fr\/wp-json\/wp\/v2\/media?parent=7945"}],"curies":[{"name":"wp","href":"https:\/\/api.w.org\/{rel}","templated":true}]}}