{"id":8116,"date":"2025-10-30T10:13:22","date_gmt":"2025-10-30T10:13:22","guid":{"rendered":"https:\/\/centromediconaturae.com\/traitements-esthetiques\/sculptra\/"},"modified":"2026-01-05T13:34:54","modified_gmt":"2026-01-05T13:34:54","slug":"sculptra","status":"publish","type":"page","link":"https:\/\/centromediconaturae.com\/fr\/traitements-esthetiques\/sculptra\/","title":{"rendered":"Sculptra"},"content":{"rendered":"\t\t<div data-elementor-type=\"wp-page\" data-elementor-id=\"8116\" class=\"elementor elementor-8116 elementor-7561\" data-elementor-post-type=\"page\">\n\t\t\t\t\t\t<section class=\"elementor-section elementor-top-section elementor-element elementor-element-c872e45 elementor-reverse-tablet elementor-reverse-mobile elementor-section-boxed elementor-section-height-default elementor-section-height-default\" data-id=\"c872e45\" data-element_type=\"section\">\n\t\t\t\t\t\t<div class=\"elementor-container elementor-column-gap-default\">\n\t\t\t\t\t<div class=\"elementor-column elementor-col-50 elementor-top-column elementor-element elementor-element-4003889\" data-id=\"4003889\" data-element_type=\"column\">\n\t\t\t<div class=\"elementor-widget-wrap elementor-element-populated\">\n\t\t\t\t\t\t<div class=\"elementor-element elementor-element-d2f234b elementor-widget elementor-widget-heading\" data-id=\"d2f234b\" data-element_type=\"widget\" data-widget_type=\"heading.default\">\n\t\t\t\t<div class=\"elementor-widget-container\">\n\t\t\t\t\t<h1 class=\"elementor-heading-title elementor-size-default\">Comblement facial avec Sculptra \u00e0 Pampelune<\/h1>\t\t\t\t<\/div>\n\t\t\t\t<\/div>\n\t\t\t\t<div class=\"elementor-element elementor-element-5f4df39 elementor-widget elementor-widget-heading\" data-id=\"5f4df39\" data-element_type=\"widget\" data-widget_type=\"heading.default\">\n\t\t\t\t<div class=\"elementor-widget-container\">\n\t\t\t\t\t<h2 class=\"elementor-heading-title elementor-size-default\">Rajeunissez votre peau de l'int\u00e9rieur<\/h2>\t\t\t\t<\/div>\n\t\t\t\t<\/div>\n\t\t\t\t<div class=\"elementor-element elementor-element-d8685ca elementor-widget elementor-widget-text-editor\" data-id=\"d8685ca\" data-element_type=\"widget\" data-widget_type=\"text-editor.default\">\n\t\t\t\t<div class=\"elementor-widget-container\">\n\t\t\t\t\t\t\t\t\t<p>Sculptra stimule la production naturelle de collag\u00e8ne pour redonner fermet\u00e9, densit\u00e9 et luminosit\u00e9 \u00e0 la peau, am\u00e9liorant le visage de mani\u00e8re progressive et durable.<\/p>\t\t\t\t\t\t\t\t<\/div>\n\t\t\t\t<\/div>\n\t\t\t\t<div class=\"elementor-element elementor-element-5e9b99b elementor-widget elementor-widget-text-editor\" data-id=\"5e9b99b\" data-element_type=\"widget\" data-widget_type=\"text-editor.default\">\n\t\t\t\t<div class=\"elementor-widget-container\">\n\t\t\t\t\t\t\t\t\t<p data-start=\"579\" data-end=\"935\">Sculptra est un traitement de biostimulation \u00e0 base d&rsquo;acide poly-L-lactique, une substance biocompatible qui r\u00e9active la production de collag\u00e8ne propre \u00e0 la peau.<br data-start=\"742\" data-end=\"745\">\u00c0 la diff\u00e9rence des produits de comblement classiques, il n&rsquo;apporte pas de volume imm\u00e9diat, mais <strong data-start=\"828\" data-end=\"859\">agit de mani\u00e8re progressive<\/strong>, am\u00e9liorant la qualit\u00e9 et la fermet\u00e9 de la peau depuis les couches les plus profondes.<\/p><p data-start=\"937\" data-end=\"1168\">Au fil des semaines, le visage retrouve sa densit\u00e9 et son aspect lisse naturel, r\u00e9duisant le rel\u00e2chement et att\u00e9nuant les rides.<br data-start=\"1063\" data-end=\"1066\">Le r\u00e9sultat est un rajeunissement global, <strong data-start=\"1110\" data-end=\"1132\">naturel et harmonieux<\/strong>, sans alt\u00e9rer les traits du visage.<\/p><p data-start=\"1170\" data-end=\"1458\">Le traitement est r\u00e9alis\u00e9 par micro-injections avec anesth\u00e9sie locale et ne n\u00e9cessite pas de temps de r\u00e9cup\u00e9ration, vous pouvez donc reprendre votre routine habituelle instantan\u00e9ment.<br data-start=\"1337\" data-end=\"1340\">Les r\u00e9sultats se maintiennent pendant plus de 18 mois et peuvent \u00eatre prolong\u00e9s avec des s\u00e9ances d&rsquo;entretien personnalis\u00e9es.<\/p>\t\t\t\t\t\t\t\t<\/div>\n\t\t\t\t<\/div>\n\t\t\t\t\t<\/div>\n\t\t<\/div>\n\t\t\t\t<div class=\"elementor-column elementor-col-50 elementor-top-column elementor-element elementor-element-c50c008\" data-id=\"c50c008\" data-element_type=\"column\">\n\t\t\t<div class=\"elementor-widget-wrap elementor-element-populated\">\n\t\t\t\t\t\t<div class=\"elementor-element elementor-element-daaa148 elementor-widget elementor-widget-image\" data-id=\"daaa148\" data-element_type=\"widget\" data-widget_type=\"image.default\">\n\t\t\t\t<div class=\"elementor-widget-container\">\n\t\t\t\t\t\t\t\t\t\t\t\t\t\t\t<img fetchpriority=\"high\" decoding=\"async\" width=\"600\" height=\"350\" src=\"https:\/\/centromediconaturae.com\/wp-content\/uploads\/2025\/10\/sculptra.jpg\" class=\"attachment-large size-large wp-image-8115\" alt=\"Sculptra\" srcset=\"https:\/\/centromediconaturae.com\/wp-content\/uploads\/2025\/10\/sculptra.jpg 600w, https:\/\/centromediconaturae.com\/wp-content\/uploads\/2025\/10\/sculptra-300x175.jpg 300w\" sizes=\"(max-width: 600px) 100vw, 600px\" \/>\t\t\t\t\t\t\t\t\t\t\t\t\t\t\t<\/div>\n\t\t\t\t<\/div>\n\t\t\t\t<section class=\"elementor-section elementor-inner-section elementor-element elementor-element-fd6327c elementor-section-boxed elementor-section-height-default elementor-section-height-default\" data-id=\"fd6327c\" data-element_type=\"section\" data-settings=\"{&quot;background_background&quot;:&quot;classic&quot;}\">\n\t\t\t\t\t\t<div class=\"elementor-container elementor-column-gap-default\">\n\t\t\t\t\t<div class=\"elementor-column elementor-col-25 elementor-inner-column elementor-element elementor-element-a65e9f0\" data-id=\"a65e9f0\" data-element_type=\"column\">\n\t\t\t<div class=\"elementor-widget-wrap elementor-element-populated\">\n\t\t\t\t\t\t<div class=\"elementor-element elementor-element-f1af995 elementor-view-default elementor-position-top elementor-mobile-position-top elementor-widget elementor-widget-icon-box\" data-id=\"f1af995\" data-element_type=\"widget\" data-widget_type=\"icon-box.default\">\n\t\t\t\t<div class=\"elementor-widget-container\">\n\t\t\t\t\t\t\t<div class=\"elementor-icon-box-wrapper\">\n\n\t\t\t\t\t\t<div class=\"elementor-icon-box-icon\">\n\t\t\t\t<span  class=\"elementor-icon\">\n\t\t\t\t<svg xmlns=\"http:\/\/www.w3.org\/2000\/svg\" viewBox=\"0 0 769.92 690.45\"><g id=\"Capa_2\" data-name=\"Capa 2\"><g id=\"&#xD1;&#xEB;&#xEE;&#xE9;_1\" data-name=\"&#xD1;&#xEB;&#xEE;&#xE9; 1\"><path d=\"M553,45.26a167.45,167.45,0,0,1,119.2,49.35l3.09,3.09c65.72,65.72,65.72,172.67,0,238.39L658.44,353,385,626.44,148.54,390l-37-37L94.64,336.09c-65.72-65.72-65.72-172.67,0-238.39l3-3a168.57,168.57,0,0,1,238.39,0L353,111.48l32,32,32-32,16.86-16.87A167.45,167.45,0,0,1,553,45.26M553,0a213.16,213.16,0,0,0-151.2,62.61L385,79.48,368.08,62.61a213.85,213.85,0,0,0-302.4,0l-3,3c-83.52,83.53-83.52,218.88,0,302.41L79.51,385l37,37L385,690.45,690.44,385l16.87-16.86c83.48-83.48,83.48-218.93,0-302.41l-3.09-3.08A213.16,213.16,0,0,0,553,0Z\"><\/path><\/g><\/g><\/svg>\t\t\t\t<\/span>\n\t\t\t<\/div>\n\t\t\t\n\t\t\t\t\t\t<div class=\"elementor-icon-box-content\">\n\n\t\t\t\t\t\t\t\t\t<div class=\"elementor-icon-box-title\">\n\t\t\t\t\t\t<span  >\n\t\t\t\t\t\t\tR\u00e9sultat\t\t\t\t\t\t<\/span>\n\t\t\t\t\t<\/div>\n\t\t\t\t\n\t\t\t\t\t\t\t\t\t<p class=\"elementor-icon-box-description\">\n\t\t\t\t\t\tprogressif\t\t\t\t\t<\/p>\n\t\t\t\t\n\t\t\t<\/div>\n\t\t\t\n\t\t<\/div>\n\t\t\t\t\t\t<\/div>\n\t\t\t\t<\/div>\n\t\t\t\t\t<\/div>\n\t\t<\/div>\n\t\t\t\t<div class=\"elementor-column elementor-col-25 elementor-inner-column elementor-element elementor-element-88f449b\" data-id=\"88f449b\" data-element_type=\"column\">\n\t\t\t<div class=\"elementor-widget-wrap elementor-element-populated\">\n\t\t\t\t\t\t<div class=\"elementor-element elementor-element-4867d46 elementor-view-default elementor-position-top elementor-mobile-position-top elementor-widget elementor-widget-icon-box\" data-id=\"4867d46\" data-element_type=\"widget\" data-widget_type=\"icon-box.default\">\n\t\t\t\t<div class=\"elementor-widget-container\">\n\t\t\t\t\t\t\t<div class=\"elementor-icon-box-wrapper\">\n\n\t\t\t\t\t\t<div class=\"elementor-icon-box-icon\">\n\t\t\t\t<span  class=\"elementor-icon\">\n\t\t\t\t<svg xmlns=\"http:\/\/www.w3.org\/2000\/svg\" viewBox=\"0 0 368.02 368.02\"><g id=\"Capa_2\" data-name=\"Capa 2\"><g id=\"Icons\"><path d=\"M184,368C82.55,368,0,285.47,0,184S82.55,0,184,0A183.92,183.92,0,0,1,368,184C368,285.47,285.47,368,184,368Zm0-352C91.37,16,16,91.37,16,184S91.37,352,184,352s168-75.37,168-168S276.65,16,184,16Z\"><\/path><path d=\"M184,78.91a8,8,0,0,1-8-8V45.65a8,8,0,0,1,16,0V70.91A8,8,0,0,1,184,78.91Z\"><\/path><path d=\"M184,330.2a8,8,0,0,1-8-8V297.11a8,8,0,0,1,16,0V322.2A8,8,0,0,1,184,330.2Z\"><\/path><path d=\"M322.38,192H297.11a8,8,0,0,1,0-16h25.27a8,8,0,0,1,0,16Z\"><\/path><path d=\"M70.91,192H45.81a8,8,0,0,1,0-16h25.1a8,8,0,0,1,0,16Z\"><\/path><path d=\"M234.37,242.2a8,8,0,0,1-5.65-2.34l-50.36-50.19A8,8,0,0,1,176,184V108.55a8,8,0,0,1,16,0v72.14l48,47.84a8,8,0,0,1-5.64,13.67Z\"><\/path><\/g><\/g><\/svg>\t\t\t\t<\/span>\n\t\t\t<\/div>\n\t\t\t\n\t\t\t\t\t\t<div class=\"elementor-icon-box-content\">\n\n\t\t\t\t\t\t\t\t\t<div class=\"elementor-icon-box-title\">\n\t\t\t\t\t\t<span  >\n\t\t\t\t\t\t\tApplication\t\t\t\t\t\t<\/span>\n\t\t\t\t\t<\/div>\n\t\t\t\t\n\t\t\t\t\t\t\t\t\t<p class=\"elementor-icon-box-description\">\n\t\t\t\t\t\t30 minutes\t\t\t\t\t<\/p>\n\t\t\t\t\n\t\t\t<\/div>\n\t\t\t\n\t\t<\/div>\n\t\t\t\t\t\t<\/div>\n\t\t\t\t<\/div>\n\t\t\t\t\t<\/div>\n\t\t<\/div>\n\t\t\t\t<div class=\"elementor-column elementor-col-25 elementor-inner-column elementor-element elementor-element-a2fffac\" data-id=\"a2fffac\" data-element_type=\"column\">\n\t\t\t<div class=\"elementor-widget-wrap elementor-element-populated\">\n\t\t\t\t\t\t<div class=\"elementor-element elementor-element-4368eb5 elementor-view-default elementor-position-top elementor-mobile-position-top elementor-widget elementor-widget-icon-box\" data-id=\"4368eb5\" data-element_type=\"widget\" data-widget_type=\"icon-box.default\">\n\t\t\t\t<div class=\"elementor-widget-container\">\n\t\t\t\t\t\t\t<div class=\"elementor-icon-box-wrapper\">\n\n\t\t\t\t\t\t<div class=\"elementor-icon-box-icon\">\n\t\t\t\t<span  class=\"elementor-icon\">\n\t\t\t\t<svg xmlns=\"http:\/\/www.w3.org\/2000\/svg\" viewBox=\"0 0 367.98 367.98\"><g id=\"Capa_2\" data-name=\"Capa 2\"><g id=\"Icons\"><path d=\"M334.84,368H33.15A33.19,33.19,0,0,1,0,334.83V45.63a8,8,0,0,1,8-8H360a8,8,0,0,1,8,8v289.2A33.18,33.18,0,0,1,334.84,368ZM16,53.63v281.2A17.16,17.16,0,0,0,33.15,352H334.84A17.16,17.16,0,0,0,352,334.83V53.63Z\"><\/path><path d=\"M360,141.64H40a8,8,0,0,1,0-16H360a8,8,0,1,1,0,16Z\"><\/path><path d=\"M297.08,78.9a8,8,0,0,1-8-8V8a8,8,0,0,1,16,0V70.9A8,8,0,0,1,297.08,78.9Z\"><\/path><path d=\"M70.73,78.9a8,8,0,0,1-8-8V8a8,8,0,1,1,16,0V70.9A8,8,0,0,1,70.73,78.9Z\"><\/path><path d=\"M196.54,242.18h-25.1a20.57,20.57,0,0,1-20.54-20.55V209.09a20.57,20.57,0,0,1,20.54-20.55h25.1a20.57,20.57,0,0,1,20.54,20.55v12.54A20.57,20.57,0,0,1,196.54,242.18Zm-25.1-37.64a4.55,4.55,0,0,0-4.54,4.55v12.54a4.55,4.55,0,0,0,4.54,4.55h25.1a4.55,4.55,0,0,0,4.54-4.55V209.09a4.55,4.55,0,0,0-4.54-4.55Z\"><\/path><path d=\"M100.54,242.18H75.44A20.57,20.57,0,0,1,54.9,221.63V209.09a20.57,20.57,0,0,1,20.54-20.55h25.1a20.57,20.57,0,0,1,20.54,20.55v12.54A20.57,20.57,0,0,1,100.54,242.18Zm-25.1-37.64a4.55,4.55,0,0,0-4.54,4.55v12.54a4.55,4.55,0,0,0,4.54,4.55h25.1a4.55,4.55,0,0,0,4.54-4.55V209.09a4.55,4.55,0,0,0-4.54-4.55Z\"><\/path><path d=\"M100.54,317.62H75.44A20.56,20.56,0,0,1,54.9,297.08V284.54A20.57,20.57,0,0,1,75.44,264h25.1a20.57,20.57,0,0,1,20.54,20.55v12.54A20.56,20.56,0,0,1,100.54,317.62ZM75.44,280a4.55,4.55,0,0,0-4.54,4.55v12.54a4.54,4.54,0,0,0,4.54,4.54h25.1a4.54,4.54,0,0,0,4.54-4.54V284.54a4.55,4.55,0,0,0-4.54-4.55Z\"><\/path><path d=\"M196.54,317.62h-25.1a20.56,20.56,0,0,1-20.54-20.54V284.54A20.57,20.57,0,0,1,171.44,264h25.1a20.57,20.57,0,0,1,20.54,20.55v12.54A20.56,20.56,0,0,1,196.54,317.62ZM171.44,280a4.55,4.55,0,0,0-4.54,4.55v12.54a4.54,4.54,0,0,0,4.54,4.54h25.1a4.54,4.54,0,0,0,4.54-4.54V284.54a4.55,4.55,0,0,0-4.54-4.55Z\"><\/path><path d=\"M292.53,317.62H267.44a20.56,20.56,0,0,1-20.54-20.54V284.54A20.57,20.57,0,0,1,267.44,264h25.09a20.57,20.57,0,0,1,20.55,20.55v12.54A20.57,20.57,0,0,1,292.53,317.62ZM267.44,280a4.55,4.55,0,0,0-4.54,4.55v12.54a4.54,4.54,0,0,0,4.54,4.54h25.09a4.55,4.55,0,0,0,4.55-4.54V284.54a4.55,4.55,0,0,0-4.55-4.55Z\"><\/path><path d=\"M292.53,242.18H267.44a20.57,20.57,0,0,1-20.54-20.55V209.09a20.57,20.57,0,0,1,20.54-20.55h25.09a20.57,20.57,0,0,1,20.55,20.55v12.54A20.57,20.57,0,0,1,292.53,242.18Zm-25.09-37.64a4.55,4.55,0,0,0-4.54,4.55v12.54a4.55,4.55,0,0,0,4.54,4.55h25.09a4.55,4.55,0,0,0,4.55-4.55V209.09a4.55,4.55,0,0,0-4.55-4.55Z\"><\/path><\/g><\/g><\/svg>\t\t\t\t<\/span>\n\t\t\t<\/div>\n\t\t\t\n\t\t\t\t\t\t<div class=\"elementor-icon-box-content\">\n\n\t\t\t\t\t\t\t\t\t<div class=\"elementor-icon-box-title\">\n\t\t\t\t\t\t<span  >\n\t\t\t\t\t\t\tDur\u00e9e\t\t\t\t\t\t<\/span>\n\t\t\t\t\t<\/div>\n\t\t\t\t\n\t\t\t\t\t\t\t\t\t<p class=\"elementor-icon-box-description\">\n\t\t\t\t\t\tJusqu'\u00e0 24 mois\t\t\t\t\t<\/p>\n\t\t\t\t\n\t\t\t<\/div>\n\t\t\t\n\t\t<\/div>\n\t\t\t\t\t\t<\/div>\n\t\t\t\t<\/div>\n\t\t\t\t\t<\/div>\n\t\t<\/div>\n\t\t\t\t<div class=\"elementor-column elementor-col-25 elementor-inner-column elementor-element elementor-element-91b198e\" data-id=\"91b198e\" data-element_type=\"column\">\n\t\t\t<div class=\"elementor-widget-wrap elementor-element-populated\">\n\t\t\t\t\t\t<div class=\"elementor-element elementor-element-d62c9e0 elementor-view-default elementor-position-top elementor-mobile-position-top elementor-widget elementor-widget-icon-box\" data-id=\"d62c9e0\" data-element_type=\"widget\" data-widget_type=\"icon-box.default\">\n\t\t\t\t<div class=\"elementor-widget-container\">\n\t\t\t\t\t\t\t<div class=\"elementor-icon-box-wrapper\">\n\n\t\t\t\t\t\t<div class=\"elementor-icon-box-icon\">\n\t\t\t\t<span  class=\"elementor-icon\">\n\t\t\t\t<svg xmlns=\"http:\/\/www.w3.org\/2000\/svg\" viewBox=\"0 0 201.24 202.46\"><g id=\"Capa_2\" data-name=\"Capa 2\"><g id=\"_Layer_\" data-name=\"&lt;Layer&gt;\"><path d=\"M72.27,151.92a4.5,4.5,0,0,1-3.19-1.33L51.85,133.24a4.52,4.52,0,0,1-1.13-4.45l6.12-20.72A4.56,4.56,0,0,1,58,106.18l79.18-79.91a4.5,4.5,0,0,1,6.39,6.34l-78.38,79.1-5,17.08,13.57,13.67,17.87-4.28,78.39-79.11a4.5,4.5,0,1,1,6.39,6.34l-79.3,80a4.42,4.42,0,0,1-2.14,1.21L73.32,151.8A4.7,4.7,0,0,1,72.27,151.92Z\"><\/path><path d=\"M186.24,78.6a4.48,4.48,0,0,1-3.18-1.32l-60-60a4.5,4.5,0,0,1,6.36-6.36l60,60a4.5,4.5,0,0,1-3.18,7.68Z\"><\/path><rect x=\"154.94\" y=\"25.6\" width=\"30.6\" height=\"9\" transform=\"translate(28.59 129.21) rotate(-45)\"><\/rect><path d=\"M196.74,45a4.48,4.48,0,0,1-3.18-1.32l-36-36a4.5,4.5,0,0,1,6.36-6.36l36,36A4.5,4.5,0,0,1,196.74,45Z\"><\/path><path d=\"M51.71,166.91a16.16,16.16,0,0,1-11.5-27.53L51.75,127a4.5,4.5,0,1,1,6.58,6.13L46.75,145.57l-.11.12a7.08,7.08,0,0,0-2.1,5.06,7.17,7.17,0,0,0,12.24,5.07l.09-.09,12.32-11.59a4.5,4.5,0,0,1,6.17,6.56L63.09,162.24A16.16,16.16,0,0,1,51.71,166.91Z\"><\/path><path d=\"M4.5,202.46a4.5,4.5,0,0,1-3.18-7.68l39-39a4.5,4.5,0,0,1,6.37,6.37l-39,38.95A4.48,4.48,0,0,1,4.5,202.46Z\"><\/path><path d=\"M120.63,78a4.48,4.48,0,0,1-3.18-1.32l-12-12a4.5,4.5,0,1,1,6.36-6.36l12,12A4.5,4.5,0,0,1,120.63,78Z\"><\/path><path d=\"M101.7,97.08a4.52,4.52,0,0,1-3.19-1.31l-12-12a4.5,4.5,0,0,1,6.37-6.37l12,12a4.5,4.5,0,0,1-3.18,7.68Z\"><\/path><path d=\"M84,114.9a4.47,4.47,0,0,1-3.18-1.32l-12-12a4.5,4.5,0,0,1,6.36-6.37l12,12A4.51,4.51,0,0,1,84,114.9Z\"><\/path><path d=\"M138.24,60.4a4.48,4.48,0,0,1-3.18-1.32l-12-12a4.5,4.5,0,0,1,6.36-6.36l12,12a4.5,4.5,0,0,1-3.18,7.68Z\"><\/path><\/g><\/g><\/svg>\t\t\t\t<\/span>\n\t\t\t<\/div>\n\t\t\t\n\t\t\t\t\t\t<div class=\"elementor-icon-box-content\">\n\n\t\t\t\t\t\t\t\t\t<div class=\"elementor-icon-box-title\">\n\t\t\t\t\t\t<span  >\n\t\t\t\t\t\t\tAnesth\u00e9sie\t\t\t\t\t\t<\/span>\n\t\t\t\t\t<\/div>\n\t\t\t\t\n\t\t\t\t\t\t\t\t\t<p class=\"elementor-icon-box-description\">\n\t\t\t\t\t\tlocale\t\t\t\t\t<\/p>\n\t\t\t\t\n\t\t\t<\/div>\n\t\t\t\n\t\t<\/div>\n\t\t\t\t\t\t<\/div>\n\t\t\t\t<\/div>\n\t\t\t\t\t<\/div>\n\t\t<\/div>\n\t\t\t\t\t<\/div>\n\t\t<\/section>\n\t\t\t\t\t<\/div>\n\t\t<\/div>\n\t\t\t\t\t<\/div>\n\t\t<\/section>\n\t\t\t\t<\/div>\n\t\t","protected":false},"excerpt":{"rendered":"<p>Comblement facial avec Sculptra \u00e0 Pampelune Rajeunissez votre peau de l&rsquo;int\u00e9rieur Sculptra stimule la production naturelle de collag\u00e8ne pour redonner fermet\u00e9, densit\u00e9 et luminosit\u00e9 \u00e0 la peau, am\u00e9liorant le visage de mani\u00e8re progressive et durable. Sculptra est un traitement de biostimulation \u00e0 base d&rsquo;acide poly-L-lactique, une substance biocompatible qui r\u00e9active la production de collag\u00e8ne propre &hellip;<\/p>\n<p class=\"read-more\"> <a class=\"\" href=\"https:\/\/centromediconaturae.com\/fr\/traitements-esthetiques\/sculptra\/\"> <span class=\"screen-reader-text\">Sculptra<\/span> Lire la suite\u00a0\u00bb<\/a><\/p>\n","protected":false},"author":1,"featured_media":0,"parent":7839,"menu_order":0,"comment_status":"closed","ping_status":"closed","template":"","meta":{"site-sidebar-layout":"no-sidebar","site-content-layout":"page-builder","ast-global-header-display":"","ast-main-header-display":"","ast-hfb-above-header-display":"","ast-hfb-below-header-display":"","ast-hfb-mobile-header-display":"","site-post-title":"disabled","ast-breadcrumbs-content":"","ast-featured-img":"disabled","footer-sml-layout":"","theme-transparent-header-meta":"default","adv-header-id-meta":"","stick-header-meta":"","header-above-stick-meta":"","header-main-stick-meta":"","header-below-stick-meta":"","footnotes":""},"class_list":["post-8116","page","type-page","status-publish","hentry"],"yoast_head":"<!-- This site is optimized with the Yoast SEO plugin v20.1 - https:\/\/yoast.com\/wordpress\/plugins\/seo\/ -->\n<title>Sculptra | Centro M\u00e9dico Naturae<\/title>\n<meta name=\"robots\" content=\"index, follow, max-snippet:-1, max-image-preview:large, max-video-preview:-1\" \/>\n<link rel=\"canonical\" href=\"https:\/\/centromediconaturae.com\/fr\/traitements-esthetiques\/sculptra\/\" \/>\n<meta property=\"og:locale\" content=\"fr_FR\" \/>\n<meta property=\"og:type\" content=\"article\" \/>\n<meta property=\"og:title\" content=\"Sculptra | Centro M\u00e9dico Naturae\" \/>\n<meta property=\"og:description\" content=\"Comblement facial avec Sculptra \u00e0 Pampelune Rajeunissez votre peau de l&rsquo;int\u00e9rieur Sculptra stimule la production naturelle de collag\u00e8ne pour redonner fermet\u00e9, densit\u00e9 et luminosit\u00e9 \u00e0 la peau, am\u00e9liorant le visage de mani\u00e8re progressive et durable. Sculptra est un traitement de biostimulation \u00e0 base d&rsquo;acide poly-L-lactique, une substance biocompatible qui r\u00e9active la production de collag\u00e8ne propre &hellip; Sculptra Lire la suite\u00a0\u00bb\" \/>\n<meta property=\"og:url\" content=\"https:\/\/centromediconaturae.com\/fr\/traitements-esthetiques\/sculptra\/\" \/>\n<meta property=\"og:site_name\" content=\"Centro M\u00e9dico Naturae\" \/>\n<meta property=\"article:modified_time\" content=\"2026-01-05T13:34:54+00:00\" \/>\n<meta property=\"og:image\" content=\"https:\/\/centromediconaturae.com\/wp-content\/uploads\/2025\/10\/sculptra.jpg\" \/>\n<meta name=\"twitter:card\" content=\"summary_large_image\" \/>\n<meta name=\"twitter:label1\" content=\"Dur\u00e9e de lecture estim\u00e9e\" \/>\n\t<meta name=\"twitter:data1\" content=\"1 minute\" \/>\n<script type=\"application\/ld+json\" class=\"yoast-schema-graph\">{\"@context\":\"https:\/\/schema.org\",\"@graph\":[{\"@type\":\"WebPage\",\"@id\":\"https:\/\/centromediconaturae.com\/fr\/traitements-esthetiques\/sculptra\/\",\"url\":\"https:\/\/centromediconaturae.com\/fr\/traitements-esthetiques\/sculptra\/\",\"name\":\"Sculptra | Centro M\u00e9dico Naturae\",\"isPartOf\":{\"@id\":\"https:\/\/centromediconaturae.com\/fr\/#website\"},\"datePublished\":\"2025-10-30T10:13:22+00:00\",\"dateModified\":\"2026-01-05T13:34:54+00:00\",\"breadcrumb\":{\"@id\":\"https:\/\/centromediconaturae.com\/fr\/traitements-esthetiques\/sculptra\/#breadcrumb\"},\"inLanguage\":\"fr-FR\",\"potentialAction\":[{\"@type\":\"ReadAction\",\"target\":[\"https:\/\/centromediconaturae.com\/fr\/traitements-esthetiques\/sculptra\/\"]}]},{\"@type\":\"BreadcrumbList\",\"@id\":\"https:\/\/centromediconaturae.com\/fr\/traitements-esthetiques\/sculptra\/#breadcrumb\",\"itemListElement\":[{\"@type\":\"ListItem\",\"position\":1,\"name\":\"Portada\",\"item\":\"https:\/\/centromediconaturae.com\/fr\/\"},{\"@type\":\"ListItem\",\"position\":2,\"name\":\"Traitements esth\u00e9tiques\",\"item\":\"https:\/\/centromediconaturae.com\/fr\/traitements-esthetiques\/\"},{\"@type\":\"ListItem\",\"position\":3,\"name\":\"Sculptra\"}]},{\"@type\":\"WebSite\",\"@id\":\"https:\/\/centromediconaturae.com\/fr\/#website\",\"url\":\"https:\/\/centromediconaturae.com\/fr\/\",\"name\":\"Centro M\u00e9dico Naturae\",\"description\":\"Medicina Est\u00e9tica Dr. Mikel Garc\u00eda\",\"publisher\":{\"@id\":\"https:\/\/centromediconaturae.com\/fr\/#organization\"},\"potentialAction\":[{\"@type\":\"SearchAction\",\"target\":{\"@type\":\"EntryPoint\",\"urlTemplate\":\"https:\/\/centromediconaturae.com\/fr\/?s={search_term_string}\"},\"query-input\":\"required name=search_term_string\"}],\"inLanguage\":\"fr-FR\"},{\"@type\":\"Organization\",\"@id\":\"https:\/\/centromediconaturae.com\/fr\/#organization\",\"name\":\"Centro M\u00e9dico Naturae\",\"url\":\"https:\/\/centromediconaturae.com\/fr\/\",\"logo\":{\"@type\":\"ImageObject\",\"inLanguage\":\"fr-FR\",\"@id\":\"https:\/\/centromediconaturae.com\/fr\/#\/schema\/logo\/image\/\",\"url\":\"https:\/\/centromediconaturae.com\/wp-content\/uploads\/2022\/09\/Logo-Naturae-claim.svg\",\"contentUrl\":\"https:\/\/centromediconaturae.com\/wp-content\/uploads\/2022\/09\/Logo-Naturae-claim.svg\",\"caption\":\"Centro M\u00e9dico Naturae\"},\"image\":{\"@id\":\"https:\/\/centromediconaturae.com\/fr\/#\/schema\/logo\/image\/\"}}]}<\/script>\n<!-- \/ Yoast SEO plugin. -->","yoast_head_json":{"title":"Sculptra | Centro M\u00e9dico Naturae","robots":{"index":"index","follow":"follow","max-snippet":"max-snippet:-1","max-image-preview":"max-image-preview:large","max-video-preview":"max-video-preview:-1"},"canonical":"https:\/\/centromediconaturae.com\/fr\/traitements-esthetiques\/sculptra\/","og_locale":"fr_FR","og_type":"article","og_title":"Sculptra | Centro M\u00e9dico Naturae","og_description":"Comblement facial avec Sculptra \u00e0 Pampelune Rajeunissez votre peau de l&rsquo;int\u00e9rieur Sculptra stimule la production naturelle de collag\u00e8ne pour redonner fermet\u00e9, densit\u00e9 et luminosit\u00e9 \u00e0 la peau, am\u00e9liorant le visage de mani\u00e8re progressive et durable. Sculptra est un traitement de biostimulation \u00e0 base d&rsquo;acide poly-L-lactique, une substance biocompatible qui r\u00e9active la production de collag\u00e8ne propre &hellip; Sculptra Lire la suite\u00a0\u00bb","og_url":"https:\/\/centromediconaturae.com\/fr\/traitements-esthetiques\/sculptra\/","og_site_name":"Centro M\u00e9dico Naturae","article_modified_time":"2026-01-05T13:34:54+00:00","og_image":[{"url":"https:\/\/centromediconaturae.com\/wp-content\/uploads\/2025\/10\/sculptra.jpg"}],"twitter_card":"summary_large_image","twitter_misc":{"Dur\u00e9e de lecture estim\u00e9e":"1 minute"},"schema":{"@context":"https:\/\/schema.org","@graph":[{"@type":"WebPage","@id":"https:\/\/centromediconaturae.com\/fr\/traitements-esthetiques\/sculptra\/","url":"https:\/\/centromediconaturae.com\/fr\/traitements-esthetiques\/sculptra\/","name":"Sculptra | Centro M\u00e9dico Naturae","isPartOf":{"@id":"https:\/\/centromediconaturae.com\/fr\/#website"},"datePublished":"2025-10-30T10:13:22+00:00","dateModified":"2026-01-05T13:34:54+00:00","breadcrumb":{"@id":"https:\/\/centromediconaturae.com\/fr\/traitements-esthetiques\/sculptra\/#breadcrumb"},"inLanguage":"fr-FR","potentialAction":[{"@type":"ReadAction","target":["https:\/\/centromediconaturae.com\/fr\/traitements-esthetiques\/sculptra\/"]}]},{"@type":"BreadcrumbList","@id":"https:\/\/centromediconaturae.com\/fr\/traitements-esthetiques\/sculptra\/#breadcrumb","itemListElement":[{"@type":"ListItem","position":1,"name":"Portada","item":"https:\/\/centromediconaturae.com\/fr\/"},{"@type":"ListItem","position":2,"name":"Traitements esth\u00e9tiques","item":"https:\/\/centromediconaturae.com\/fr\/traitements-esthetiques\/"},{"@type":"ListItem","position":3,"name":"Sculptra"}]},{"@type":"WebSite","@id":"https:\/\/centromediconaturae.com\/fr\/#website","url":"https:\/\/centromediconaturae.com\/fr\/","name":"Centro M\u00e9dico Naturae","description":"Medicina Est\u00e9tica Dr. Mikel Garc\u00eda","publisher":{"@id":"https:\/\/centromediconaturae.com\/fr\/#organization"},"potentialAction":[{"@type":"SearchAction","target":{"@type":"EntryPoint","urlTemplate":"https:\/\/centromediconaturae.com\/fr\/?s={search_term_string}"},"query-input":"required name=search_term_string"}],"inLanguage":"fr-FR"},{"@type":"Organization","@id":"https:\/\/centromediconaturae.com\/fr\/#organization","name":"Centro M\u00e9dico Naturae","url":"https:\/\/centromediconaturae.com\/fr\/","logo":{"@type":"ImageObject","inLanguage":"fr-FR","@id":"https:\/\/centromediconaturae.com\/fr\/#\/schema\/logo\/image\/","url":"https:\/\/centromediconaturae.com\/wp-content\/uploads\/2022\/09\/Logo-Naturae-claim.svg","contentUrl":"https:\/\/centromediconaturae.com\/wp-content\/uploads\/2022\/09\/Logo-Naturae-claim.svg","caption":"Centro M\u00e9dico Naturae"},"image":{"@id":"https:\/\/centromediconaturae.com\/fr\/#\/schema\/logo\/image\/"}}]}},"_links":{"self":[{"href":"https:\/\/centromediconaturae.com\/fr\/wp-json\/wp\/v2\/pages\/8116","targetHints":{"allow":["GET"]}}],"collection":[{"href":"https:\/\/centromediconaturae.com\/fr\/wp-json\/wp\/v2\/pages"}],"about":[{"href":"https:\/\/centromediconaturae.com\/fr\/wp-json\/wp\/v2\/types\/page"}],"author":[{"embeddable":true,"href":"https:\/\/centromediconaturae.com\/fr\/wp-json\/wp\/v2\/users\/1"}],"replies":[{"embeddable":true,"href":"https:\/\/centromediconaturae.com\/fr\/wp-json\/wp\/v2\/comments?post=8116"}],"version-history":[{"count":1,"href":"https:\/\/centromediconaturae.com\/fr\/wp-json\/wp\/v2\/pages\/8116\/revisions"}],"predecessor-version":[{"id":8117,"href":"https:\/\/centromediconaturae.com\/fr\/wp-json\/wp\/v2\/pages\/8116\/revisions\/8117"}],"up":[{"embeddable":true,"href":"https:\/\/centromediconaturae.com\/fr\/wp-json\/wp\/v2\/pages\/7839"}],"wp:attachment":[{"href":"https:\/\/centromediconaturae.com\/fr\/wp-json\/wp\/v2\/media?parent=8116"}],"curies":[{"name":"wp","href":"https:\/\/api.w.org\/{rel}","templated":true}]}}