{"id":8134,"date":"2023-02-06T09:23:28","date_gmt":"2023-02-06T09:23:28","guid":{"rendered":"https:\/\/centromediconaturae.com\/traitements-esthetiques\/therapie-led\/"},"modified":"2026-01-05T13:37:59","modified_gmt":"2026-01-05T13:37:59","slug":"therapie-led","status":"publish","type":"page","link":"https:\/\/centromediconaturae.com\/fr\/traitements-esthetiques\/therapie-led\/","title":{"rendered":"Th\u00e9rapie LED"},"content":{"rendered":"\t\t<div data-elementor-type=\"wp-page\" data-elementor-id=\"8134\" class=\"elementor elementor-8134 elementor-7169\" data-elementor-post-type=\"page\">\n\t\t\t\t\t\t<section class=\"elementor-section elementor-top-section elementor-element elementor-element-7e19c97 elementor-reverse-tablet elementor-reverse-mobile elementor-section-boxed elementor-section-height-default elementor-section-height-default\" data-id=\"7e19c97\" data-element_type=\"section\">\n\t\t\t\t\t\t<div class=\"elementor-container elementor-column-gap-default\">\n\t\t\t\t\t<div class=\"elementor-column elementor-col-50 elementor-top-column elementor-element elementor-element-808e01a\" data-id=\"808e01a\" data-element_type=\"column\">\n\t\t\t<div class=\"elementor-widget-wrap elementor-element-populated\">\n\t\t\t\t\t\t<div class=\"elementor-element elementor-element-b7034c9 elementor-widget elementor-widget-heading\" data-id=\"b7034c9\" data-element_type=\"widget\" data-widget_type=\"heading.default\">\n\t\t\t\t<div class=\"elementor-widget-container\">\n\t\t\t\t\t<h2 class=\"elementor-heading-title elementor-size-default\">Rajeunissement par phototh\u00e9rapie<\/h2>\t\t\t\t<\/div>\n\t\t\t\t<\/div>\n\t\t\t\t<div class=\"elementor-element elementor-element-aec4c13 elementor-widget elementor-widget-heading\" data-id=\"aec4c13\" data-element_type=\"widget\" data-widget_type=\"heading.default\">\n\t\t\t\t<div class=\"elementor-widget-container\">\n\t\t\t\t\t<h2 class=\"elementor-heading-title elementor-size-default\">Th\u00e9rapie LED<\/h2>\t\t\t\t<\/div>\n\t\t\t\t<\/div>\n\t\t\t\t<div class=\"elementor-element elementor-element-e727aff elementor-widget elementor-widget-text-editor\" data-id=\"e727aff\" data-element_type=\"widget\" data-widget_type=\"text-editor.default\">\n\t\t\t\t<div class=\"elementor-widget-container\">\n\t\t\t\t\t\t\t\t\t<p>Les th\u00e9rapies LED repr\u00e9sentent une ressource s\u00fbre, efficace et indolore, qui apporte tonicit\u00e9 et fra\u00eecheur \u00e0 la peau du visage, et constituent une r\u00e9volution dans les soins du visage.<\/p>\t\t\t\t\t\t\t\t<\/div>\n\t\t\t\t<\/div>\n\t\t\t\t<div class=\"elementor-element elementor-element-eb04874 elementor-widget elementor-widget-text-editor\" data-id=\"eb04874\" data-element_type=\"widget\" data-widget_type=\"text-editor.default\">\n\t\t\t\t<div class=\"elementor-widget-container\">\n\t\t\t\t\t\t\t\t\t<p>La th\u00e9rapie LED est une m\u00e9thode qui emploie la phototh\u00e9rapie afin de rajeunir le tissu \u00e0 travers des ondes conductrices d&rsquo;\u00e9nergie, lesquelles aident \u00e0 la production de collag\u00e8ne et \u00e0 la stimulation des muscles faciaux de mani\u00e8re s\u00fbre.<\/p><p>La lumi\u00e8re \u00e9mise par cette th\u00e9rapie ne g\u00e9n\u00e8re ni br\u00fblures ni dommages sur la peau, aucune douleur ni chaleur n&rsquo;est ressentie car il s&rsquo;agit d&rsquo;une m\u00e9thode non invasive. Elle stimule la production de collag\u00e8ne et d&rsquo;\u00e9lastine et, selon la couleur, a une fonction d\u00e9termin\u00e9e. <\/p>\t\t\t\t\t\t\t\t<\/div>\n\t\t\t\t<\/div>\n\t\t\t\t<div class=\"elementor-element elementor-element-b0dc917 elementor-position-left elementor-mobile-position-left elementor-view-default elementor-widget elementor-widget-icon-box\" data-id=\"b0dc917\" data-element_type=\"widget\" data-widget_type=\"icon-box.default\">\n\t\t\t\t<div class=\"elementor-widget-container\">\n\t\t\t\t\t\t\t<div class=\"elementor-icon-box-wrapper\">\n\n\t\t\t\t\t\t<div class=\"elementor-icon-box-icon\">\n\t\t\t\t<span  class=\"elementor-icon\">\n\t\t\t\t<svg xmlns=\"http:\/\/www.w3.org\/2000\/svg\" xmlns:xlink=\"http:\/\/www.w3.org\/1999\/xlink\" id=\"Capa_1\" x=\"0px\" y=\"0px\" viewBox=\"0 0 40.9 27.5\" style=\"enable-background:new 0 0 40.9 27.5;\" xml:space=\"preserve\"><style type=\"text\/css\">\t.st0{fill:#122024;}<\/style><path class=\"st0\" d=\"M27.4,0.3c-0.3-0.3-0.9-0.3-1.3,0c-0.3,0.3-0.3,0.9,0,1.3l11.3,11.3H0.9c-0.5,0-0.9,0.4-0.9,0.9 s0.4,0.9,0.9,0.9h36.6L26.2,26c-0.2,0.2-0.3,0.4-0.3,0.6c0,0.2,0.1,0.5,0.3,0.6c0.3,0.3,0.9,0.3,1.3,0l13.5-13.5L27.4,0.3z\"><\/path><\/svg>\t\t\t\t<\/span>\n\t\t\t<\/div>\n\t\t\t\n\t\t\t\t\t\t<div class=\"elementor-icon-box-content\">\n\n\t\t\t\t\t\t\t\t\t<h3 class=\"elementor-icon-box-title\">\n\t\t\t\t\t\t<span  >\n\t\t\t\t\t\t\tLumi\u00e8re rouge\t\t\t\t\t\t<\/span>\n\t\t\t\t\t<\/h3>\n\t\t\t\t\n\t\t\t\t\t\t\t\t\t<p class=\"elementor-icon-box-description\">\n\t\t\t\t\t\tR\u00e9paration des dommages aux tissus et diminution des rides d'expression.\t\t\t\t\t<\/p>\n\t\t\t\t\n\t\t\t<\/div>\n\t\t\t\n\t\t<\/div>\n\t\t\t\t\t\t<\/div>\n\t\t\t\t<\/div>\n\t\t\t\t<div class=\"elementor-element elementor-element-5800797 elementor-position-left elementor-mobile-position-left elementor-view-default elementor-widget elementor-widget-icon-box\" data-id=\"5800797\" data-element_type=\"widget\" data-widget_type=\"icon-box.default\">\n\t\t\t\t<div class=\"elementor-widget-container\">\n\t\t\t\t\t\t\t<div class=\"elementor-icon-box-wrapper\">\n\n\t\t\t\t\t\t<div class=\"elementor-icon-box-icon\">\n\t\t\t\t<span  class=\"elementor-icon\">\n\t\t\t\t<svg xmlns=\"http:\/\/www.w3.org\/2000\/svg\" xmlns:xlink=\"http:\/\/www.w3.org\/1999\/xlink\" id=\"Capa_1\" x=\"0px\" y=\"0px\" viewBox=\"0 0 40.9 27.5\" style=\"enable-background:new 0 0 40.9 27.5;\" xml:space=\"preserve\"><style type=\"text\/css\">\t.st0{fill:#122024;}<\/style><path class=\"st0\" d=\"M27.4,0.3c-0.3-0.3-0.9-0.3-1.3,0c-0.3,0.3-0.3,0.9,0,1.3l11.3,11.3H0.9c-0.5,0-0.9,0.4-0.9,0.9 s0.4,0.9,0.9,0.9h36.6L26.2,26c-0.2,0.2-0.3,0.4-0.3,0.6c0,0.2,0.1,0.5,0.3,0.6c0.3,0.3,0.9,0.3,1.3,0l13.5-13.5L27.4,0.3z\"><\/path><\/svg>\t\t\t\t<\/span>\n\t\t\t<\/div>\n\t\t\t\n\t\t\t\t\t\t<div class=\"elementor-icon-box-content\">\n\n\t\t\t\t\t\t\t\t\t<h3 class=\"elementor-icon-box-title\">\n\t\t\t\t\t\t<span  >\n\t\t\t\t\t\t\tLumi\u00e8re bleue\t\t\t\t\t\t<\/span>\n\t\t\t\t\t<\/h3>\n\t\t\t\t\n\t\t\t\t\t\t\t\t\t<p class=\"elementor-icon-box-description\">\n\t\t\t\t\t\tAdjuvant dans les traitements des peaux acn\u00e9iques, diminuant l'inflammation.\t\t\t\t\t<\/p>\n\t\t\t\t\n\t\t\t<\/div>\n\t\t\t\n\t\t<\/div>\n\t\t\t\t\t\t<\/div>\n\t\t\t\t<\/div>\n\t\t\t\t<div class=\"elementor-element elementor-element-81f98a1 elementor-position-left elementor-mobile-position-left elementor-view-default elementor-widget elementor-widget-icon-box\" data-id=\"81f98a1\" data-element_type=\"widget\" data-widget_type=\"icon-box.default\">\n\t\t\t\t<div class=\"elementor-widget-container\">\n\t\t\t\t\t\t\t<div class=\"elementor-icon-box-wrapper\">\n\n\t\t\t\t\t\t<div class=\"elementor-icon-box-icon\">\n\t\t\t\t<span  class=\"elementor-icon\">\n\t\t\t\t<svg xmlns=\"http:\/\/www.w3.org\/2000\/svg\" xmlns:xlink=\"http:\/\/www.w3.org\/1999\/xlink\" id=\"Capa_1\" x=\"0px\" y=\"0px\" viewBox=\"0 0 40.9 27.5\" style=\"enable-background:new 0 0 40.9 27.5;\" xml:space=\"preserve\"><style type=\"text\/css\">\t.st0{fill:#122024;}<\/style><path class=\"st0\" d=\"M27.4,0.3c-0.3-0.3-0.9-0.3-1.3,0c-0.3,0.3-0.3,0.9,0,1.3l11.3,11.3H0.9c-0.5,0-0.9,0.4-0.9,0.9 s0.4,0.9,0.9,0.9h36.6L26.2,26c-0.2,0.2-0.3,0.4-0.3,0.6c0,0.2,0.1,0.5,0.3,0.6c0.3,0.3,0.9,0.3,1.3,0l13.5-13.5L27.4,0.3z\"><\/path><\/svg>\t\t\t\t<\/span>\n\t\t\t<\/div>\n\t\t\t\n\t\t\t\t\t\t<div class=\"elementor-icon-box-content\">\n\n\t\t\t\t\t\t\t\t\t<h3 class=\"elementor-icon-box-title\">\n\t\t\t\t\t\t<span  >\n\t\t\t\t\t\t\tLumi\u00e8re jaune\t\t\t\t\t\t<\/span>\n\t\t\t\t\t<\/h3>\n\t\t\t\t\n\t\t\t\t\t\t\t\t\t<p class=\"elementor-icon-box-description\">\n\t\t\t\t\t\tTraitement des rougeurs de la peau et stimulation du syst\u00e8me lymphatique.\t\t\t\t\t<\/p>\n\t\t\t\t\n\t\t\t<\/div>\n\t\t\t\n\t\t<\/div>\n\t\t\t\t\t\t<\/div>\n\t\t\t\t<\/div>\n\t\t\t\t<div class=\"elementor-element elementor-element-936387a elementor-position-left elementor-mobile-position-left elementor-view-default elementor-widget elementor-widget-icon-box\" data-id=\"936387a\" data-element_type=\"widget\" data-widget_type=\"icon-box.default\">\n\t\t\t\t<div class=\"elementor-widget-container\">\n\t\t\t\t\t\t\t<div class=\"elementor-icon-box-wrapper\">\n\n\t\t\t\t\t\t<div class=\"elementor-icon-box-icon\">\n\t\t\t\t<span  class=\"elementor-icon\">\n\t\t\t\t<svg xmlns=\"http:\/\/www.w3.org\/2000\/svg\" xmlns:xlink=\"http:\/\/www.w3.org\/1999\/xlink\" id=\"Capa_1\" x=\"0px\" y=\"0px\" viewBox=\"0 0 40.9 27.5\" style=\"enable-background:new 0 0 40.9 27.5;\" xml:space=\"preserve\"><style type=\"text\/css\">\t.st0{fill:#122024;}<\/style><path class=\"st0\" d=\"M27.4,0.3c-0.3-0.3-0.9-0.3-1.3,0c-0.3,0.3-0.3,0.9,0,1.3l11.3,11.3H0.9c-0.5,0-0.9,0.4-0.9,0.9 s0.4,0.9,0.9,0.9h36.6L26.2,26c-0.2,0.2-0.3,0.4-0.3,0.6c0,0.2,0.1,0.5,0.3,0.6c0.3,0.3,0.9,0.3,1.3,0l13.5-13.5L27.4,0.3z\"><\/path><\/svg>\t\t\t\t<\/span>\n\t\t\t<\/div>\n\t\t\t\n\t\t\t\t\t\t<div class=\"elementor-icon-box-content\">\n\n\t\t\t\t\t\t\t\t\t<h3 class=\"elementor-icon-box-title\">\n\t\t\t\t\t\t<span  >\n\t\t\t\t\t\t\tLumi\u00e8re verte\t\t\t\t\t\t<\/span>\n\t\t\t\t\t<\/h3>\n\t\t\t\t\n\t\t\t\t\t\t\t\t\t<p class=\"elementor-icon-box-description\">\n\t\t\t\t\t\tFonction cicatrisante et r\u00e9g\u00e9n\u00e9ratrice de la peau.\t\t\t\t\t<\/p>\n\t\t\t\t\n\t\t\t<\/div>\n\t\t\t\n\t\t<\/div>\n\t\t\t\t\t\t<\/div>\n\t\t\t\t<\/div>\n\t\t\t\t<div class=\"elementor-element elementor-element-7d4e027 elementor-position-left elementor-mobile-position-left elementor-view-default elementor-widget elementor-widget-icon-box\" data-id=\"7d4e027\" data-element_type=\"widget\" data-widget_type=\"icon-box.default\">\n\t\t\t\t<div class=\"elementor-widget-container\">\n\t\t\t\t\t\t\t<div class=\"elementor-icon-box-wrapper\">\n\n\t\t\t\t\t\t<div class=\"elementor-icon-box-icon\">\n\t\t\t\t<span  class=\"elementor-icon\">\n\t\t\t\t<svg xmlns=\"http:\/\/www.w3.org\/2000\/svg\" xmlns:xlink=\"http:\/\/www.w3.org\/1999\/xlink\" id=\"Capa_1\" x=\"0px\" y=\"0px\" viewBox=\"0 0 40.9 27.5\" style=\"enable-background:new 0 0 40.9 27.5;\" xml:space=\"preserve\"><style type=\"text\/css\">\t.st0{fill:#122024;}<\/style><path class=\"st0\" d=\"M27.4,0.3c-0.3-0.3-0.9-0.3-1.3,0c-0.3,0.3-0.3,0.9,0,1.3l11.3,11.3H0.9c-0.5,0-0.9,0.4-0.9,0.9 s0.4,0.9,0.9,0.9h36.6L26.2,26c-0.2,0.2-0.3,0.4-0.3,0.6c0,0.2,0.1,0.5,0.3,0.6c0.3,0.3,0.9,0.3,1.3,0l13.5-13.5L27.4,0.3z\"><\/path><\/svg>\t\t\t\t<\/span>\n\t\t\t<\/div>\n\t\t\t\n\t\t\t\t\t\t<div class=\"elementor-icon-box-content\">\n\n\t\t\t\t\t\t\t\t\t<h3 class=\"elementor-icon-box-title\">\n\t\t\t\t\t\t<span  >\n\t\t\t\t\t\t\tLumi\u00e8re c\u00e9leste\t\t\t\t\t\t<\/span>\n\t\t\t\t\t<\/h3>\n\t\t\t\t\n\t\t\t\t\t\t\t\t\t<p class=\"elementor-icon-box-description\">\n\t\t\t\t\t\tRelaxation et apaisement pour les peaux sensibles. \t\t\t\t\t<\/p>\n\t\t\t\t\n\t\t\t<\/div>\n\t\t\t\n\t\t<\/div>\n\t\t\t\t\t\t<\/div>\n\t\t\t\t<\/div>\n\t\t\t\t<div class=\"elementor-element elementor-element-79da201 elementor-position-left elementor-mobile-position-left elementor-view-default elementor-widget elementor-widget-icon-box\" data-id=\"79da201\" data-element_type=\"widget\" data-widget_type=\"icon-box.default\">\n\t\t\t\t<div class=\"elementor-widget-container\">\n\t\t\t\t\t\t\t<div class=\"elementor-icon-box-wrapper\">\n\n\t\t\t\t\t\t<div class=\"elementor-icon-box-icon\">\n\t\t\t\t<span  class=\"elementor-icon\">\n\t\t\t\t<svg xmlns=\"http:\/\/www.w3.org\/2000\/svg\" xmlns:xlink=\"http:\/\/www.w3.org\/1999\/xlink\" id=\"Capa_1\" x=\"0px\" y=\"0px\" viewBox=\"0 0 40.9 27.5\" style=\"enable-background:new 0 0 40.9 27.5;\" xml:space=\"preserve\"><style type=\"text\/css\">\t.st0{fill:#122024;}<\/style><path class=\"st0\" d=\"M27.4,0.3c-0.3-0.3-0.9-0.3-1.3,0c-0.3,0.3-0.3,0.9,0,1.3l11.3,11.3H0.9c-0.5,0-0.9,0.4-0.9,0.9 s0.4,0.9,0.9,0.9h36.6L26.2,26c-0.2,0.2-0.3,0.4-0.3,0.6c0,0.2,0.1,0.5,0.3,0.6c0.3,0.3,0.9,0.3,1.3,0l13.5-13.5L27.4,0.3z\"><\/path><\/svg>\t\t\t\t<\/span>\n\t\t\t<\/div>\n\t\t\t\n\t\t\t\t\t\t<div class=\"elementor-icon-box-content\">\n\n\t\t\t\t\t\t\t\t\t<h3 class=\"elementor-icon-box-title\">\n\t\t\t\t\t\t<span  >\n\t\t\t\t\t\t\tLumi\u00e8re blanche\t\t\t\t\t\t<\/span>\n\t\t\t\t\t<\/h3>\n\t\t\t\t\n\t\t\t\t\t\t\t\t\t<p class=\"elementor-icon-box-description\">\n\t\t\t\t\t\tAide \u00e0 la r\u00e9g\u00e9n\u00e9ration des tissus. \t\t\t\t\t<\/p>\n\t\t\t\t\n\t\t\t<\/div>\n\t\t\t\n\t\t<\/div>\n\t\t\t\t\t\t<\/div>\n\t\t\t\t<\/div>\n\t\t\t\t\t<\/div>\n\t\t<\/div>\n\t\t\t\t<div class=\"elementor-column elementor-col-50 elementor-top-column elementor-element elementor-element-b19b797\" data-id=\"b19b797\" data-element_type=\"column\">\n\t\t\t<div class=\"elementor-widget-wrap elementor-element-populated\">\n\t\t\t\t\t\t<div class=\"elementor-element elementor-element-90d4f19 elementor-widget elementor-widget-image\" data-id=\"90d4f19\" data-element_type=\"widget\" data-widget_type=\"image.default\">\n\t\t\t\t<div class=\"elementor-widget-container\">\n\t\t\t\t\t\t\t\t\t\t\t\t\t\t\t<img fetchpriority=\"high\" decoding=\"async\" width=\"600\" height=\"400\" src=\"https:\/\/centromediconaturae.com\/wp-content\/uploads\/2023\/02\/LEDS.jpg\" class=\"attachment-full size-full wp-image-8133\" alt=\"\" srcset=\"https:\/\/centromediconaturae.com\/wp-content\/uploads\/2023\/02\/LEDS.jpg 600w, https:\/\/centromediconaturae.com\/wp-content\/uploads\/2023\/02\/LEDS-300x200.jpg 300w\" sizes=\"(max-width: 600px) 100vw, 600px\" \/>\t\t\t\t\t\t\t\t\t\t\t\t\t\t\t<\/div>\n\t\t\t\t<\/div>\n\t\t\t\t\t<\/div>\n\t\t<\/div>\n\t\t\t\t\t<\/div>\n\t\t<\/section>\n\t\t\t\t<\/div>\n\t\t","protected":false},"excerpt":{"rendered":"<p>Rajeunissement par phototh\u00e9rapie Th\u00e9rapie LED Les th\u00e9rapies LED repr\u00e9sentent une ressource s\u00fbre, efficace et indolore, qui apporte tonicit\u00e9 et fra\u00eecheur \u00e0 la peau du visage, et constituent une r\u00e9volution dans les soins du visage. La th\u00e9rapie LED est une m\u00e9thode qui emploie la phototh\u00e9rapie afin de rajeunir le tissu \u00e0 travers des ondes conductrices d&rsquo;\u00e9nergie, &hellip;<\/p>\n<p class=\"read-more\"> <a class=\"\" href=\"https:\/\/centromediconaturae.com\/fr\/traitements-esthetiques\/therapie-led\/\"> <span class=\"screen-reader-text\">Th\u00e9rapie LED<\/span> Lire la suite\u00a0\u00bb<\/a><\/p>\n","protected":false},"author":1,"featured_media":0,"parent":7839,"menu_order":0,"comment_status":"closed","ping_status":"closed","template":"","meta":{"site-sidebar-layout":"no-sidebar","site-content-layout":"page-builder","ast-global-header-display":"","ast-main-header-display":"","ast-hfb-above-header-display":"","ast-hfb-below-header-display":"","ast-hfb-mobile-header-display":"","site-post-title":"disabled","ast-breadcrumbs-content":"","ast-featured-img":"disabled","footer-sml-layout":"","theme-transparent-header-meta":"default","adv-header-id-meta":"","stick-header-meta":"","header-above-stick-meta":"","header-main-stick-meta":"","header-below-stick-meta":"","footnotes":""},"class_list":["post-8134","page","type-page","status-publish","hentry"],"yoast_head":"<!-- This site is optimized with the Yoast SEO plugin v20.1 - https:\/\/yoast.com\/wordpress\/plugins\/seo\/ -->\n<title>Th\u00e9rapie LED | Centro M\u00e9dico Naturae<\/title>\n<meta name=\"robots\" content=\"index, follow, max-snippet:-1, max-image-preview:large, max-video-preview:-1\" \/>\n<link rel=\"canonical\" href=\"https:\/\/centromediconaturae.com\/fr\/traitements-esthetiques\/therapie-led\/\" \/>\n<meta property=\"og:locale\" content=\"fr_FR\" \/>\n<meta property=\"og:type\" content=\"article\" \/>\n<meta property=\"og:title\" content=\"Th\u00e9rapie LED | Centro M\u00e9dico Naturae\" \/>\n<meta property=\"og:description\" content=\"Rajeunissement par phototh\u00e9rapie Th\u00e9rapie LED Les th\u00e9rapies LED repr\u00e9sentent une ressource s\u00fbre, efficace et indolore, qui apporte tonicit\u00e9 et fra\u00eecheur \u00e0 la peau du visage, et constituent une r\u00e9volution dans les soins du visage. La th\u00e9rapie LED est une m\u00e9thode qui emploie la phototh\u00e9rapie afin de rajeunir le tissu \u00e0 travers des ondes conductrices d&rsquo;\u00e9nergie, &hellip; Th\u00e9rapie LED Lire la suite\u00a0\u00bb\" \/>\n<meta property=\"og:url\" content=\"https:\/\/centromediconaturae.com\/fr\/traitements-esthetiques\/therapie-led\/\" \/>\n<meta property=\"og:site_name\" content=\"Centro M\u00e9dico Naturae\" \/>\n<meta property=\"article:modified_time\" content=\"2026-01-05T13:37:59+00:00\" \/>\n<meta property=\"og:image\" content=\"https:\/\/centromediconaturae.com\/wp-content\/uploads\/2023\/02\/LEDS.jpg\" \/>\n<meta name=\"twitter:card\" content=\"summary_large_image\" \/>\n<meta name=\"twitter:label1\" content=\"Dur\u00e9e de lecture estim\u00e9e\" \/>\n\t<meta name=\"twitter:data1\" content=\"1 minute\" \/>\n<script type=\"application\/ld+json\" class=\"yoast-schema-graph\">{\"@context\":\"https:\/\/schema.org\",\"@graph\":[{\"@type\":\"WebPage\",\"@id\":\"https:\/\/centromediconaturae.com\/fr\/traitements-esthetiques\/therapie-led\/\",\"url\":\"https:\/\/centromediconaturae.com\/fr\/traitements-esthetiques\/therapie-led\/\",\"name\":\"Th\u00e9rapie LED | Centro M\u00e9dico Naturae\",\"isPartOf\":{\"@id\":\"https:\/\/centromediconaturae.com\/fr\/#website\"},\"datePublished\":\"2023-02-06T09:23:28+00:00\",\"dateModified\":\"2026-01-05T13:37:59+00:00\",\"breadcrumb\":{\"@id\":\"https:\/\/centromediconaturae.com\/fr\/traitements-esthetiques\/therapie-led\/#breadcrumb\"},\"inLanguage\":\"fr-FR\",\"potentialAction\":[{\"@type\":\"ReadAction\",\"target\":[\"https:\/\/centromediconaturae.com\/fr\/traitements-esthetiques\/therapie-led\/\"]}]},{\"@type\":\"BreadcrumbList\",\"@id\":\"https:\/\/centromediconaturae.com\/fr\/traitements-esthetiques\/therapie-led\/#breadcrumb\",\"itemListElement\":[{\"@type\":\"ListItem\",\"position\":1,\"name\":\"Portada\",\"item\":\"https:\/\/centromediconaturae.com\/fr\/\"},{\"@type\":\"ListItem\",\"position\":2,\"name\":\"Traitements esth\u00e9tiques\",\"item\":\"https:\/\/centromediconaturae.com\/fr\/traitements-esthetiques\/\"},{\"@type\":\"ListItem\",\"position\":3,\"name\":\"Th\u00e9rapie LED\"}]},{\"@type\":\"WebSite\",\"@id\":\"https:\/\/centromediconaturae.com\/fr\/#website\",\"url\":\"https:\/\/centromediconaturae.com\/fr\/\",\"name\":\"Centro M\u00e9dico Naturae\",\"description\":\"Medicina Est\u00e9tica Dr. Mikel Garc\u00eda\",\"publisher\":{\"@id\":\"https:\/\/centromediconaturae.com\/fr\/#organization\"},\"potentialAction\":[{\"@type\":\"SearchAction\",\"target\":{\"@type\":\"EntryPoint\",\"urlTemplate\":\"https:\/\/centromediconaturae.com\/fr\/?s={search_term_string}\"},\"query-input\":\"required name=search_term_string\"}],\"inLanguage\":\"fr-FR\"},{\"@type\":\"Organization\",\"@id\":\"https:\/\/centromediconaturae.com\/fr\/#organization\",\"name\":\"Centro M\u00e9dico Naturae\",\"url\":\"https:\/\/centromediconaturae.com\/fr\/\",\"logo\":{\"@type\":\"ImageObject\",\"inLanguage\":\"fr-FR\",\"@id\":\"https:\/\/centromediconaturae.com\/fr\/#\/schema\/logo\/image\/\",\"url\":\"https:\/\/centromediconaturae.com\/wp-content\/uploads\/2022\/09\/Logo-Naturae-claim.svg\",\"contentUrl\":\"https:\/\/centromediconaturae.com\/wp-content\/uploads\/2022\/09\/Logo-Naturae-claim.svg\",\"caption\":\"Centro M\u00e9dico Naturae\"},\"image\":{\"@id\":\"https:\/\/centromediconaturae.com\/fr\/#\/schema\/logo\/image\/\"}}]}<\/script>\n<!-- \/ Yoast SEO plugin. -->","yoast_head_json":{"title":"Th\u00e9rapie LED | Centro M\u00e9dico Naturae","robots":{"index":"index","follow":"follow","max-snippet":"max-snippet:-1","max-image-preview":"max-image-preview:large","max-video-preview":"max-video-preview:-1"},"canonical":"https:\/\/centromediconaturae.com\/fr\/traitements-esthetiques\/therapie-led\/","og_locale":"fr_FR","og_type":"article","og_title":"Th\u00e9rapie LED | Centro M\u00e9dico Naturae","og_description":"Rajeunissement par phototh\u00e9rapie Th\u00e9rapie LED Les th\u00e9rapies LED repr\u00e9sentent une ressource s\u00fbre, efficace et indolore, qui apporte tonicit\u00e9 et fra\u00eecheur \u00e0 la peau du visage, et constituent une r\u00e9volution dans les soins du visage. La th\u00e9rapie LED est une m\u00e9thode qui emploie la phototh\u00e9rapie afin de rajeunir le tissu \u00e0 travers des ondes conductrices d&rsquo;\u00e9nergie, &hellip; Th\u00e9rapie LED Lire la suite\u00a0\u00bb","og_url":"https:\/\/centromediconaturae.com\/fr\/traitements-esthetiques\/therapie-led\/","og_site_name":"Centro M\u00e9dico Naturae","article_modified_time":"2026-01-05T13:37:59+00:00","og_image":[{"url":"https:\/\/centromediconaturae.com\/wp-content\/uploads\/2023\/02\/LEDS.jpg"}],"twitter_card":"summary_large_image","twitter_misc":{"Dur\u00e9e de lecture estim\u00e9e":"1 minute"},"schema":{"@context":"https:\/\/schema.org","@graph":[{"@type":"WebPage","@id":"https:\/\/centromediconaturae.com\/fr\/traitements-esthetiques\/therapie-led\/","url":"https:\/\/centromediconaturae.com\/fr\/traitements-esthetiques\/therapie-led\/","name":"Th\u00e9rapie LED | Centro M\u00e9dico Naturae","isPartOf":{"@id":"https:\/\/centromediconaturae.com\/fr\/#website"},"datePublished":"2023-02-06T09:23:28+00:00","dateModified":"2026-01-05T13:37:59+00:00","breadcrumb":{"@id":"https:\/\/centromediconaturae.com\/fr\/traitements-esthetiques\/therapie-led\/#breadcrumb"},"inLanguage":"fr-FR","potentialAction":[{"@type":"ReadAction","target":["https:\/\/centromediconaturae.com\/fr\/traitements-esthetiques\/therapie-led\/"]}]},{"@type":"BreadcrumbList","@id":"https:\/\/centromediconaturae.com\/fr\/traitements-esthetiques\/therapie-led\/#breadcrumb","itemListElement":[{"@type":"ListItem","position":1,"name":"Portada","item":"https:\/\/centromediconaturae.com\/fr\/"},{"@type":"ListItem","position":2,"name":"Traitements esth\u00e9tiques","item":"https:\/\/centromediconaturae.com\/fr\/traitements-esthetiques\/"},{"@type":"ListItem","position":3,"name":"Th\u00e9rapie LED"}]},{"@type":"WebSite","@id":"https:\/\/centromediconaturae.com\/fr\/#website","url":"https:\/\/centromediconaturae.com\/fr\/","name":"Centro M\u00e9dico Naturae","description":"Medicina Est\u00e9tica Dr. Mikel Garc\u00eda","publisher":{"@id":"https:\/\/centromediconaturae.com\/fr\/#organization"},"potentialAction":[{"@type":"SearchAction","target":{"@type":"EntryPoint","urlTemplate":"https:\/\/centromediconaturae.com\/fr\/?s={search_term_string}"},"query-input":"required name=search_term_string"}],"inLanguage":"fr-FR"},{"@type":"Organization","@id":"https:\/\/centromediconaturae.com\/fr\/#organization","name":"Centro M\u00e9dico Naturae","url":"https:\/\/centromediconaturae.com\/fr\/","logo":{"@type":"ImageObject","inLanguage":"fr-FR","@id":"https:\/\/centromediconaturae.com\/fr\/#\/schema\/logo\/image\/","url":"https:\/\/centromediconaturae.com\/wp-content\/uploads\/2022\/09\/Logo-Naturae-claim.svg","contentUrl":"https:\/\/centromediconaturae.com\/wp-content\/uploads\/2022\/09\/Logo-Naturae-claim.svg","caption":"Centro M\u00e9dico Naturae"},"image":{"@id":"https:\/\/centromediconaturae.com\/fr\/#\/schema\/logo\/image\/"}}]}},"_links":{"self":[{"href":"https:\/\/centromediconaturae.com\/fr\/wp-json\/wp\/v2\/pages\/8134","targetHints":{"allow":["GET"]}}],"collection":[{"href":"https:\/\/centromediconaturae.com\/fr\/wp-json\/wp\/v2\/pages"}],"about":[{"href":"https:\/\/centromediconaturae.com\/fr\/wp-json\/wp\/v2\/types\/page"}],"author":[{"embeddable":true,"href":"https:\/\/centromediconaturae.com\/fr\/wp-json\/wp\/v2\/users\/1"}],"replies":[{"embeddable":true,"href":"https:\/\/centromediconaturae.com\/fr\/wp-json\/wp\/v2\/comments?post=8134"}],"version-history":[{"count":1,"href":"https:\/\/centromediconaturae.com\/fr\/wp-json\/wp\/v2\/pages\/8134\/revisions"}],"predecessor-version":[{"id":8135,"href":"https:\/\/centromediconaturae.com\/fr\/wp-json\/wp\/v2\/pages\/8134\/revisions\/8135"}],"up":[{"embeddable":true,"href":"https:\/\/centromediconaturae.com\/fr\/wp-json\/wp\/v2\/pages\/7839"}],"wp:attachment":[{"href":"https:\/\/centromediconaturae.com\/fr\/wp-json\/wp\/v2\/media?parent=8134"}],"curies":[{"name":"wp","href":"https:\/\/api.w.org\/{rel}","templated":true}]}}