{"id":8138,"date":"2022-09-15T11:03:52","date_gmt":"2022-09-15T11:03:52","guid":{"rendered":"https:\/\/centromediconaturae.com\/mentions-legales\/"},"modified":"2026-01-05T13:39:13","modified_gmt":"2026-01-05T13:39:13","slug":"mentions-legales","status":"publish","type":"page","link":"https:\/\/centromediconaturae.com\/fr\/mentions-legales\/","title":{"rendered":"Mentions l\u00e9gales"},"content":{"rendered":"\t\t<div data-elementor-type=\"wp-page\" data-elementor-id=\"8138\" class=\"elementor elementor-8138 elementor-6674\" data-elementor-post-type=\"page\">\n\t\t\t\t\t\t<section class=\"elementor-section elementor-top-section elementor-element elementor-element-4cc618a elementor-section-boxed elementor-section-height-default elementor-section-height-default\" data-id=\"4cc618a\" data-element_type=\"section\">\n\t\t\t\t\t\t<div class=\"elementor-container elementor-column-gap-default\">\n\t\t\t\t\t<div class=\"elementor-column elementor-col-100 elementor-top-column elementor-element elementor-element-9e200bf\" data-id=\"9e200bf\" data-element_type=\"column\">\n\t\t\t<div class=\"elementor-widget-wrap elementor-element-populated\">\n\t\t\t\t\t\t<div class=\"elementor-element elementor-element-6f15db6 elementor-widget elementor-widget-text-editor\" data-id=\"6f15db6\" data-element_type=\"widget\" data-widget_type=\"text-editor.default\">\n\t\t\t\t<div class=\"elementor-widget-container\">\n\t\t\t\t\t\t\t\t\t<h3>Informations g\u00e9n\u00e9rales<\/h3><p>L&rsquo;adresse https:\/\/centromediconaturae.com\/ (ci-apr\u00e8s le site Web) est un domaine enregistr\u00e9 par CENTRO DE MEDICINA ESTETICA Y BIOLOGICA NATURAE, SLU, titulaire\/responsable), dont le si\u00e8ge social est situ\u00e9 BENJAMIN DE TUDELA 31 BAJO, 31008, PAMPLONA, NAVARRE<\/p><p>Cette page est \u00e0 titre informatif et \u00e0 usage personnel exclusif, dans le but de faciliter la connaissance au public en g\u00e9n\u00e9ral, des produits et services offerts dans l&rsquo;entreprise. L&rsquo;acc\u00e8s au site Web est, en principe, gratuit, sans pr\u00e9judice de ce que la souscription de produits ou services, si cela \u00e9tait facilit\u00e9 \u00e0 un moment donn\u00e9, via le site Web soit soumise \u00e0 une contrepartie \u00e9conomique. <\/p><p>L&rsquo;utilisateur s&rsquo;engage \u00e0 ne pas utiliser le site Web ni les informations qui y sont offertes pour la r\u00e9alisation d&rsquo;activit\u00e9s contraires \u00e0 la loi, \u00e0 la morale ou \u00e0 l&rsquo;ordre public, et \u00e0 respecter les conditions d&rsquo;utilisation \u00e9tablies par le titulaire.<\/p><h3>Propri\u00e9t\u00e9 intellectuelle et industrielle<\/h3><p>L&rsquo;entreprise est titulaire des droits de propri\u00e9t\u00e9 intellectuelle sur le contenu de ce site Web, incluant, \u00e0 titre \u00e9nonciatif et non limitatif, la conception graphique, les codes, les sources, les textes, les images, les vid\u00e9os, les marques, les logos ou les signes distinctifs, ou dispose des autorisations n\u00e9cessaires pour son utilisation.<\/p><p>La modification, la copie, la reproduction, le t\u00e9l\u00e9chargement, la transmission, la distribution ou la transformation des contenus du site Web sont interdits, sauf si l&rsquo;autorisation du titulaire des droits correspondants a \u00e9t\u00e9 obtenue ou si cela est l\u00e9galement autoris\u00e9.<\/p><p>La l\u00e9sion par des tiers des droits de propri\u00e9t\u00e9 intellectuelle ou de tout autre droit sur le contenu de ce site Web, propri\u00e9t\u00e9 du responsable, donnera lieu aux responsabilit\u00e9s l\u00e9galement \u00e9tablies.<\/p><h3>Contenu Web et liens<\/h3><p>Les informations contenues dans ce site Web peuvent ne pas \u00eatre correctes ; par cons\u00e9quent, le titulaire ne se responsabilise pas de tout dommage ou pr\u00e9judice direct ou indirect que pourrait occasionner l&rsquo;exactitude, l&rsquo;int\u00e9grit\u00e9 ou la v\u00e9racit\u00e9 de ces informations, ni de l&rsquo;utilisation par des tiers du contenu de ce site Web, ni des \u00e9ventuelles erreurs dans l&rsquo;acc\u00e8s \u00e0 celui-ci. En m\u00eame temps, le titulaire se r\u00e9serve le droit de suspendre temporairement l&rsquo;accessibilit\u00e9 au site Web lorsque cela est n\u00e9cessaire, sans n\u00e9cessit\u00e9 de pr\u00e9avis. <\/p><p>Ce site Web contient des liens vers des pages externes, le titulaire n&rsquo;\u00e9tant pas responsable des contenus de ces pages (\u00e9tant de la responsabilit\u00e9 de l&rsquo;utilisateur, de se r\u00e9gir par les termes et conditions d&rsquo;utilisation des pages consult\u00e9es) ni du mauvais usage ni des activit\u00e9s contraires \u00e0 la loi, \u00e0 la morale ou \u00e0 l&rsquo;ordre public que r\u00e9aliseraient les utilisateurs sur ces pages. En m\u00eame temps, l&rsquo;\u00e9tablissement de tout hyperlien depuis une page Web devra s&rsquo;effectuer vers la page principale du site Web, la reproduction ni totale ni partielle d&rsquo;aucun des services contenus dans le site Web du titulaire \u00e9tant interdite. <\/p><h3>Modification des termes et conditions d&rsquo;utilisation<\/h3><p>Les pr\u00e9sentes conditions g\u00e9n\u00e9rales et les particuli\u00e8res qui \u00e9ventuellement pourraient \u00eatre \u00e9tablies, et avec la r\u00e9daction qu&rsquo;elles pr\u00e9sentent \u00e0 chaque moment, ont une dur\u00e9e ind\u00e9finie, et resteront en vigueur tant que le portail continuera actif. Le titulaire du Web se r\u00e9serve dans tous les cas le droit unilat\u00e9ral de modifier les conditions d&rsquo;acc\u00e8s \u00e0 celles-ci, ainsi que leur contenu. <\/p><h3>L\u00e9gislation et juridiction applicables<\/h3><p>Les pr\u00e9sentes conditions d&rsquo;utilisation sont r\u00e9gies par la loi espagnole, les parties convenant de se soumettre \u00e0 la juridiction des Juges et Tribunaux de Navarre, en cas de litige ou controverse li\u00e9e \u00e0 l&rsquo;application ou \u00e0 l&rsquo;interpr\u00e9tation de celles-ci.\u201d<\/p>\t\t\t\t\t\t\t\t<\/div>\n\t\t\t\t<\/div>\n\t\t\t\t\t<\/div>\n\t\t<\/div>\n\t\t\t\t\t<\/div>\n\t\t<\/section>\n\t\t\t\t<\/div>\n\t\t","protected":false},"excerpt":{"rendered":"<p>Informations g\u00e9n\u00e9rales L&rsquo;adresse https:\/\/centromediconaturae.com\/ (ci-apr\u00e8s le site Web) est un domaine enregistr\u00e9 par CENTRO DE MEDICINA ESTETICA Y BIOLOGICA NATURAE, SLU, titulaire\/responsable), dont le si\u00e8ge social est situ\u00e9 BENJAMIN DE TUDELA 31 BAJO, 31008, PAMPLONA, NAVARRE Cette page est \u00e0 titre informatif et \u00e0 usage personnel exclusif, dans le but de faciliter la connaissance au &hellip;<\/p>\n<p class=\"read-more\"> <a class=\"\" href=\"https:\/\/centromediconaturae.com\/fr\/mentions-legales\/\"> <span class=\"screen-reader-text\">Mentions l\u00e9gales<\/span> Lire la suite\u00a0\u00bb<\/a><\/p>\n","protected":false},"author":1,"featured_media":0,"parent":0,"menu_order":0,"comment_status":"closed","ping_status":"closed","template":"","meta":{"site-sidebar-layout":"no-sidebar","site-content-layout":"page-builder","ast-global-header-display":"","ast-main-header-display":"","ast-hfb-above-header-display":"","ast-hfb-below-header-display":"","ast-hfb-mobile-header-display":"","site-post-title":"disabled","ast-breadcrumbs-content":"","ast-featured-img":"disabled","footer-sml-layout":"","theme-transparent-header-meta":"","adv-header-id-meta":"","stick-header-meta":"","header-above-stick-meta":"","header-main-stick-meta":"","header-below-stick-meta":"","footnotes":""},"class_list":["post-8138","page","type-page","status-publish","hentry"],"yoast_head":"<!-- This site is optimized with the Yoast SEO plugin v20.1 - https:\/\/yoast.com\/wordpress\/plugins\/seo\/ -->\n<title>Mentions l\u00e9gales | Centro M\u00e9dico Naturae<\/title>\n<meta name=\"robots\" content=\"index, follow, max-snippet:-1, max-image-preview:large, max-video-preview:-1\" \/>\n<link rel=\"canonical\" href=\"https:\/\/centromediconaturae.com\/fr\/mentions-legales\/\" \/>\n<meta property=\"og:locale\" content=\"fr_FR\" \/>\n<meta property=\"og:type\" content=\"article\" \/>\n<meta property=\"og:title\" content=\"Mentions l\u00e9gales | Centro M\u00e9dico Naturae\" \/>\n<meta property=\"og:description\" content=\"Informations g\u00e9n\u00e9rales L&rsquo;adresse https:\/\/centromediconaturae.com\/ (ci-apr\u00e8s le site Web) est un domaine enregistr\u00e9 par CENTRO DE MEDICINA ESTETICA Y BIOLOGICA NATURAE, SLU, titulaire\/responsable), dont le si\u00e8ge social est situ\u00e9 BENJAMIN DE TUDELA 31 BAJO, 31008, PAMPLONA, NAVARRE Cette page est \u00e0 titre informatif et \u00e0 usage personnel exclusif, dans le but de faciliter la connaissance au &hellip; Mentions l\u00e9gales Lire la suite\u00a0\u00bb\" \/>\n<meta property=\"og:url\" content=\"https:\/\/centromediconaturae.com\/fr\/mentions-legales\/\" \/>\n<meta property=\"og:site_name\" content=\"Centro M\u00e9dico Naturae\" \/>\n<meta property=\"article:modified_time\" content=\"2026-01-05T13:39:13+00:00\" \/>\n<meta name=\"twitter:card\" content=\"summary_large_image\" \/>\n<meta name=\"twitter:label1\" content=\"Dur\u00e9e de lecture estim\u00e9e\" \/>\n\t<meta name=\"twitter:data1\" content=\"3 minutes\" \/>\n<script type=\"application\/ld+json\" class=\"yoast-schema-graph\">{\"@context\":\"https:\/\/schema.org\",\"@graph\":[{\"@type\":\"WebPage\",\"@id\":\"https:\/\/centromediconaturae.com\/fr\/mentions-legales\/\",\"url\":\"https:\/\/centromediconaturae.com\/fr\/mentions-legales\/\",\"name\":\"Mentions l\u00e9gales | Centro M\u00e9dico Naturae\",\"isPartOf\":{\"@id\":\"https:\/\/centromediconaturae.com\/fr\/#website\"},\"datePublished\":\"2022-09-15T11:03:52+00:00\",\"dateModified\":\"2026-01-05T13:39:13+00:00\",\"breadcrumb\":{\"@id\":\"https:\/\/centromediconaturae.com\/fr\/mentions-legales\/#breadcrumb\"},\"inLanguage\":\"fr-FR\",\"potentialAction\":[{\"@type\":\"ReadAction\",\"target\":[\"https:\/\/centromediconaturae.com\/fr\/mentions-legales\/\"]}]},{\"@type\":\"BreadcrumbList\",\"@id\":\"https:\/\/centromediconaturae.com\/fr\/mentions-legales\/#breadcrumb\",\"itemListElement\":[{\"@type\":\"ListItem\",\"position\":1,\"name\":\"Portada\",\"item\":\"https:\/\/centromediconaturae.com\/fr\/\"},{\"@type\":\"ListItem\",\"position\":2,\"name\":\"Mentions l\u00e9gales\"}]},{\"@type\":\"WebSite\",\"@id\":\"https:\/\/centromediconaturae.com\/fr\/#website\",\"url\":\"https:\/\/centromediconaturae.com\/fr\/\",\"name\":\"Centro M\u00e9dico Naturae\",\"description\":\"Medicina Est\u00e9tica Dr. Mikel Garc\u00eda\",\"publisher\":{\"@id\":\"https:\/\/centromediconaturae.com\/fr\/#organization\"},\"potentialAction\":[{\"@type\":\"SearchAction\",\"target\":{\"@type\":\"EntryPoint\",\"urlTemplate\":\"https:\/\/centromediconaturae.com\/fr\/?s={search_term_string}\"},\"query-input\":\"required name=search_term_string\"}],\"inLanguage\":\"fr-FR\"},{\"@type\":\"Organization\",\"@id\":\"https:\/\/centromediconaturae.com\/fr\/#organization\",\"name\":\"Centro M\u00e9dico Naturae\",\"url\":\"https:\/\/centromediconaturae.com\/fr\/\",\"logo\":{\"@type\":\"ImageObject\",\"inLanguage\":\"fr-FR\",\"@id\":\"https:\/\/centromediconaturae.com\/fr\/#\/schema\/logo\/image\/\",\"url\":\"https:\/\/centromediconaturae.com\/wp-content\/uploads\/2022\/09\/Logo-Naturae-claim.svg\",\"contentUrl\":\"https:\/\/centromediconaturae.com\/wp-content\/uploads\/2022\/09\/Logo-Naturae-claim.svg\",\"caption\":\"Centro M\u00e9dico Naturae\"},\"image\":{\"@id\":\"https:\/\/centromediconaturae.com\/fr\/#\/schema\/logo\/image\/\"}}]}<\/script>\n<!-- \/ Yoast SEO plugin. -->","yoast_head_json":{"title":"Mentions l\u00e9gales | Centro M\u00e9dico Naturae","robots":{"index":"index","follow":"follow","max-snippet":"max-snippet:-1","max-image-preview":"max-image-preview:large","max-video-preview":"max-video-preview:-1"},"canonical":"https:\/\/centromediconaturae.com\/fr\/mentions-legales\/","og_locale":"fr_FR","og_type":"article","og_title":"Mentions l\u00e9gales | Centro M\u00e9dico Naturae","og_description":"Informations g\u00e9n\u00e9rales L&rsquo;adresse https:\/\/centromediconaturae.com\/ (ci-apr\u00e8s le site Web) est un domaine enregistr\u00e9 par CENTRO DE MEDICINA ESTETICA Y BIOLOGICA NATURAE, SLU, titulaire\/responsable), dont le si\u00e8ge social est situ\u00e9 BENJAMIN DE TUDELA 31 BAJO, 31008, PAMPLONA, NAVARRE Cette page est \u00e0 titre informatif et \u00e0 usage personnel exclusif, dans le but de faciliter la connaissance au &hellip; Mentions l\u00e9gales Lire la suite\u00a0\u00bb","og_url":"https:\/\/centromediconaturae.com\/fr\/mentions-legales\/","og_site_name":"Centro M\u00e9dico Naturae","article_modified_time":"2026-01-05T13:39:13+00:00","twitter_card":"summary_large_image","twitter_misc":{"Dur\u00e9e de lecture estim\u00e9e":"3 minutes"},"schema":{"@context":"https:\/\/schema.org","@graph":[{"@type":"WebPage","@id":"https:\/\/centromediconaturae.com\/fr\/mentions-legales\/","url":"https:\/\/centromediconaturae.com\/fr\/mentions-legales\/","name":"Mentions l\u00e9gales | Centro M\u00e9dico Naturae","isPartOf":{"@id":"https:\/\/centromediconaturae.com\/fr\/#website"},"datePublished":"2022-09-15T11:03:52+00:00","dateModified":"2026-01-05T13:39:13+00:00","breadcrumb":{"@id":"https:\/\/centromediconaturae.com\/fr\/mentions-legales\/#breadcrumb"},"inLanguage":"fr-FR","potentialAction":[{"@type":"ReadAction","target":["https:\/\/centromediconaturae.com\/fr\/mentions-legales\/"]}]},{"@type":"BreadcrumbList","@id":"https:\/\/centromediconaturae.com\/fr\/mentions-legales\/#breadcrumb","itemListElement":[{"@type":"ListItem","position":1,"name":"Portada","item":"https:\/\/centromediconaturae.com\/fr\/"},{"@type":"ListItem","position":2,"name":"Mentions l\u00e9gales"}]},{"@type":"WebSite","@id":"https:\/\/centromediconaturae.com\/fr\/#website","url":"https:\/\/centromediconaturae.com\/fr\/","name":"Centro M\u00e9dico Naturae","description":"Medicina Est\u00e9tica Dr. Mikel Garc\u00eda","publisher":{"@id":"https:\/\/centromediconaturae.com\/fr\/#organization"},"potentialAction":[{"@type":"SearchAction","target":{"@type":"EntryPoint","urlTemplate":"https:\/\/centromediconaturae.com\/fr\/?s={search_term_string}"},"query-input":"required name=search_term_string"}],"inLanguage":"fr-FR"},{"@type":"Organization","@id":"https:\/\/centromediconaturae.com\/fr\/#organization","name":"Centro M\u00e9dico Naturae","url":"https:\/\/centromediconaturae.com\/fr\/","logo":{"@type":"ImageObject","inLanguage":"fr-FR","@id":"https:\/\/centromediconaturae.com\/fr\/#\/schema\/logo\/image\/","url":"https:\/\/centromediconaturae.com\/wp-content\/uploads\/2022\/09\/Logo-Naturae-claim.svg","contentUrl":"https:\/\/centromediconaturae.com\/wp-content\/uploads\/2022\/09\/Logo-Naturae-claim.svg","caption":"Centro M\u00e9dico Naturae"},"image":{"@id":"https:\/\/centromediconaturae.com\/fr\/#\/schema\/logo\/image\/"}}]}},"_links":{"self":[{"href":"https:\/\/centromediconaturae.com\/fr\/wp-json\/wp\/v2\/pages\/8138","targetHints":{"allow":["GET"]}}],"collection":[{"href":"https:\/\/centromediconaturae.com\/fr\/wp-json\/wp\/v2\/pages"}],"about":[{"href":"https:\/\/centromediconaturae.com\/fr\/wp-json\/wp\/v2\/types\/page"}],"author":[{"embeddable":true,"href":"https:\/\/centromediconaturae.com\/fr\/wp-json\/wp\/v2\/users\/1"}],"replies":[{"embeddable":true,"href":"https:\/\/centromediconaturae.com\/fr\/wp-json\/wp\/v2\/comments?post=8138"}],"version-history":[{"count":1,"href":"https:\/\/centromediconaturae.com\/fr\/wp-json\/wp\/v2\/pages\/8138\/revisions"}],"predecessor-version":[{"id":8139,"href":"https:\/\/centromediconaturae.com\/fr\/wp-json\/wp\/v2\/pages\/8138\/revisions\/8139"}],"wp:attachment":[{"href":"https:\/\/centromediconaturae.com\/fr\/wp-json\/wp\/v2\/media?parent=8138"}],"curies":[{"name":"wp","href":"https:\/\/api.w.org\/{rel}","templated":true}]}}